{"id":2615,"date":"2021-01-27T22:11:42","date_gmt":"2021-01-27T21:11:42","guid":{"rendered":"https:\/\/www.moebel.org\/cms\/?post_type=product&#038;p=2615"},"modified":"2022-12-29T16:15:51","modified_gmt":"2022-12-29T15:15:51","slug":"vitrine-nice-s39","status":"publish","type":"product","link":"https:\/\/www.moebel.org\/cms\/produkt\/vitrine-nice-s39\/","title":{"rendered":"Vitrine Nice S39 mit Beleuchtung"},"content":{"rendered":"<p><strong>Vitrinen <\/strong>Nice S39 inkl. bereits eingebauter Beleuchtung (3 Spots).<\/p>\n<p>Vitrine aus Glas \/ Alu, Versand auf Palette oder Abholung im Lager m\u00f6glich. Diese Glasvitrine ist versperrbar (mit Zylinderschloss), zwei Schl\u00fcssel und drei Fachb\u00f6den (in der H\u00f6he verstellbar) aus Glas inklusive. T\u00fcr mit Dichtung (weitgehend staubdicht).&nbsp;<\/p>\n<p><a href=\"https:\/\/www.moebel.org\/cms\/kontaktformular\/\" target=\"_blank\" rel=\"noopener\"><strong><span style=\"color: #d75e11;\">Kontakt \/ Anfrage<\/span><\/strong><\/a><\/p>\n","protected":false},"excerpt":{"rendered":"<p><strong>Standvitrine<\/strong> Nice S39 mit ESG-Glas, Dreht\u00fcr, 3 B\u00f6den,<\/p>\n<p>434 x 1740 x 434 mm<\/p>\n<p>S\u00e4ulenvitrine aus Glas mit Rahmen aus Aluminium<\/p>\n<p><a href=\"https:\/\/www.moebel.org\/cms\/kontaktformular\/\" target=\"_blank\" rel=\"noopener\"><strong><span style=\"color: #d75e11;\">Kontakt \/ Anfrage<\/span><\/strong><\/a><\/p>\n","protected":false},"featured_media":2677,"template":"","meta":{"ngg_post_thumbnail":0},"product_brand":[],"product_cat":[83],"product_tag":[391,267,394,395,398,397,408,390,410,392,393,263,409,404,405,401,400,399,406,396,402,403,388,389,407],"class_list":{"0":"post-2615","1":"product","2":"type-product","3":"status-publish","4":"has-post-thumbnail","6":"product_cat-vitrinen-glasvitrinen","7":"product_tag-alu","8":"product_tag-aluminium","9":"product_tag-ausstellungsvitrine","10":"product_tag-ausstellungsvitrinen","11":"product_tag-beleuchtung","12":"product_tag-esg","13":"product_tag-faecher","14":"product_tag-glas","15":"product_tag-glasfaecher","16":"product_tag-glasvitrine","17":"product_tag-glasvitrinen","18":"product_tag-hoehenverstellbar","19":"product_tag-hoehenverstellbare","20":"product_tag-lampe","21":"product_tag-lampen","22":"product_tag-led","23":"product_tag-licht","24":"product_tag-niedervoltbeleuchtung","25":"product_tag-schloss","26":"product_tag-sicherheitsglas","27":"product_tag-spot","28":"product_tag-spots","29":"product_tag-vitrine","30":"product_tag-vitrinen","31":"product_tag-zylinderschloss","32":"product_shipping_class-spedition","34":"first","35":"instock","36":"sale","37":"taxable","38":"shipping-taxable","39":"purchasable","40":"product-type-simple"},"_links":{"self":[{"href":"https:\/\/www.moebel.org\/cms\/wp-json\/wp\/v2\/product\/2615","targetHints":{"allow":["GET"]}}],"collection":[{"href":"https:\/\/www.moebel.org\/cms\/wp-json\/wp\/v2\/product"}],"about":[{"href":"https:\/\/www.moebel.org\/cms\/wp-json\/wp\/v2\/types\/product"}],"wp:featuredmedia":[{"embeddable":true,"href":"https:\/\/www.moebel.org\/cms\/wp-json\/wp\/v2\/media\/2677"}],"wp:attachment":[{"href":"https:\/\/www.moebel.org\/cms\/wp-json\/wp\/v2\/media?parent=2615"}],"wp:term":[{"taxonomy":"product_brand","embeddable":true,"href":"https:\/\/www.moebel.org\/cms\/wp-json\/wp\/v2\/product_brand?post=2615"},{"taxonomy":"product_cat","embeddable":true,"href":"https:\/\/www.moebel.org\/cms\/wp-json\/wp\/v2\/product_cat?post=2615"},{"taxonomy":"product_tag","embeddable":true,"href":"https:\/\/www.moebel.org\/cms\/wp-json\/wp\/v2\/product_tag?post=2615"}],"curies":[{"name":"wp","href":"https:\/\/api.w.org\/{rel}","templated":true}]}}