{"id":2583,"date":"2021-01-26T18:28:23","date_gmt":"2021-01-26T17:28:23","guid":{"rendered":"https:\/\/www.moebel.org\/cms\/?post_type=product&#038;p=2583"},"modified":"2025-12-17T13:52:07","modified_gmt":"2025-12-17T12:52:07","slug":"klapptischgestell-fortissimo","status":"publish","type":"product","link":"https:\/\/www.moebel.org\/cms\/produkt\/klapptischgestell-fortissimo\/","title":{"rendered":"Klapptischgestell Fortissimo (F1), ohne Tischplatte"},"content":{"rendered":"<p><strong>Klapptisch-Untergestell<\/strong> Mod. &#8220;Fortissimo (<strong>F 1<\/strong>)&#8221;, f\u00fcr stapelbare Klapptische. Set bzw. Garnitur f\u00fcr 1 Tisch (bestehend aus 2 Teilen).&nbsp;<\/p>\n<ul>\n<li>PVC-Gleiter<\/li>\n<li>stapelbar<\/li>\n<li>preiswert<\/li>\n<\/ul>\n<p>Fu\u00dfbreite 596 mm, Rohr-\u00f8 25 mm,<\/p>\n<p>F\u00fc\u00dfe mit h\u00f6henverstellbaren PVC-Gleitern. H\u00f6he 710 mm, f\u00fcr Tischplattengr\u00f6\u00dfe min. 1200 x 700mm (Gr\u00f6\u00dfe bitte beim Bestellen angeben), max. 1800 x 900mm<\/p>\n<p>Auch mit diesen Klapptischgestellen sind Ihre Tische <strong>stapelbar<\/strong>! Der Unterschied zum Modell <a href=\"https:\/\/www.moebel.org\/cms\/produkt\/klapptischgestell-pianissimo-ohne-tischplatte\/\" target=\"_blank\" rel=\"noopener\"><span style=\"color: #d75e11;\">Pianissimo (F2)<\/span><\/a> liegt in der Form der Tischbeine.<\/p>\n<p>Optional: <a href=\"https:\/\/www.moebel.org\/cms\/produkt\/rollen-raeder-fuer-klapptischgestelle\/\">Rollen \/ R\u00e4der<\/a> (Sonderma\u00df in der H\u00f6he n\u00f6tig, falls das Tischgestell nicht h\u00f6her als 710 mm sein soll). Das Klapptischgestell &#8220;Fortissimo F1&#8221; mit Sonderma\u00df (-60mm Gestell) und Rollen finden Sie <a href=\"https:\/\/www.moebel.org\/cms\/produkt\/klapptischgestell-fortissimo-f1-mit-rollen\/\">hier<\/a>.<\/p>\n<p>Der Preis ist f\u00fcr <strong>Kleinmengen <\/strong>(sofern lagernd)!<\/p>\n<p>Siehe auch <a style=\"color: #d75e11;\" href=\"https:\/\/www.moebel.org\/cms\/produkt\/klapptischgestell-stapelbar-fortissimo-f1-big\">Fortissimo (F1) BIG,<\/a> gleiche Ausf\u00fchrung aber f\u00fcr breitere Tischplatten.<\/p>\n<p>Gr\u00f6\u00dfere Mengen auf Anfrage:<\/p>\n<p>| <a href=\"https:\/\/www.moebel.org\/cms\/kontaktformular\/\" target=\"_blank\" rel=\"noopener\"><span style=\"color: #d75e11;\">Kontakt<\/span><\/a> | <a href=\"https:\/\/www.moebel.org\/cms\/produkt-kategorie\/tische-tischgestelle\/\"><span style=\"color: #d75e11;\">Tische \u00dcbersicht <\/span><\/a>| <a href=\"https:\/\/www.moebel.org\/cms\/shop\/\" target=\"_top\" rel=\"noopener\"><span style=\"color: #d75e11;\">Shop Startseite<\/span><\/a> |<\/p>\n","protected":false},"excerpt":{"rendered":"<p>Stapelbares <strong>Klapptisch-Gestell<\/strong> Mod. &#8220;Fortissimo (F1)&#8221;.<br \/>\nH\u00f6he 710 mm.<br \/>\nF\u00fcr Tischplattengr\u00f6\u00dfe min. 1200 x 700mm, max. 1800 x 900mm (Gr\u00f6\u00dfe bitte bei Anfragen angeben).<\/p>\n<p>Siehe auch <a style=\"color: #d75e11;\" href=\"https:\/\/www.moebel.org\/cms\/produkt\/klapptischgestell-stapelbar-fortissimo-f1-big\">Fortissimo (F1) BIG,<\/a> gleiche Ausf\u00fchrung aber f\u00fcr breitere Tischplatten.<\/p>\n<p>Der Preis ist f\u00fcr <strong>Kleinmengen <\/strong>(sofern lagernd)!<\/p>\n<p>Gr\u00f6\u00dfere Mengen auf Anfrage:<br \/>\n<a href=\"https:\/\/www.moebel.org\/cms\/kontaktformular\/\" target=\"_blank\" rel=\"noopener\"><strong><span style=\"color: #d75e11;\">Kontakt<\/span><\/strong><\/a><\/p>\n","protected":false},"featured_media":2590,"template":"","meta":{"ngg_post_thumbnail":0},"product_brand":[],"product_cat":[82],"product_tag":[272,271,208,219,220,225,217,218,226,215,216,222,209,254,729,221,227,228,229,230,223],"class_list":{"0":"post-2583","1":"product","2":"type-product","3":"status-publish","4":"has-post-thumbnail","6":"product_cat-klapptische-klapptischgestelle","7":"product_tag-chrom","8":"product_tag-eisen","9":"product_tag-farbig","10":"product_tag-gestell","11":"product_tag-gestelle","12":"product_tag-klapptisch","13":"product_tag-klapptisch-gestell","14":"product_tag-klapptisch-gestelle","15":"product_tag-klapptische","16":"product_tag-klapptischgestell","17":"product_tag-klapptischgestelle","18":"product_tag-metall","19":"product_tag-ral","20":"product_tag-schwarz","21":"product_tag-sondermass","22":"product_tag-stahl","23":"product_tag-tisch","24":"product_tag-tische","25":"product_tag-tischgestell","26":"product_tag-tischgestelle","27":"product_tag-verchromt","28":"product_shipping_class-paket-xl-bis-gurtmass","30":"first","31":"instock","32":"sale","33":"taxable","34":"shipping-taxable","35":"purchasable","36":"product-type-variable"},"_links":{"self":[{"href":"https:\/\/www.moebel.org\/cms\/wp-json\/wp\/v2\/product\/2583","targetHints":{"allow":["GET"]}}],"collection":[{"href":"https:\/\/www.moebel.org\/cms\/wp-json\/wp\/v2\/product"}],"about":[{"href":"https:\/\/www.moebel.org\/cms\/wp-json\/wp\/v2\/types\/product"}],"wp:featuredmedia":[{"embeddable":true,"href":"https:\/\/www.moebel.org\/cms\/wp-json\/wp\/v2\/media\/2590"}],"wp:attachment":[{"href":"https:\/\/www.moebel.org\/cms\/wp-json\/wp\/v2\/media?parent=2583"}],"wp:term":[{"taxonomy":"product_brand","embeddable":true,"href":"https:\/\/www.moebel.org\/cms\/wp-json\/wp\/v2\/product_brand?post=2583"},{"taxonomy":"product_cat","embeddable":true,"href":"https:\/\/www.moebel.org\/cms\/wp-json\/wp\/v2\/product_cat?post=2583"},{"taxonomy":"product_tag","embeddable":true,"href":"https:\/\/www.moebel.org\/cms\/wp-json\/wp\/v2\/product_tag?post=2583"}],"curies":[{"name":"wp","href":"https:\/\/api.w.org\/{rel}","templated":true}]}}