{"id":2575,"date":"2021-01-26T16:59:41","date_gmt":"2021-01-26T15:59:41","guid":{"rendered":"https:\/\/www.moebel.org\/cms\/?post_type=product&#038;p=2575"},"modified":"2025-11-24T18:07:29","modified_gmt":"2025-11-24T17:07:29","slug":"f4-klapp-fuesse-klapptisch-beine-tischbeine-klappbar","status":"publish","type":"product","link":"https:\/\/www.moebel.org\/cms\/produkt\/f4-klapp-fuesse-klapptisch-beine-tischbeine-klappbar\/","title":{"rendered":"Klappf\u00fc\u00dfe &#8220;Andrea F4&#8221;, Klapptischbeine, Tischbeine klappbar"},"content":{"rendered":"<p><strong>Einzelne Klappf\u00fc\u00dfe,<\/strong> klappbare Tischbeine \/ Tischf\u00fc\u00dfe Mod. Andrea F4.<\/p>\n<p>L\u00e4nge 710 mm, Stahl verchromt oder lackiert (schwarz, wei\u00df, grau,&#8230;). Mit Abstandshalter als Stapelschutz f\u00fcr die Tischplatten (beim Stapeln der Tische im Lager).<\/p>\n<p>Diese Beine werden <strong>einzeln<\/strong> verkauft und k\u00f6nnen verwendet werden f\u00fcr Tische mit 4 Beinen oder f\u00fcr Tischplatten die hochklappbar an einer Wand montiert werden.&nbsp;<\/p>\n<p>Gleiter \/ Verstellgleiter zur H\u00f6henregulierung (bis ca. 35 mm) zum Ausgleich von Bodenunebenheiten.<\/p>\n<p>In verchromter Ausf\u00fchrung sind diese Tischbeine meist lagernd, ansonsten Farben auf Anfrage (03 Schwarz, 3D Schwarz matt, 02 Wei\u00df, 09 Aluminium-Grau, 28 Graphit, 45 Umbrisch-Grau, 9D Dunkelgrau matt, 53 Champagne, 23 Corten, 33 roh).<\/p>\n<p>Der Preis ist f\u00fcr Kleinmengen, gr\u00f6\u00dfere Mengen auch auf Anfrage:<\/p>\n<p>| <a href=\"https:\/\/www.moebel.org\/cms\/kontaktformular\/\" target=\"_blank\" rel=\"noopener\"><span style=\"color: #d75e11;\">Kontakt<\/span><\/a> | <a href=\"https:\/\/www.moebel.org\/cms\/produkt-kategorie\/tische-tischgestelle\/\"><span style=\"color: #d75e11;\">Tische \u00dcbersicht <\/span><\/a>| <a href=\"https:\/\/www.moebel.org\/cms\/shop\/\" target=\"_top\" rel=\"noopener\"><span style=\"color: #d75e11;\">Shop Startseite<\/span><\/a> |<\/p>\n","protected":false},"excerpt":{"rendered":"<p><strong>Klappbare Tischbeine<\/strong>, einzelne Tischf\u00fc\u00dfe (Klappf\u00fc\u00dfe).<\/p>\n<p>L\u00e4nge 710 mm, verchromt oder lackiert (schwarz, wei\u00df, grau,&#8230;).<\/p>\n<p>In verchromter Ausf\u00fchrung sind diese Tischbeine in der Regel lagernd, der Preis ist f\u00fcr <strong>Kleinmengen<\/strong>! Gr\u00f6\u00dfere Mengen auf Anfrage:<br \/>\n<a href=\"https:\/\/www.moebel.org\/cms\/kontaktformular\/\" target=\"_blank\" rel=\"noopener\"><strong><span style=\"color: #d75e11;\">Kontakt<\/span><\/strong><\/a><\/p>\n","protected":false},"featured_media":4869,"template":"","meta":{"ngg_post_thumbnail":0},"product_brand":[],"product_cat":[88,82,118,81],"product_tag":[425,426,272,271,208,423,424,656,658,277,427,428,222,254,221,227,317,318,228,319,320,223,657],"class_list":{"0":"post-2575","1":"product","2":"type-product","3":"status-publish","4":"has-post-thumbnail","6":"product_cat-esstische","7":"product_cat-klapptische-klapptischgestelle","8":"product_cat-tischbeine-einzeln-starr","9":"product_cat-tischbeine-tischfuesse-klappbar-klappfuesse","10":"product_tag-bein","11":"product_tag-beine","12":"product_tag-chrom","13":"product_tag-eisen","14":"product_tag-farbig","15":"product_tag-fuss","16":"product_tag-fuesse","17":"product_tag-gleiter","18":"product_tag-hoehenregulierung","19":"product_tag-klappbar","20":"product_tag-klappfuss","21":"product_tag-klappfuesse","22":"product_tag-metall","23":"product_tag-schwarz","24":"product_tag-stahl","25":"product_tag-tisch","26":"product_tag-tischbein","27":"product_tag-tischbeine","28":"product_tag-tische","29":"product_tag-tischfuss","30":"product_tag-tischfuesse","31":"product_tag-verchromt","32":"product_tag-verstellgleiter","33":"product_shipping_class-paket-xl-bis-gurtmass","35":"first","36":"instock","37":"sale","38":"taxable","39":"shipping-taxable","40":"purchasable","41":"product-type-variable"},"_links":{"self":[{"href":"https:\/\/www.moebel.org\/cms\/wp-json\/wp\/v2\/product\/2575","targetHints":{"allow":["GET"]}}],"collection":[{"href":"https:\/\/www.moebel.org\/cms\/wp-json\/wp\/v2\/product"}],"about":[{"href":"https:\/\/www.moebel.org\/cms\/wp-json\/wp\/v2\/types\/product"}],"wp:featuredmedia":[{"embeddable":true,"href":"https:\/\/www.moebel.org\/cms\/wp-json\/wp\/v2\/media\/4869"}],"wp:attachment":[{"href":"https:\/\/www.moebel.org\/cms\/wp-json\/wp\/v2\/media?parent=2575"}],"wp:term":[{"taxonomy":"product_brand","embeddable":true,"href":"https:\/\/www.moebel.org\/cms\/wp-json\/wp\/v2\/product_brand?post=2575"},{"taxonomy":"product_cat","embeddable":true,"href":"https:\/\/www.moebel.org\/cms\/wp-json\/wp\/v2\/product_cat?post=2575"},{"taxonomy":"product_tag","embeddable":true,"href":"https:\/\/www.moebel.org\/cms\/wp-json\/wp\/v2\/product_tag?post=2575"}],"curies":[{"name":"wp","href":"https:\/\/api.w.org\/{rel}","templated":true}]}}