{"id":2553,"date":"2021-01-26T11:48:21","date_gmt":"2021-01-26T10:48:21","guid":{"rendered":"https:\/\/www.moebel.org\/cms\/?post_type=product&#038;p=2553"},"modified":"2026-01-16T09:08:06","modified_gmt":"2026-01-16T08:08:06","slug":"barhockersitz-elena-kunstleder","status":"publish","type":"product","link":"https:\/\/www.moebel.org\/cms\/produkt\/barhockersitz-elena-kunstleder\/","title":{"rendered":"Barhockersitz Mod. &#8220;ELENA&#8221;, Sitz mit Kunstleder"},"content":{"rendered":"<p><strong>Sitze <\/strong>f\u00fcr <strong>Barhocker<\/strong>, mit Kunstleder \/ Skai!<br \/>\nBarhockersitz <strong>Mod. &#8220;Elena&#8221;!<\/strong><br \/>\nEurop\u00e4ische Qualit\u00e4t, flexibel in der Farbe und in den Abmessungen, super Qualit\u00e4t und sch\u00f6ne Verarbeitung und trotzdem preisg\u00fcnstig.<br \/>\nSitz mit Kunstleder, Standard-Durchmesser ist ca. 33 cm (auch mit 36 cm teilweise lagernd), H\u00f6he ca. 7 cm (ca. 2 cm Platte und 5 cm Schaumstoff).<br \/>\nDiese Barhockersitze k\u00f6nnen bei gr\u00f6\u00dferen Bestellmengen auch in anderen Farben und in anderen Abmessungen und H\u00f6hen produziert werden.<br \/>\nDiese Sitze passen f\u00fcr Barhocker \/ Tresenhocker und niedrige Hocker. Einfache Montage von unten mittels Holzschraube.<\/p>\n<p>Gr\u00f6\u00dfere Mengen auf Anfrage:<br \/>\n<a href=\"https:\/\/www.moebel.org\/cms\/kontaktformular\/\" target=\"_blank\" rel=\"noopener\"><strong><span style=\"color: #d75e11;\">Kontakt<\/span><\/strong><\/a><\/p>\n","protected":false},"excerpt":{"rendered":"<p>Barhockersitz Mod. &#8220;Elena&#8221; mit Kunstleder!<br \/>\nDiese Barhockersitze k\u00f6nnen auch in anderen Farben, Formen und in anderen Abmessungen produziert werden:<\/p>\n<p>Gr\u00f6\u00dfere Mengen auf Anfrage:<br \/>\n<a href=\"https:\/\/www.moebel.org\/cms\/kontaktformular\/\" target=\"_blank\" rel=\"noopener\"><strong><span style=\"color: #d75e11;\">Kontakt<\/span><\/strong><\/a><\/p>\n","protected":false},"featured_media":3156,"template":"","meta":{"ngg_post_thumbnail":0},"product_brand":[],"product_cat":[70,69,57,80],"product_tag":[366,199,354,136,367,368,214,353,211,279,369,358,355,370,166,365,212,151,210,529,435,357,200],"class_list":{"0":"post-2553","1":"product","2":"type-product","3":"status-publish","4":"has-post-thumbnail","6":"product_cat-barhocker-aus-holz","7":"product_cat-metallbarhocker","8":"product_cat-barhocker","9":"product_cat-barhockersitze","10":"product_tag-bar","11":"product_tag-barhocker","12":"product_tag-barhockersitz","13":"product_tag-barhockersitze","14":"product_tag-bistro","15":"product_tag-cafe","16":"product_tag-gastronomie","17":"product_tag-gepolstert","18":"product_tag-hocker","19":"product_tag-hotellerie","20":"product_tag-kaffeehaus","21":"product_tag-kunstleder","22":"product_tag-leder","23":"product_tag-lokal","24":"product_tag-polsterung","25":"product_tag-restaurant","26":"product_tag-rund","27":"product_tag-sitz","28":"product_tag-sitze","29":"product_tag-sitzkissen","30":"product_tag-skai","31":"product_tag-sonderanfertigung","32":"product_tag-tresenhocker","33":"product_shipping_class-paket-large","35":"first","36":"instock","37":"taxable","38":"shipping-taxable","39":"purchasable","40":"product-type-variable"},"_links":{"self":[{"href":"https:\/\/www.moebel.org\/cms\/wp-json\/wp\/v2\/product\/2553","targetHints":{"allow":["GET"]}}],"collection":[{"href":"https:\/\/www.moebel.org\/cms\/wp-json\/wp\/v2\/product"}],"about":[{"href":"https:\/\/www.moebel.org\/cms\/wp-json\/wp\/v2\/types\/product"}],"wp:featuredmedia":[{"embeddable":true,"href":"https:\/\/www.moebel.org\/cms\/wp-json\/wp\/v2\/media\/3156"}],"wp:attachment":[{"href":"https:\/\/www.moebel.org\/cms\/wp-json\/wp\/v2\/media?parent=2553"}],"wp:term":[{"taxonomy":"product_brand","embeddable":true,"href":"https:\/\/www.moebel.org\/cms\/wp-json\/wp\/v2\/product_brand?post=2553"},{"taxonomy":"product_cat","embeddable":true,"href":"https:\/\/www.moebel.org\/cms\/wp-json\/wp\/v2\/product_cat?post=2553"},{"taxonomy":"product_tag","embeddable":true,"href":"https:\/\/www.moebel.org\/cms\/wp-json\/wp\/v2\/product_tag?post=2553"}],"curies":[{"name":"wp","href":"https:\/\/api.w.org\/{rel}","templated":true}]}}