{"id":2532,"date":"2021-01-25T23:00:25","date_gmt":"2021-01-25T22:00:25","guid":{"rendered":"https:\/\/www.moebel.org\/cms\/?post_type=product&#038;p=2532"},"modified":"2025-02-28T17:03:48","modified_gmt":"2025-02-28T16:03:48","slug":"franziska_mm2012","status":"publish","type":"product","link":"https:\/\/www.moebel.org\/cms\/produkt\/franziska_mm2012\/","title":{"rendered":"Stadion-Klappsitze Mod. Franziska_MM2012"},"content":{"rendered":"<h1>Stadionsitz Mod. &#8220;Franziska_MM2012&#8221;.<\/h1>\n<p>Klappbarer Sitz f\u00fcr die Sporthalle, die Zuseher-Trib\u00fcne und f\u00fcr alle sonstigen Sportst\u00e4tten.<\/p>\n<p>Ein robuster und wartungsfreier Stadion-Klappsitz f\u00fcr Montage vor Stufe (d. h. am senkrechten Teil der Stufe im Stadion). Mit diesem Sitz bleibt bei Montage an der Setzstufe der <strong>Boden frei<\/strong> und das erleichtert die Reinigung, ob in Stadien, auf Sportpl\u00e4tzen oder in Sporthallen. Alternativ ist auch <a href=\"https:\/\/www.moebel.org\/cms\/wp-content\/uploads\/Stadionsitz-Franziska_MM2012-Klappsitz-rot.jpg\" target=\"_blank\" rel=\"noopener\"><strong><span style=\"color: #d75e11;\">Montage am Boden<\/span><\/strong><\/a> m\u00f6glich, einzeln oder als Bank.<\/p>\n<p>F\u00fcr Wandmontage ist der Sitz mit einem speziellen <strong><a href=\"https:\/\/www.moebel.org\/cms\/wp-content\/uploads\/Stadionsitze-Franziska_MM2012-Klappsitz.jpg\" target=\"_blank\" rel=\"noopener\"><span style=\"color: #d75e11;\">Adapter<\/span><\/a><\/strong> geeignet (geringer Aufpreis), damit kann er aber dann auch in <strong>Wartebereichen<\/strong> verwendet werden (bei Warter\u00e4umen von \u00c4rzten oder Spit\u00e4lern\/Krankenh\u00e4usern, usw.).<\/p>\n<p>Der Preis ist ein <strong>Richtpreis<\/strong> (f\u00fcr Muster und Kleinmengen)! Ein einzelner Sitz kann auf Anfrage auch per <span style=\"color: #00ccff;\"><strong>Paketdienst<\/strong> <\/span>geliefert werden, bei mehreren Sitzen muss der Versand per <span style=\"color: #00ccff;\"><strong>Spedition <\/strong>(auf Palette)<\/span> stattfinden.&nbsp;<\/p>\n<p>Wir k\u00f6nnen auch Kleinmengen anbieten wenn keine Restposten lagernd sind, dazu m\u00fcssen aber Transportkosten und Lieferzeit von Fall zu Fall ermittelt werden, bitte Menge und Lieferadresse bekannt geben.<\/p>\n<p>Gr\u00f6\u00dfere Mengen und Transport per Spedition auf Anfrage: <a href=\"https:\/\/www.moebel.org\/cms\/kontaktformular\/\" target=\"_blank\" rel=\"noopener\"><strong><span style=\"color: #d75e11;\">Kontakt<\/span><\/strong><\/a><\/p>\n<p>| <a href=\"https:\/\/www.moebel.org\/cms\/produkt-kategorie\/stadionsitze\/klappsitze\/\" target=\"_top\" rel=\"noopener\"><strong><span style=\"color: #d75e11;\">Klappsitze<\/span><\/strong><\/a> | <a href=\"https:\/\/www.moebel.org\/cms\/produkt-kategorie\/stadionsitze\/schalensitze\/\" target=\"_top\" rel=\"noopener\"><strong><span style=\"color: #d75e11;\">Schalensitze<\/span><\/strong><\/a> | <a href=\"https:\/\/www.moebel.org\/cms\/shop\/\" target=\"_top\" rel=\"noopener\"><strong><span style=\"color: #d75e11;\">Shop Startseite<\/span><\/strong><\/a> |<\/p>\n","protected":false},"excerpt":{"rendered":"<p><strong>Stadionsitze<\/strong> klappbar, diese Sitze sind auch f\u00fcr Hallen, Fu\u00dfballpl\u00e4tze, Sportpl\u00e4tze, Zusehertrib\u00fcnen. Klappsitz f\u00fcr Schulen, Arztpraxen, Warter\u00e4ume und Turnhallen.<\/p>\n<p><strong>Richtpreis<\/strong> (f\u00fcr Muster und Kleinmengen).<\/p>\n<p>Gr\u00f6\u00dfere Mengen und Transport per Spedition&nbsp;auf Anfrage:&nbsp;<a href=\"https:\/\/www.moebel.org\/cms\/kontaktformular\/\" target=\"_blank\" rel=\"noopener\"><strong><span style=\"color: #d75e11;\">Kontakt<\/span><\/strong><\/a><\/p>\n","protected":false},"featured_media":2533,"template":"","meta":{"ngg_post_thumbnail":0},"product_brand":[],"product_cat":[75,72],"product_tag":[286,284,316,147,152,277,273,274,281,315,282,158,156,283,151,210,143,153,144,148,154,146,145,275,276,278,140,141,285,155,142,157],"class_list":{"0":"post-2532","1":"product","2":"type-product","3":"status-publish","4":"has-post-thumbnail","6":"product_cat-klappsitze","7":"product_cat-stadionsitze","8":"product_tag-bank","9":"product_tag-bodenmontage","10":"product_tag-einzelmontage","11":"product_tag-fussballplatz","12":"product_tag-fussballplaetze","13":"product_tag-klappbar","14":"product_tag-klappsitz","15":"product_tag-klappsitze","16":"product_tag-kunststoff","17":"product_tag-mittelfuss","18":"product_tag-montage","19":"product_tag-nachhaltigkeit","20":"product_tag-recycling","21":"product_tag-setzstufe","22":"product_tag-sitz","23":"product_tag-sitze","24":"product_tag-sitze-fuer-sportstaetten","25":"product_tag-sporthalle","26":"product_tag-sporthallen","27":"product_tag-sportplatz","28":"product_tag-sportplaetze","29":"product_tag-stadien","30":"product_tag-stadion","31":"product_tag-stadion-klappsitz","32":"product_tag-stadion-klappsitze","33":"product_tag-stadionbestuhlung","34":"product_tag-stadionsitz","35":"product_tag-stadionsitze","36":"product_tag-traverse","37":"product_tag-tribuenensitz","38":"product_tag-tribuenensitze","39":"product_tag-umweltschutz","40":"product_shipping_class-spedition","42":"first","43":"instock","44":"taxable","45":"shipping-taxable","46":"purchasable","47":"product-type-variable"},"_links":{"self":[{"href":"https:\/\/www.moebel.org\/cms\/wp-json\/wp\/v2\/product\/2532","targetHints":{"allow":["GET"]}}],"collection":[{"href":"https:\/\/www.moebel.org\/cms\/wp-json\/wp\/v2\/product"}],"about":[{"href":"https:\/\/www.moebel.org\/cms\/wp-json\/wp\/v2\/types\/product"}],"wp:featuredmedia":[{"embeddable":true,"href":"https:\/\/www.moebel.org\/cms\/wp-json\/wp\/v2\/media\/2533"}],"wp:attachment":[{"href":"https:\/\/www.moebel.org\/cms\/wp-json\/wp\/v2\/media?parent=2532"}],"wp:term":[{"taxonomy":"product_brand","embeddable":true,"href":"https:\/\/www.moebel.org\/cms\/wp-json\/wp\/v2\/product_brand?post=2532"},{"taxonomy":"product_cat","embeddable":true,"href":"https:\/\/www.moebel.org\/cms\/wp-json\/wp\/v2\/product_cat?post=2532"},{"taxonomy":"product_tag","embeddable":true,"href":"https:\/\/www.moebel.org\/cms\/wp-json\/wp\/v2\/product_tag?post=2532"}],"curies":[{"name":"wp","href":"https:\/\/api.w.org\/{rel}","templated":true}]}}