{"id":2466,"date":"2021-01-24T18:32:52","date_gmt":"2021-01-24T17:32:52","guid":{"rendered":"https:\/\/www.moebel.org\/cms\/?post_type=product&#038;p=2466"},"modified":"2024-04-03T15:17:34","modified_gmt":"2024-04-03T13:17:34","slug":"schalensitz","status":"publish","type":"product","link":"https:\/\/www.moebel.org\/cms\/produkt\/schalensitz\/","title":{"rendered":"Franziska_MM2010, Schalensitz"},"content":{"rendered":"<h1>Sitzschale Franziska_MM2010.<\/h1>\n<p>Ein robuster Schalensitz zur Montage direkt auf der Stufe im Stadion.<\/p>\n<p>Der Preis ist ein Richtpreis ohne Konsole, es gibt f\u00fcr dieses Modell zur Montage auch eine spezielle <a href=\"https:\/\/www.moebel.org\/cms\/produkt\/sitz\/\"><strong><span style=\"color: #d75e11;\">Konsole<\/span><\/strong><\/a> (Polyamid, glasfaserverst\u00e4rkt), f\u00fcr Montage vor Stufe (an der Setzstufe).<\/p>\n<p>Der Richtpreis ist f\u00fcr Muster und Kleinmengen, gr\u00f6\u00dfere Mengen und Transport per Spedition auf Anfrage:<\/p>\n<p><a href=\"https:\/\/www.moebel.org\/cms\/kontaktformular\/\" target=\"_blank\" rel=\"noopener\"><strong><span style=\"color: #d75e11;\">Kontakt<\/span><\/strong><\/a><\/p>\n<p>| <a href=\"https:\/\/www.moebel.org\/cms\/produkt-kategorie\/stadionsitze\/klappsitze\/\" target=\"_top\" rel=\"noopener\"><strong><span style=\"color: #d75e11;\">Klappsitze<\/span><\/strong><\/a> | <a href=\"https:\/\/www.moebel.org\/cms\/produkt-kategorie\/stadionsitze\/schalensitze\/\" target=\"_top\" rel=\"noopener\"><strong><span style=\"color: #d75e11;\">Schalensitze<\/span><\/strong><\/a> | <a href=\"https:\/\/www.moebel.org\/cms\/shop\/\" target=\"_top\" rel=\"noopener\"><strong><span style=\"color: #d75e11;\">Shop Startseite<\/span><\/strong><\/a> |<\/p>\n","protected":false},"excerpt":{"rendered":"<p>Ein <strong>Stadionsitz<\/strong> den es in vielen Varianten und Farben gibt. Der Grundpreis hier ist f\u00fcr die Schale zur Montage direkt auf der Stufe im Stadion, ohne Metallkonstruktionen. Auf Anfrage sind diese Sitze auch als Bank (auf Traverse \/ Formrohr \/ Vierkantrohr) erh\u00e4ltlich.<\/p>\n<p>Der Preis hier ist f\u00fcr <strong>Kleinmengen <\/strong>und f\u00fcr <strong>Muster!<\/strong><\/p>\n<p>Gr\u00f6\u00dfere Mengen und Transport per Spedition auf Anfrage:<\/p>\n<p><a href=\"https:\/\/www.moebel.org\/cms\/kontaktformular\/\" target=\"_blank\" rel=\"noopener\"><strong><span style=\"color: #d75e11;\">Kontakt<\/span><\/strong><\/a><\/p>\n","protected":false},"featured_media":2949,"template":"","meta":{"ngg_post_thumbnail":0},"product_brand":[],"product_cat":[76],"product_tag":[147,152,158,156,149,151,143,150,153,144,148,154,146,145,140,141,155,142,157],"class_list":{"0":"post-2466","1":"product","2":"type-product","3":"status-publish","4":"has-post-thumbnail","6":"product_cat-schalensitze","7":"product_tag-fussballplatz","8":"product_tag-fussballplaetze","9":"product_tag-nachhaltigkeit","10":"product_tag-recycling","11":"product_tag-schalensitze","12":"product_tag-sitz","13":"product_tag-sitze-fuer-sportstaetten","14":"product_tag-sitzschalen","15":"product_tag-sporthalle","16":"product_tag-sporthallen","17":"product_tag-sportplatz","18":"product_tag-sportplaetze","19":"product_tag-stadien","20":"product_tag-stadion","21":"product_tag-stadionsitz","22":"product_tag-stadionsitze","23":"product_tag-tribuenensitz","24":"product_tag-tribuenensitze","25":"product_tag-umweltschutz","26":"product_shipping_class-paket-large","28":"first","29":"instock","30":"taxable","31":"shipping-taxable","32":"purchasable","33":"product-type-variable"},"_links":{"self":[{"href":"https:\/\/www.moebel.org\/cms\/wp-json\/wp\/v2\/product\/2466","targetHints":{"allow":["GET"]}}],"collection":[{"href":"https:\/\/www.moebel.org\/cms\/wp-json\/wp\/v2\/product"}],"about":[{"href":"https:\/\/www.moebel.org\/cms\/wp-json\/wp\/v2\/types\/product"}],"wp:featuredmedia":[{"embeddable":true,"href":"https:\/\/www.moebel.org\/cms\/wp-json\/wp\/v2\/media\/2949"}],"wp:attachment":[{"href":"https:\/\/www.moebel.org\/cms\/wp-json\/wp\/v2\/media?parent=2466"}],"wp:term":[{"taxonomy":"product_brand","embeddable":true,"href":"https:\/\/www.moebel.org\/cms\/wp-json\/wp\/v2\/product_brand?post=2466"},{"taxonomy":"product_cat","embeddable":true,"href":"https:\/\/www.moebel.org\/cms\/wp-json\/wp\/v2\/product_cat?post=2466"},{"taxonomy":"product_tag","embeddable":true,"href":"https:\/\/www.moebel.org\/cms\/wp-json\/wp\/v2\/product_tag?post=2466"}],"curies":[{"name":"wp","href":"https:\/\/api.w.org\/{rel}","templated":true}]}}