{"id":2457,"date":"2021-01-24T17:59:50","date_gmt":"2021-01-24T16:59:50","guid":{"rendered":"https:\/\/www.moebel.org\/cms\/?post_type=product&#038;p=2457"},"modified":"2026-01-19T15:45:45","modified_gmt":"2026-01-19T14:45:45","slug":"franziska_mm2013-rot","status":"publish","type":"product","link":"https:\/\/www.moebel.org\/cms\/produkt\/franziska_mm2013-rot\/","title":{"rendered":"Stadion-Klappsitze Mod. Franziska_MM2013, Fronte"},"content":{"rendered":"<p>Stadionsitze bzw. Sitze f\u00fcr Hallen, Zuseher-Trib\u00fcnen, Fu\u00dfballpl\u00e4tze und f\u00fcr alle sonstigen Sportpl\u00e4tze.<\/p>\n<p>Mod. &#8220;<strong>Franziska_MM2013_Fronte<\/strong>&#8220;, klappbar. Die Variante f\u00fcr <strong>Wandmontage<\/strong> und f\u00fcr Montage &#8220;<strong>vor Stufe<\/strong>&#8221; (d. h. an der Setzstufe im Stadion).<\/p>\n<p>Diese Variante mit der Bezeichnung &#8220;Fronte&#8221; schafft <strong>Bodenfreiheit<\/strong> und das ist ein gro\u00dfer Vorteil bei der Reinigung vom Boden im Stadion, am Fu\u00dfballplatz, in der Sporthalle und auch im Wartebereich in der Arztpraxis oder im Krankenhaus. Ein vielseitig verwendbarer Sitz. Dieser Klappsitz ist robust, platzsparend, pflegeleicht und wartungsfrei.<\/p>\n<p>Wandmontage ist \u00fcbrigens auch in <strong>Wartezonen \/ Warter\u00e4umen<\/strong> oft ein Thema (in der Arztpraxis, im Spital, usw.), da dieser Klappsitz sehr flach ist in der Bauweise, schafft er auch Barrierefreiheit (siehe <a href=\"https:\/\/www.moebel.org\/cms\/wp-content\/uploads\/Franziska_MM2013-Barrierefreiheit-barrierefrei.jpg\"><strong><span style=\"color: #d75e11;\">Ma\u00dfe<\/span><\/strong><\/a>).<\/p>\n<p>Der Preis ist ein&nbsp;<strong>Richtpreis<\/strong> f\u00fcr Muster und Kleinmengen, falls lagernd! Wir k\u00f6nnen auch Kleinmengen anbieten wenn keine Restposten lagernd sind, dazu m\u00fcssen aber die Transportkosten und Lieferzeit von Fall zu Fall ermittelt werden, bitte Menge und Lieferadresse bekannt geben.<\/p>\n<p>Gr\u00f6\u00dfere Mengen und andere <strong>Optionen<\/strong> (Polsterung, Vereinslogo, QR-Code, Sitzplatz-Nummerierung, Reihen-Nummerierung, Armlehnen) sowie Transport per Spedition auf Anfrage (mengen- und adressenabh\u00e4ngig). Ein einzelner Sitz kann per <span style=\"color: #00ccff;\"><strong>Paketdienst<\/strong> <\/span>geliefert werden, bei mehreren Sitzen muss der Versand per <span style=\"color: #00ccff;\"><strong>Spedition <\/strong>(auf Palette)<\/span> stattfinden:<\/p>\n<p><a href=\"https:\/\/www.moebel.org\/cms\/kontaktformular\/\" target=\"_blank\" rel=\"noopener\"><strong><span style=\"color: #d75e11;\">Kontakt<\/span><\/strong><\/a><\/p>\n<p>| <a href=\"https:\/\/www.moebel.org\/cms\/produkt-kategorie\/stadionsitze\/klappsitze\/\" target=\"_top\" rel=\"noopener\"><strong><span style=\"color: #d75e11;\">Klappsitze<\/span><\/strong><\/a> | <a href=\"https:\/\/www.moebel.org\/cms\/produkt-kategorie\/stadionsitze\/schalensitze\/\" target=\"_top\" rel=\"noopener\"><strong><span style=\"color: #d75e11;\">Schalensitze<\/span><\/strong><\/a> | <a href=\"https:\/\/www.moebel.org\/cms\/shop\/\" target=\"_top\" rel=\"noopener\"><strong><span style=\"color: #d75e11;\">Shop Startseite<\/span><\/strong><\/a> |<\/p>\n","protected":false},"excerpt":{"rendered":"<p><strong>Stadionsitz (Klappsitz)<\/strong> bzw. Sitz f\u00fcr die Halle, die Zusehertrib\u00fcne, den Sportplatz und auch f\u00fcr Wartebereiche in Arztpraxen oder Krankenh\u00e4usern.<\/p>\n<p><strong>Richtpreis<\/strong> (f\u00fcr Muster und Kleinmengen).&nbsp;<\/p>\n<p>Gr\u00f6\u00dfere Mengen und Transport per Spedition&nbsp;auf Anfrage:&nbsp;<br \/>\n<a href=\"https:\/\/www.moebel.org\/cms\/kontaktformular\/\" target=\"_blank\" rel=\"noopener\"><strong><span style=\"color: #d75e11;\">Kontakt<\/span><\/strong><\/a><\/p>\n","protected":false},"featured_media":2455,"template":"","meta":{"ngg_post_thumbnail":0},"product_brand":[],"product_cat":[75,72],"product_tag":[650,386,286,284,316,147,152,277,273,274,653,651,281,315,282,158,156,283,151,210,143,868,153,144,148,154,146,145,275,276,278,140,141,285,155,142,157,387,655,654,652],"class_list":{"0":"post-2457","1":"product","2":"type-product","3":"status-publish","4":"has-post-thumbnail","6":"product_cat-klappsitze","7":"product_cat-stadionsitze","8":"product_tag-arztpraxen","9":"product_tag-arztpraxis","10":"product_tag-bank","11":"product_tag-bodenmontage","12":"product_tag-einzelmontage","13":"product_tag-fussballplatz","14":"product_tag-fussballplaetze","15":"product_tag-klappbar","16":"product_tag-klappsitz","17":"product_tag-klappsitze","18":"product_tag-krankenhaus","19":"product_tag-krankenhaeuser","20":"product_tag-kunststoff","21":"product_tag-mittelfuss","22":"product_tag-montage","23":"product_tag-nachhaltigkeit","24":"product_tag-recycling","25":"product_tag-setzstufe","26":"product_tag-sitz","27":"product_tag-sitze","28":"product_tag-sitze-fuer-sportstaetten","29":"product_tag-spital","30":"product_tag-sporthalle","31":"product_tag-sporthallen","32":"product_tag-sportplatz","33":"product_tag-sportplaetze","34":"product_tag-stadien","35":"product_tag-stadion","36":"product_tag-stadion-klappsitz","37":"product_tag-stadion-klappsitze","38":"product_tag-stadionbestuhlung","39":"product_tag-stadionsitz","40":"product_tag-stadionsitze","41":"product_tag-traverse","42":"product_tag-tribuenensitz","43":"product_tag-tribuenensitze","44":"product_tag-umweltschutz","45":"product_tag-warteraum","46":"product_tag-warteraeume","47":"product_tag-wartezone","48":"product_tag-wartezonen","49":"product_shipping_class-spedition","51":"first","52":"instock","53":"taxable","54":"shipping-taxable","55":"purchasable","56":"product-type-variable"},"_links":{"self":[{"href":"https:\/\/www.moebel.org\/cms\/wp-json\/wp\/v2\/product\/2457","targetHints":{"allow":["GET"]}}],"collection":[{"href":"https:\/\/www.moebel.org\/cms\/wp-json\/wp\/v2\/product"}],"about":[{"href":"https:\/\/www.moebel.org\/cms\/wp-json\/wp\/v2\/types\/product"}],"wp:featuredmedia":[{"embeddable":true,"href":"https:\/\/www.moebel.org\/cms\/wp-json\/wp\/v2\/media\/2455"}],"wp:attachment":[{"href":"https:\/\/www.moebel.org\/cms\/wp-json\/wp\/v2\/media?parent=2457"}],"wp:term":[{"taxonomy":"product_brand","embeddable":true,"href":"https:\/\/www.moebel.org\/cms\/wp-json\/wp\/v2\/product_brand?post=2457"},{"taxonomy":"product_cat","embeddable":true,"href":"https:\/\/www.moebel.org\/cms\/wp-json\/wp\/v2\/product_cat?post=2457"},{"taxonomy":"product_tag","embeddable":true,"href":"https:\/\/www.moebel.org\/cms\/wp-json\/wp\/v2\/product_tag?post=2457"}],"curies":[{"name":"wp","href":"https:\/\/api.w.org\/{rel}","templated":true}]}}