{"id":2405,"date":"2021-01-24T13:19:28","date_gmt":"2021-01-24T12:19:28","guid":{"rendered":"https:\/\/www.moebel.org\/cms\/?post_type=product&#038;p=2405"},"modified":"2025-03-09T23:04:05","modified_gmt":"2025-03-09T22:04:05","slug":"sitz","status":"publish","type":"product","link":"https:\/\/www.moebel.org\/cms\/produkt\/sitz\/","title":{"rendered":"Robuste Konsole VERSION 1, f\u00fcr Sitz &#8220;Franziska_MM2010&#8221;"},"content":{"rendered":"<h1>Konsole VERSION 1, f\u00fcr Sitzschale &#8220;Franziska_MM2010&#8221;.<\/h1>\n<p>Schwarze Konsole (Polyamid mit Glasfaser verst\u00e4rkt) <strong>ohne Sitz!<\/strong> Diese Konsole passt f\u00fcr den Schalensitz<strong> &#8220;<a href=\"https:\/\/www.moebel.org\/cms\/produkt\/schalensitz\/\" rel=\"noopener\"><strong><span style=\"color: #d75e11;\">Franziska_MM2010<\/span><\/strong><\/a>&#8220;<\/strong> (die Sitze sind extra zu bestellen).<\/p>\n<p>\u00c4u\u00dferst robuste und wetterfeste Konsolen, optimal f\u00fcr den Einsatz Outdoor und Indoor. Grunds\u00e4tzlich gedacht f\u00fcr die <strong>Montage an der Setzstufe<\/strong> im Stadion oder (mit Adapter) auch f\u00fcr Wandmontage (als Wandkonsole f\u00fcr Stadionsitze).<\/p>\n<p>Eine gute L\u00f6sung f\u00fcr Sportpl\u00e4tze aller Art, f\u00fcr Hallen, Fu\u00dfballpl\u00e4tze, Stadien, Wartebereiche in Spit\u00e4lern oder Arztpraxen oder f\u00fcr den privaten Partykeller.<\/p>\n<p>Die Konsolen sind immer schwarz (aus Polyamid, glasfaserverst\u00e4rkt). <a href=\"https:\/\/www.moebel.org\/cms\/wp-content\/uploads\/Adapter-fuer-Konsolen-bei-Wandmontage.jpg\" target=\"_blank\" rel=\"noopener\"><strong><span style=\"color: #d75e11;\">Adapter<\/span><\/strong><\/a> und <a href=\"https:\/\/www.moebel.org\/cms\/wp-content\/uploads\/Konsole-Schrauben-Verbindung-Werkzeug.jpg\" target=\"_blank\" rel=\"noopener\"><strong><span style=\"color: #d75e11;\">Werkzeug<\/span><\/strong><\/a> sind extra, falls n\u00f6tig. <a href=\"https:\/\/www.moebel.org\/cms\/wp-content\/uploads\/Schrauben-zum-Verbinden-von-Konsole-und-Sitz.jpg\" target=\"_blank\" rel=\"noopener\"><strong><span style=\"color: #d75e11;\">Schrauben<\/span><\/strong><\/a> (zwischen Sitz und Konsole) sind inkl.<\/p>\n<p>Der Preis ist ein Richtpreis (f\u00fcr Muster und Kleinmengen), gr\u00f6\u00dfere Mengen, Transport per Spedition und Adapter f\u00fcr Wandmontage auf Anfrage:<\/p>\n<p><a href=\"https:\/\/www.moebel.org\/cms\/kontaktformular\/\" target=\"_blank\" rel=\"noopener\"><strong><span style=\"color: #d75e11;\">Kontakt<\/span><\/strong><\/a><\/p>\n<p>| <a href=\"https:\/\/www.moebel.org\/cms\/produkt-kategorie\/stadionsitze\/klappsitze\/\" target=\"_top\" rel=\"noopener\"><strong><span style=\"color: #d75e11;\">Klappsitze<\/span><\/strong><\/a> | <a href=\"https:\/\/www.moebel.org\/cms\/produkt-kategorie\/stadionsitze\/schalensitze\/\" target=\"_top\" rel=\"noopener\"><strong><span style=\"color: #d75e11;\">Schalensitze<\/span><\/strong><\/a> | <a href=\"https:\/\/www.moebel.org\/cms\/shop\/\" target=\"_top\" rel=\"noopener\"><strong><span style=\"color: #d75e11;\">Shop Startseite<\/span><\/strong><\/a> |<\/p>\n","protected":false},"excerpt":{"rendered":"<p><strong>Konsole<\/strong> Version 1, f\u00fcr Schalensitz &#8220;Franziska_MM2010&#8221;, f\u00fcr Montage vor Stufe (an der Setzstufe).<\/p>\n<p>F\u00fcr Sportpl\u00e4tze aller Art, mit Wandadapter auch f\u00fcr Wandmontage, f\u00fcr Hallen, Fu\u00dfballpl\u00e4tze, Stadien, Wartebereiche in Spit\u00e4lern, Krankenh\u00e4usern oder Arztpraxen oder f\u00fcr den privaten Partykeller.<\/p>\n<p>Der Preis ist ein Richtpreis (f\u00fcr Muster und Kleinmengen), gr\u00f6\u00dfere Mengen und Transport per Spedition auf Anfrage:<br \/>\n<a href=\"https:\/\/www.moebel.org\/cms\/kontaktformular\/\" target=\"_blank\" rel=\"noopener\"><strong><span style=\"color: #d75e11;\">Kontakt<\/span><\/strong><\/a><\/p>\n","protected":false},"featured_media":5857,"template":"","meta":{"ngg_post_thumbnail":0},"product_brand":[],"product_cat":[76],"product_tag":[147,152,667,668,431,432,158,665,666,156,269,149,283,151,143,150,153,144,148,154,146,145,140,141,155,142,157,670],"class_list":{"0":"post-2405","1":"product","2":"type-product","3":"status-publish","4":"has-post-thumbnail","6":"product_cat-schalensitze","7":"product_tag-fussballplatz","8":"product_tag-fussballplaetze","9":"product_tag-glasfaser","10":"product_tag-glasfaserverstaerkt","11":"product_tag-konsole","12":"product_tag-konsolen","13":"product_tag-nachhaltigkeit","14":"product_tag-polyamid","15":"product_tag-polypropylen","16":"product_tag-recycling","17":"product_tag-rostfrei","18":"product_tag-schalensitze","19":"product_tag-setzstufe","20":"product_tag-sitz","21":"product_tag-sitze-fuer-sportstaetten","22":"product_tag-sitzschalen","23":"product_tag-sporthalle","24":"product_tag-sporthallen","25":"product_tag-sportplatz","26":"product_tag-sportplaetze","27":"product_tag-stadien","28":"product_tag-stadion","29":"product_tag-stadionsitz","30":"product_tag-stadionsitze","31":"product_tag-tribuenensitz","32":"product_tag-tribuenensitze","33":"product_tag-umweltschutz","34":"product_tag-wandmontage","35":"product_shipping_class-paket-xl-bis-gurtmass","37":"first","38":"instock","39":"taxable","40":"shipping-taxable","41":"purchasable","42":"product-type-simple"},"_links":{"self":[{"href":"https:\/\/www.moebel.org\/cms\/wp-json\/wp\/v2\/product\/2405","targetHints":{"allow":["GET"]}}],"collection":[{"href":"https:\/\/www.moebel.org\/cms\/wp-json\/wp\/v2\/product"}],"about":[{"href":"https:\/\/www.moebel.org\/cms\/wp-json\/wp\/v2\/types\/product"}],"wp:featuredmedia":[{"embeddable":true,"href":"https:\/\/www.moebel.org\/cms\/wp-json\/wp\/v2\/media\/5857"}],"wp:attachment":[{"href":"https:\/\/www.moebel.org\/cms\/wp-json\/wp\/v2\/media?parent=2405"}],"wp:term":[{"taxonomy":"product_brand","embeddable":true,"href":"https:\/\/www.moebel.org\/cms\/wp-json\/wp\/v2\/product_brand?post=2405"},{"taxonomy":"product_cat","embeddable":true,"href":"https:\/\/www.moebel.org\/cms\/wp-json\/wp\/v2\/product_cat?post=2405"},{"taxonomy":"product_tag","embeddable":true,"href":"https:\/\/www.moebel.org\/cms\/wp-json\/wp\/v2\/product_tag?post=2405"}],"curies":[{"name":"wp","href":"https:\/\/api.w.org\/{rel}","templated":true}]}}