{"id":2362,"date":"2021-01-24T09:41:43","date_gmt":"2021-01-24T08:41:43","guid":{"rendered":"https:\/\/www.moebel.org\/cms\/?post_type=product&#038;p=2362"},"modified":"2023-12-27T10:44:04","modified_gmt":"2023-12-27T09:44:04","slug":"barhockergestell-wales-451","status":"publish","type":"product","link":"https:\/\/www.moebel.org\/cms\/produkt\/barhockergestell-wales-451\/","title":{"rendered":"Barhockergestell Mod. &#8220;Wales-451&#8221;"},"content":{"rendered":"<p><strong>Barhocker \/ Barhockergestell<\/strong> aus Stahl, Mod. &#8220;Wales-451&#8221;. Ein Gestell f\u00fcr <strong>Barhocker \/ Tresenhocker<\/strong>, mit Fu\u00dfring (bzw. Fu\u00dfst\u00fctze \/ Fu\u00dfablage \/ Fu\u00dfraster).&nbsp;<\/p>\n<p>Passende <strong>Sitze<\/strong> f\u00fcr die Barhocker finden Sie <a href=\"https:\/\/www.moebel.org\/cms\/produkt-kategorie\/barhocker\/barhockersitze\/\" target=\"_blank\" rel=\"noopener\"><strong><span style=\"color: #d75e11;\">hier<\/span><\/strong><\/a>! (Holz, Leder, Kunstleder, Stoff, &#8230;)! Sonderanfertigungen in Form und Farbe sind bei den Sitzen auch m\u00f6glich.<\/p>\n<p>Optional: <strong>S\u00e4ulen<\/strong> in <strong>Buche<\/strong> Massivholz (roh).&nbsp;<strong>Oberfl\u00e4chenbehandlung&nbsp;<\/strong>der Teile aus&nbsp;<strong>Holz<\/strong> (beizen, lackieren, \u00f6len, \u2026) auf Anfrage (mengenabh\u00e4ngig und abh\u00e4ngig von der Art und Weise der Oberfl\u00e4chenbehandlung).<\/p>\n<p>Bei den Modellen mit der Bezeichnung &#8220;Wales&#8221; sind in der Regel die <strong>Einzelteile lagernd,<\/strong> diese m\u00fcssen aber noch beschichtet und \/ oder zusammengebaut und verpackt werden. Lieferzeit daher auf <a href=\"https:\/\/www.moebel.org\/cms\/kontaktformular\/\" target=\"_blank\" rel=\"noopener\"><strong><span style=\"color: #d75e11;\">Anfrage<\/span><\/strong><\/a> (mengenabh\u00e4ngig).<\/p>\n<p><strong>Farben<\/strong> vom <strong>Stahl<\/strong> siehe Varianten. Pulverbeschichtungen in Schwarz sind Standard, andere <a href=\"https:\/\/www.moebel.org\/cms\/ral-farben-wales\/\" target=\"_blank\" rel=\"noopener\"><strong><span style=\"color: #d75e11;\">RAL-Farben<\/span><\/strong><\/a> sind auch m\u00f6glich, Aufpreis +30% auf Schwarz!<\/p>\n<p>M\u00f6bel Mitter, Ihr <a href=\"https:\/\/www.moebel.org\/cms\/kontaktformular\/\" target=\"_blank\" rel=\"noopener\"><strong><span style=\"color: #d75e11;\">Kontakt<\/span><\/strong><\/a> f\u00fcr Barhocker \/ Tresenhocker \/ Barst\u00fchle \/ M\u00f6bel aller Art, f\u00fcr die Gastronomie und f\u00fcr zu Hause. E-Mail bitte an:<\/p>\n<p><a href=\"https:\/\/www.moebel.org\/cms\/kontaktformular\/\" target=\"_blank\" rel=\"noopener\"><img loading=\"lazy\" decoding=\"async\" class=\"auto-style1\" src=\"https:\/\/www.moebel.org\/e_mail_bild.jpg\" width=\"147\" height=\"33\"><\/a><\/p>\n","protected":false},"excerpt":{"rendered":"<p>Barhockergestell aus Stahl, mit Fu\u00dfring, zahlreiche Varianten m\u00f6glich.<\/p>\n<p>Mod. &#8220;Wales-451&#8221;<\/p>\n","protected":false},"featured_media":5783,"template":"","meta":{"ngg_post_thumbnail":0},"product_brand":[],"product_cat":[69,57],"product_tag":[366,199,740,626,627,440,441,732,733,363,367,743,206,368,744,272,270,624,208,742,642,631,643,214,219,220,211,201,279,268,369,629,370,222,170,741,630,280,364,209,628,365,207,212,632,165,162,221,200,223],"class_list":{"0":"post-2362","1":"product","2":"type-product","3":"status-publish","4":"has-post-thumbnail","6":"product_cat-metallbarhocker","7":"product_cat-barhocker","8":"product_tag-bar","9":"product_tag-barhocker","10":"product_tag-barhocker-tresenhocker","11":"product_tag-barhocker-gestell","12":"product_tag-barhocker-gestelle","13":"product_tag-barhockergestell","14":"product_tag-barhockergestelle","15":"product_tag-barstuhl","16":"product_tag-barstuehle","17":"product_tag-beschichtet","18":"product_tag-bistro","19":"product_tag-bistros","20":"product_tag-buche","21":"product_tag-cafe","22":"product_tag-cafes","23":"product_tag-chrom","24":"product_tag-edelstahl","25":"product_tag-farbe","26":"product_tag-farbig","27":"product_tag-fuer-bars","28":"product_tag-fussraster","29":"product_tag-fussring","30":"product_tag-fussstuetze","31":"product_tag-gastronomie","32":"product_tag-gestell","33":"product_tag-gestelle","34":"product_tag-hocker","35":"product_tag-holz","36":"product_tag-hotellerie","37":"product_tag-inox","38":"product_tag-kaffeehaus","39":"product_tag-kaufen","40":"product_tag-lokal","41":"product_tag-metall","42":"product_tag-moebel","43":"product_tag-moebel-fuer-die-gastronomie","44":"product_tag-nirosta","45":"product_tag-objektmoebel","46":"product_tag-pulverbeschichtet","47":"product_tag-ral","48":"product_tag-ral-farbe","49":"product_tag-restaurant","50":"product_tag-roh","51":"product_tag-rund","52":"product_tag-saeule","53":"product_tag-sitzkomfort","54":"product_tag-sitzmoebel","55":"product_tag-stahl","56":"product_tag-tresenhocker","57":"product_tag-verchromt","58":"product_shipping_class-spedition","60":"first","61":"instock","62":"taxable","63":"shipping-taxable","64":"purchasable","65":"product-type-variable"},"_links":{"self":[{"href":"https:\/\/www.moebel.org\/cms\/wp-json\/wp\/v2\/product\/2362","targetHints":{"allow":["GET"]}}],"collection":[{"href":"https:\/\/www.moebel.org\/cms\/wp-json\/wp\/v2\/product"}],"about":[{"href":"https:\/\/www.moebel.org\/cms\/wp-json\/wp\/v2\/types\/product"}],"wp:featuredmedia":[{"embeddable":true,"href":"https:\/\/www.moebel.org\/cms\/wp-json\/wp\/v2\/media\/5783"}],"wp:attachment":[{"href":"https:\/\/www.moebel.org\/cms\/wp-json\/wp\/v2\/media?parent=2362"}],"wp:term":[{"taxonomy":"product_brand","embeddable":true,"href":"https:\/\/www.moebel.org\/cms\/wp-json\/wp\/v2\/product_brand?post=2362"},{"taxonomy":"product_cat","embeddable":true,"href":"https:\/\/www.moebel.org\/cms\/wp-json\/wp\/v2\/product_cat?post=2362"},{"taxonomy":"product_tag","embeddable":true,"href":"https:\/\/www.moebel.org\/cms\/wp-json\/wp\/v2\/product_tag?post=2362"}],"curies":[{"name":"wp","href":"https:\/\/api.w.org\/{rel}","templated":true}]}}