{"id":2356,"date":"2021-01-24T07:39:19","date_gmt":"2021-01-24T06:39:19","guid":{"rendered":"https:\/\/www.moebel.org\/cms\/?post_type=product&#038;p=2356"},"modified":"2024-08-05T14:28:34","modified_gmt":"2024-08-05T12:28:34","slug":"bambus-barhocker-2","status":"publish","type":"product","link":"https:\/\/www.moebel.org\/cms\/produkt\/bambus-barhocker-2\/","title":{"rendered":"Bambus-Barhocker gepolstert, 2 Farben"},"content":{"rendered":"<p><strong>Bambus-Barhocker<\/strong> (Tresenhocker) ohne Lehne, Sitz mit Polsterung.&nbsp;<\/p>\n<p>Farben: <strong>Heller<\/strong> Bambus oder <strong>schwarzer<\/strong> Bambus, mit hellen Rattan-Wicklungen, alles transparent lackiert. Sitz gepolstert, Stoff ist abziehbar zum Waschen (Rei\u00dfverschluss).<\/p>\n<p>Sitzh\u00f6he ohne Polsterung ca. 80 cm<br \/>\nPreise sind ab Werk.<\/p>\n<p>Das ist indonesische Handarbeit (Einzelanfertigung), Ausf\u00fchrung und Ma\u00dfe k\u00f6nnen daher variieren.<br \/>\nOptimal w\u00e4re wenn die M\u00f6bel abgeholt werden (Abverkauf, keine R\u00fccknahme m\u00f6glich), Lieferung per Spedition ist auch m\u00f6glich.<\/p>\n<p><a href=\"https:\/\/www.moebel.org\/cms\/kontaktformular\/\" target=\"_blank\" rel=\"noopener\"><img loading=\"lazy\" decoding=\"async\" class=\"auto-style1\" src=\"https:\/\/www.moebel.org\/e_mail_bild.jpg\" width=\"111\" height=\"25\"><\/a><\/p>\n<p><a href=\"https:\/\/www.moebel.org\/cms\/kontaktformular\/\" target=\"_blank\" rel=\"noopener\"><strong><span style=\"color: #d75e11;\">Anfrage<\/span><\/strong><\/a><\/p>\n","protected":false},"excerpt":{"rendered":"<p><strong>Barhocker aus Bambusrohr<\/strong>, ohne Lehne, Bambus <strong>hell<\/strong> oder <strong>dunkel<\/strong>, mit Rattan-Wicklungen, transparent lackiert. Sitz gepolstert, Stoff ist abziehbar zum Waschen (Rei\u00dfverschluss).<br \/>\nPreise sind ab Werk.<\/p>\n<p><a href=\"https:\/\/www.moebel.org\/cms\/kontaktformular\/\" target=\"_blank\" rel=\"noopener\"><strong><span style=\"color: #d75e11;\">Kontakt \/ Anfrage<\/span><\/strong><\/a><\/p>\n","protected":false},"featured_media":2848,"template":"","meta":{"ngg_post_thumbnail":0},"product_brand":[],"product_cat":[47,68],"product_tag":[49,437,436,52,366,199,168,353,169,170,166,165,162,200,167],"class_list":{"0":"post-2356","1":"product","2":"type-product","3":"status-publish","4":"has-post-thumbnail","6":"product_cat-bambusmoebel-moebel-aus-bambus","7":"product_cat-bambusbarhocker","8":"product_tag-bambus","9":"product_tag-bambus-hocker","10":"product_tag-bambushocker","11":"product_tag-bambusmoebel","12":"product_tag-bar","13":"product_tag-barhocker","14":"product_tag-gaestezimmer","15":"product_tag-gepolstert","16":"product_tag-kinderzimmer","17":"product_tag-moebel","18":"product_tag-polsterung","19":"product_tag-sitzkomfort","20":"product_tag-sitzmoebel","21":"product_tag-tresenhocker","22":"product_tag-wohnzimmer","23":"product_shipping_class-spedition","25":"first","26":"instock","27":"sale","28":"taxable","29":"shipping-taxable","30":"purchasable","31":"product-type-variable"},"_links":{"self":[{"href":"https:\/\/www.moebel.org\/cms\/wp-json\/wp\/v2\/product\/2356","targetHints":{"allow":["GET"]}}],"collection":[{"href":"https:\/\/www.moebel.org\/cms\/wp-json\/wp\/v2\/product"}],"about":[{"href":"https:\/\/www.moebel.org\/cms\/wp-json\/wp\/v2\/types\/product"}],"wp:featuredmedia":[{"embeddable":true,"href":"https:\/\/www.moebel.org\/cms\/wp-json\/wp\/v2\/media\/2848"}],"wp:attachment":[{"href":"https:\/\/www.moebel.org\/cms\/wp-json\/wp\/v2\/media?parent=2356"}],"wp:term":[{"taxonomy":"product_brand","embeddable":true,"href":"https:\/\/www.moebel.org\/cms\/wp-json\/wp\/v2\/product_brand?post=2356"},{"taxonomy":"product_cat","embeddable":true,"href":"https:\/\/www.moebel.org\/cms\/wp-json\/wp\/v2\/product_cat?post=2356"},{"taxonomy":"product_tag","embeddable":true,"href":"https:\/\/www.moebel.org\/cms\/wp-json\/wp\/v2\/product_tag?post=2356"}],"curies":[{"name":"wp","href":"https:\/\/api.w.org\/{rel}","templated":true}]}}