{"id":2350,"date":"2021-01-24T00:46:38","date_gmt":"2021-01-23T23:46:38","guid":{"rendered":"https:\/\/www.moebel.org\/cms\/?post_type=product&#038;p=2350"},"modified":"2024-08-05T14:29:34","modified_gmt":"2024-08-05T12:29:34","slug":"bambus-barhocker","status":"publish","type":"product","link":"https:\/\/www.moebel.org\/cms\/produkt\/bambus-barhocker\/","title":{"rendered":"Bambus-Barhocker mit Lehne"},"content":{"rendered":"<p><strong>Bambus-Barhocker<\/strong> mit Lehne (R\u00fcckenlehne), Sitze und Lehne gepolstert, heller Bambus mit hellen (geschliffenen) Rattan-Wicklungen, alles farblos lackiert.<\/p>\n<p>Sitz und Lehne von diesem Barhocker aus Bambus sind gepolstert, der Stoff ist abziehbar zum Waschen (Rei\u00dfverschluss).<\/p>\n<p>Sitzh\u00f6he ca. 75 cm + Polsterung, Gesamth\u00f6he (an der Lehne) 110 cm<\/p>\n<p>Die Preise sind ab Werk.<br \/>\nDas ist indonesische Handarbeit (Einzelanfertigung), Ausf\u00fchrung und Ma\u00dfe k\u00f6nnen daher variieren.<br \/>\nOptimal w\u00e4re wenn die M\u00f6bel abgeholt werden (Abverkauf, keine R\u00fccknahme m\u00f6glich), Lieferung per Spedition ist auch m\u00f6glich.<\/p>\n<p><a href=\"https:\/\/www.moebel.org\/cms\/kontaktformular\/\" target=\"_blank\" rel=\"noopener\"><img loading=\"lazy\" decoding=\"async\" class=\"auto-style1\" src=\"https:\/\/www.moebel.org\/e_mail_bild.jpg\" width=\"111\" height=\"25\"><\/a><\/p>\n<p><a href=\"https:\/\/www.moebel.org\/cms\/kontaktformular\/\" target=\"_blank\" rel=\"noopener\"><strong><span style=\"color: #d75e11;\">Anfrage<\/span><\/strong><\/a><\/p>\n","protected":false},"excerpt":{"rendered":"<p><strong>Barhocker aus Bambus<\/strong> die Variante mit Lehne, Sitze und Lehne gepolstert, heller Bambus mit hellen (geschliffenen) Rattan-Wicklungen, alles farblos lackiert. Sitz und Lehne gepolstert, Stoff ist \u00fcberall abziehbar zum Waschen (Rei\u00dfverschluss).<\/p>\n<p>Sitzh\u00f6he ca. 75cm + Polsterung&nbsp;<br \/>\nDie Preise sind ab Werk.<\/p>\n<p><a href=\"https:\/\/www.moebel.org\/cms\/kontaktformular\/\" target=\"_blank\" rel=\"noopener\"><strong><span style=\"color: #d75e11;\">Kontakt \/ Anfrage<\/span><\/strong><\/a><\/p>\n","protected":false},"featured_media":2849,"template":"","meta":{"ngg_post_thumbnail":0},"product_brand":[],"product_cat":[68],"product_tag":[49,437,436,52,366,199,463,168,353,211,169,439,170,166,438,165,162,200,167],"class_list":{"0":"post-2350","1":"product","2":"type-product","3":"status-publish","4":"has-post-thumbnail","6":"product_cat-bambusbarhocker","7":"product_tag-bambus","8":"product_tag-bambus-hocker","9":"product_tag-bambushocker","10":"product_tag-bambusmoebel","11":"product_tag-bar","12":"product_tag-barhocker","13":"product_tag-barmoebel","14":"product_tag-gaestezimmer","15":"product_tag-gepolstert","16":"product_tag-hocker","17":"product_tag-kinderzimmer","18":"product_tag-lehne","19":"product_tag-moebel","20":"product_tag-polsterung","21":"product_tag-rueckenlehne","22":"product_tag-sitzkomfort","23":"product_tag-sitzmoebel","24":"product_tag-tresenhocker","25":"product_tag-wohnzimmer","26":"product_shipping_class-spedition","28":"first","29":"instock","30":"taxable","31":"shipping-taxable","32":"purchasable","33":"product-type-simple"},"_links":{"self":[{"href":"https:\/\/www.moebel.org\/cms\/wp-json\/wp\/v2\/product\/2350","targetHints":{"allow":["GET"]}}],"collection":[{"href":"https:\/\/www.moebel.org\/cms\/wp-json\/wp\/v2\/product"}],"about":[{"href":"https:\/\/www.moebel.org\/cms\/wp-json\/wp\/v2\/types\/product"}],"wp:featuredmedia":[{"embeddable":true,"href":"https:\/\/www.moebel.org\/cms\/wp-json\/wp\/v2\/media\/2849"}],"wp:attachment":[{"href":"https:\/\/www.moebel.org\/cms\/wp-json\/wp\/v2\/media?parent=2350"}],"wp:term":[{"taxonomy":"product_brand","embeddable":true,"href":"https:\/\/www.moebel.org\/cms\/wp-json\/wp\/v2\/product_brand?post=2350"},{"taxonomy":"product_cat","embeddable":true,"href":"https:\/\/www.moebel.org\/cms\/wp-json\/wp\/v2\/product_cat?post=2350"},{"taxonomy":"product_tag","embeddable":true,"href":"https:\/\/www.moebel.org\/cms\/wp-json\/wp\/v2\/product_tag?post=2350"}],"curies":[{"name":"wp","href":"https:\/\/api.w.org\/{rel}","templated":true}]}}