{"id":2329,"date":"2021-01-23T21:58:34","date_gmt":"2021-01-23T20:58:34","guid":{"rendered":"https:\/\/www.moebel.org\/cms\/?post_type=product&#038;p=2329"},"modified":"2023-08-28T16:36:11","modified_gmt":"2023-08-28T14:36:11","slug":"wandbehang-stoff","status":"publish","type":"product","link":"https:\/\/www.moebel.org\/cms\/produkt\/wandbehang-stoff\/","title":{"rendered":"Wandbehang Stoff"},"content":{"rendered":"<p><strong>Wandschmuck<\/strong> und <strong>Dekoration<\/strong> in asiatischem Design, Wandbehang mit gedrechselten Holzst\u00e4ben oben und unten.<br \/>\nIndonesische Kunst.<br \/>\nEignet sich gut als tempor\u00e4rer Wandschmuck f\u00fcr Ausstellungen, kann zusammengerollt und in einem kleinen, l\u00e4nglichen Karton verstaut werden.&nbsp;<\/p>\n<p><a href=\"https:\/\/www.moebel.org\/cms\/kontaktformular\/\" target=\"_blank\" rel=\"noopener\"><strong><span style=\"color: #d75e11;\">Kontakt \/ Anfrage<\/span><\/strong><\/a><\/p>\n","protected":false},"excerpt":{"rendered":"<p>Wandschmuck \/ Wandbehang<br \/>\nIndonesische Kunst<\/p>\n<p><a href=\"https:\/\/www.moebel.org\/cms\/kontaktformular\/\" target=\"_blank\" rel=\"noopener\"><strong><span style=\"color: #d75e11;\">Kontakt \/ Anfrage<\/span><\/strong><\/a><\/p>\n","protected":false},"featured_media":2333,"template":"","meta":{"ngg_post_thumbnail":0},"product_brand":[],"product_cat":[84,707,66],"product_tag":[198,196,189,191,192,194,195,197,193],"class_list":{"0":"post-2329","1":"product","2":"type-product","3":"status-publish","4":"has-post-thumbnail","6":"product_cat-diverses","7":"product_cat-kueche_esszimmer_ausstattung","8":"product_cat-wandbehaenge-wandschmuck","9":"product_tag-art","10":"product_tag-dekoration","11":"product_tag-kunst","12":"product_tag-kunstwerk","13":"product_tag-kunstwerke","14":"product_tag-wandbehang","15":"product_tag-wandbehaenge","16":"product_tag-wanddekoration","17":"product_tag-wandschmuck","18":"product_shipping_class-paket-klein","20":"first","21":"instock","22":"sale","23":"sold-individually","24":"taxable","25":"shipping-taxable","26":"purchasable","27":"product-type-simple"},"_links":{"self":[{"href":"https:\/\/www.moebel.org\/cms\/wp-json\/wp\/v2\/product\/2329","targetHints":{"allow":["GET"]}}],"collection":[{"href":"https:\/\/www.moebel.org\/cms\/wp-json\/wp\/v2\/product"}],"about":[{"href":"https:\/\/www.moebel.org\/cms\/wp-json\/wp\/v2\/types\/product"}],"wp:featuredmedia":[{"embeddable":true,"href":"https:\/\/www.moebel.org\/cms\/wp-json\/wp\/v2\/media\/2333"}],"wp:attachment":[{"href":"https:\/\/www.moebel.org\/cms\/wp-json\/wp\/v2\/media?parent=2329"}],"wp:term":[{"taxonomy":"product_brand","embeddable":true,"href":"https:\/\/www.moebel.org\/cms\/wp-json\/wp\/v2\/product_brand?post=2329"},{"taxonomy":"product_cat","embeddable":true,"href":"https:\/\/www.moebel.org\/cms\/wp-json\/wp\/v2\/product_cat?post=2329"},{"taxonomy":"product_tag","embeddable":true,"href":"https:\/\/www.moebel.org\/cms\/wp-json\/wp\/v2\/product_tag?post=2329"}],"curies":[{"name":"wp","href":"https:\/\/api.w.org\/{rel}","templated":true}]}}