{"id":2252,"date":"2021-01-23T18:45:01","date_gmt":"2021-01-23T17:45:01","guid":{"rendered":"https:\/\/www.moebel.org\/cms\/?post_type=product&#038;p=2252"},"modified":"2025-06-04T14:19:20","modified_gmt":"2025-06-04T12:19:20","slug":"tempelschirm","status":"publish","type":"product","link":"https:\/\/www.moebel.org\/cms\/produkt\/tempelschirm\/","title":{"rendered":"Tempelschirme aus Bali"},"content":{"rendered":"<p><strong>Dekoration: Tempelschirme aus Bali.<\/strong><\/p>\n<p>Diese Schirme werden auf Bali &#8220;payung tedung&#8221; genannt (tedung dekorasi), bei uns werden sie meist als Party- oder Wohnzimmerdekoration verwendet und auch um Pflanzen und H\u00e4user zu versch\u00f6nern.<\/p>\n<p>Die Balinesen verwenden solche Tempelschirme in der Hindu-Religion f\u00fcr Zeremonien und (in gr\u00f6\u00dferer Ausf\u00fchrung) f\u00fcr Prozessionen und Hindu-Zeremonien. Prozessionen und Zeremonien gibt es enorm viele auf Bali, diese indonesische Insel ist reich an Traditionen und Kultur, Bali ist die Insel der G\u00f6tter.<\/p>\n<p>Bei diesen Tempelschirmen gibt es eine gro\u00dfe Vielfalt an Mustern, Formen, Gr\u00f6\u00dfen und Farben und die Schirme haben auf Bali eine starke Symbolkraft, man sieht sie praktisch \u00fcberall. Jedes Haus hat einen kleinen oder gr\u00f6\u00dferen Tempel und die Schirme dienen z. B. auch als festliche Dekoration bei Feuerbestattungen (Ngaben-Rituale), auch bekannt als &#8220;Pelebon&#8221; (der Name f\u00fcr die Verbrennung \/ Ein\u00e4scherung der Leiche, Teil des Ngaben-Rituals). So eine Feuerbestattung ist ein wichtiges Ritual im balinesischen Hinduismus (Reinkarnation, etc).<\/p>\n<p>Die Herstellung dieser Tempelschirme ist eine aufw\u00e4ndige Handwerkskunst, die von Generation zu Generation \u00fcberliefert wird, die unterschiedlichen Farben der Schirme werden auf der Insel der G\u00f6tter \u00fcbrigens verschiedenen G\u00f6ttern zugeordnet (Wisnu, Brahma, Shiwa,&nbsp; &#8230;).<\/p>\n<p>Das ist indonesische Handarbeit, Ausf\u00fchrung und Ma\u00dfe k\u00f6nnen daher variieren.<\/p>\n<p><a href=\"https:\/\/www.moebel.org\/cms\/kontaktformular\/\" target=\"_blank\" rel=\"noopener\"><img loading=\"lazy\" decoding=\"async\" class=\"auto-style1\" src=\"https:\/\/www.moebel.org\/e_mail_bild.jpg\" width=\"111\" height=\"25\"><\/a><br \/>\nGr\u00f6\u00dfere Schirme auf <a href=\"https:\/\/www.moebel.org\/cms\/kontaktformular\/\" target=\"_blank\" rel=\"noopener\"><span style=\"color: #d75e11;\">Anfrage<\/span><\/a><\/p>\n","protected":false},"excerpt":{"rendered":"<p>Schirm aus Asien, Dekoration,<\/p>\n<p><strong>Tempelschirme<\/strong> aus Bali&nbsp;<\/p>\n","protected":false},"featured_media":2242,"template":"","meta":{"ngg_post_thumbnail":0},"product_brand":[],"product_cat":[63,84,915],"product_tag":[350,196,917,461,916,442,443,444,445,918],"class_list":{"0":"post-2252","1":"product","2":"type-product","3":"status-publish","4":"has-post-thumbnail","6":"product_cat-dekoration-geschenkartikel","7":"product_cat-diverses","8":"product_cat-tempelschirme","9":"product_tag-bali","10":"product_tag-dekoration","11":"product_tag-hinduismus","12":"product_tag-indonesien","13":"product_tag-kultur","14":"product_tag-schirm","15":"product_tag-schirme","16":"product_tag-tempelschirm","17":"product_tag-tempelschirme","18":"product_tag-zeremonie","19":"product_shipping_class-paket-xl-bis-gurtmass","21":"first","22":"instock","23":"taxable","24":"shipping-taxable","25":"purchasable","26":"product-type-variable"},"_links":{"self":[{"href":"https:\/\/www.moebel.org\/cms\/wp-json\/wp\/v2\/product\/2252","targetHints":{"allow":["GET"]}}],"collection":[{"href":"https:\/\/www.moebel.org\/cms\/wp-json\/wp\/v2\/product"}],"about":[{"href":"https:\/\/www.moebel.org\/cms\/wp-json\/wp\/v2\/types\/product"}],"wp:featuredmedia":[{"embeddable":true,"href":"https:\/\/www.moebel.org\/cms\/wp-json\/wp\/v2\/media\/2242"}],"wp:attachment":[{"href":"https:\/\/www.moebel.org\/cms\/wp-json\/wp\/v2\/media?parent=2252"}],"wp:term":[{"taxonomy":"product_brand","embeddable":true,"href":"https:\/\/www.moebel.org\/cms\/wp-json\/wp\/v2\/product_brand?post=2252"},{"taxonomy":"product_cat","embeddable":true,"href":"https:\/\/www.moebel.org\/cms\/wp-json\/wp\/v2\/product_cat?post=2252"},{"taxonomy":"product_tag","embeddable":true,"href":"https:\/\/www.moebel.org\/cms\/wp-json\/wp\/v2\/product_tag?post=2252"}],"curies":[{"name":"wp","href":"https:\/\/api.w.org\/{rel}","templated":true}]}}