{"id":2168,"date":"2021-01-23T14:37:31","date_gmt":"2021-01-23T13:37:31","guid":{"rendered":"https:\/\/www.moebel.org\/cms\/?post_type=product&#038;p=2168"},"modified":"2024-08-05T14:31:06","modified_gmt":"2024-08-05T12:31:06","slug":"bambusbett-king-size","status":"publish","type":"product","link":"https:\/\/www.moebel.org\/cms\/produkt\/bambusbett-king-size\/","title":{"rendered":"Bambusbett King Size"},"content":{"rendered":"<p><strong>Bambusbett King Size <\/strong>(180&#215;200), heller Bambus.&nbsp;<\/p>\n<p>Lattenrost \/ Betteinsatz ist extra (falls ben\u00f6tigt),<br \/>\n3 Rohre am Kopfteil,<br \/>\nRattanwicklungen an den Enden der Rohre,<br \/>\nMa\u00dfe innen 180x200cm<\/p>\n<p>Das ist indonesische Handarbeit (Einzelanfertigung), Ausf\u00fchrung und Ma\u00dfe k\u00f6nnen daher variieren.<br \/>\nOptimal w\u00e4re wenn die M\u00f6bel abgeholt werden (Abverkauf, keine R\u00fccknahme m\u00f6glich), Lieferung per Spedition ist auch m\u00f6glich.<\/p>\n<p><a href=\"https:\/\/www.moebel.org\/cms\/kontaktformular\/\" target=\"_blank\" rel=\"noopener\"><img loading=\"lazy\" decoding=\"async\" class=\"auto-style1\" src=\"https:\/\/www.moebel.org\/e_mail_bild.jpg\" width=\"111\" height=\"25\"><\/a><\/p>\n<p><a href=\"https:\/\/www.moebel.org\/cms\/kontaktformular\/\" target=\"_blank\" rel=\"noopener\"><strong><span style=\"color: #d75e11;\">Anfrage<\/span><\/strong><\/a><\/p>\n","protected":false},"excerpt":{"rendered":"<p><strong>Bambusbett<\/strong> King Size (180&#215;200) ohne Lattenrost \/ Betteinsatz.<br \/>\n3 Rohre am Kopfteil<\/p>\n<p><a href=\"https:\/\/www.moebel.org\/cms\/kontaktformular\/\" target=\"_blank\" rel=\"noopener\"><strong><span style=\"color: #d75e11;\">Kontakt \/ Anfrage<\/span><\/strong><\/a><\/p>\n","protected":false},"featured_media":831,"template":"","meta":{"ngg_post_thumbnail":0},"product_brand":[],"product_cat":[71],"product_tag":[49,50,232,52,51,237,231,523,524,168,235,169,236,170,233,234],"class_list":{"0":"post-2168","1":"product","2":"type-product","3":"status-publish","4":"has-post-thumbnail","6":"product_cat-bambusbetten","7":"product_tag-bambus","8":"product_tag-bambusbett","9":"product_tag-bambusbetten","10":"product_tag-bambusmoebel","11":"product_tag-bett","12":"product_tag-bett-aus-bambus","13":"product_tag-betten","14":"product_tag-gaestebett","15":"product_tag-gaestebetten","16":"product_tag-gaestezimmer","17":"product_tag-gaestezimmermoebel","18":"product_tag-kinderzimmer","19":"product_tag-kinderzimmermoebel","20":"product_tag-moebel","21":"product_tag-schlafzimmer","22":"product_tag-schlafzimmermoebel","23":"product_shipping_class-spedition","25":"first","26":"instock","27":"taxable","28":"shipping-taxable","29":"purchasable","30":"product-type-simple"},"_links":{"self":[{"href":"https:\/\/www.moebel.org\/cms\/wp-json\/wp\/v2\/product\/2168","targetHints":{"allow":["GET"]}}],"collection":[{"href":"https:\/\/www.moebel.org\/cms\/wp-json\/wp\/v2\/product"}],"about":[{"href":"https:\/\/www.moebel.org\/cms\/wp-json\/wp\/v2\/types\/product"}],"wp:featuredmedia":[{"embeddable":true,"href":"https:\/\/www.moebel.org\/cms\/wp-json\/wp\/v2\/media\/831"}],"wp:attachment":[{"href":"https:\/\/www.moebel.org\/cms\/wp-json\/wp\/v2\/media?parent=2168"}],"wp:term":[{"taxonomy":"product_brand","embeddable":true,"href":"https:\/\/www.moebel.org\/cms\/wp-json\/wp\/v2\/product_brand?post=2168"},{"taxonomy":"product_cat","embeddable":true,"href":"https:\/\/www.moebel.org\/cms\/wp-json\/wp\/v2\/product_cat?post=2168"},{"taxonomy":"product_tag","embeddable":true,"href":"https:\/\/www.moebel.org\/cms\/wp-json\/wp\/v2\/product_tag?post=2168"}],"curies":[{"name":"wp","href":"https:\/\/api.w.org\/{rel}","templated":true}]}}