{"id":645,"date":"2018-08-27T15:17:38","date_gmt":"2018-08-27T13:17:38","guid":{"rendered":"https:\/\/www.moebel.org\/cms\/?page_id=645"},"modified":"2019-09-28T20:19:27","modified_gmt":"2019-09-28T18:19:27","slug":"startseite-zum-testen","status":"publish","type":"page","link":"https:\/\/www.moebel.org\/cms\/","title":{"rendered":"M\u00f6bel Mitter"},"content":{"rendered":"<h1 style=\"text-align: center;\">M\u00f6bel f\u00fcr den Privatbereich und f\u00fcr Objekte<\/h1>\n<p style=\"text-align: center;\">Fertigm\u00f6bel und Einbaum\u00f6bel nach Ma\u00df, Objektm\u00f6bel und M\u00f6bel f\u00fcr Messen, Hotels, Pensionen, Theater, Veranstaltungen und f\u00fcr die Gastronomie.<\/p>\n<p style=\"text-align: center;\">Vereinsbedarf wie Stadionsitze, Trib\u00fcnensitze und B\u00e4nke, Logotischplatten und Merchandising-Artikel f\u00fcr Firmen und Vereine.<\/p>\n<p style=\"text-align: center;\">M\u00f6bel f\u00fcr Kommunen, Veranstalter, Seminare und f\u00fcr S\u00e4le in Gemeinden (Sessel \/ Stapelst\u00fchle, Tische, Barhocker,&#8230;), Sitze f\u00fcr Wartezimmer und Sportstadien und Kantinen-M\u00f6bel f\u00fcr Firmen sowie Dekoration und Geschenkartikel.<\/p>\n<h2 style=\"text-align: center;\">Bambusm\u00f6bel<\/h2>\n<p style=\"text-align: center;\"><a href=\"https:\/\/www.moebel.org\/cms\/bambusbetten\/\"><img loading=\"lazy\" decoding=\"async\" class=\"alignnone wp-image-831 size-full\" src=\"https:\/\/www.moebel.org\/cms\/wp-content\/uploads\/bambusmoebel-bambusbetten.jpg\" alt=\"\" width=\"192\" height=\"111\" srcset=\"https:\/\/www.moebel.org\/cms\/wp-content\/uploads\/bambusmoebel-bambusbetten.jpg 192w, https:\/\/www.moebel.org\/cms\/wp-content\/uploads\/bambusmoebel-bambusbetten-150x87.jpg 150w, https:\/\/www.moebel.org\/cms\/wp-content\/uploads\/bambusmoebel-bambusbetten-50x29.jpg 50w, https:\/\/www.moebel.org\/cms\/wp-content\/uploads\/bambusmoebel-bambusbetten-130x75.jpg 130w\" sizes=\"auto, (max-width:767px) 192px, 192px\" \/><\/a> <a href=\"https:\/\/www.moebel.org\/cms\/himmelbetten\/\"><img loading=\"lazy\" decoding=\"async\" class=\"alignnone wp-image-832 size-full\" src=\"https:\/\/www.moebel.org\/cms\/wp-content\/uploads\/bambusmoebel-himmelbett-aus-bambus-small.jpg\" alt=\"\" width=\"125\" height=\"113\" srcset=\"https:\/\/www.moebel.org\/cms\/wp-content\/uploads\/bambusmoebel-himmelbett-aus-bambus-small.jpg 125w, https:\/\/www.moebel.org\/cms\/wp-content\/uploads\/bambusmoebel-himmelbett-aus-bambus-small-50x45.jpg 50w, https:\/\/www.moebel.org\/cms\/wp-content\/uploads\/bambusmoebel-himmelbett-aus-bambus-small-83x75.jpg 83w\" sizes=\"auto, (max-width:767px) 125px, 125px\" \/><\/a> <a href=\"https:\/\/www.moebel.org\/cms\/sitzgruppen-sofas\/\"><img loading=\"lazy\" decoding=\"async\" class=\"alignnone size-medium wp-image-833\" src=\"https:\/\/www.moebel.org\/cms\/wp-content\/uploads\/bambusmoebel-madura_2er_sofa_freigestellt_01_small.jpg\" alt=\"\" width=\"128\" height=\"113\" srcset=\"https:\/\/www.moebel.org\/cms\/wp-content\/uploads\/bambusmoebel-madura_2er_sofa_freigestellt_01_small.jpg 128w, https:\/\/www.moebel.org\/cms\/wp-content\/uploads\/bambusmoebel-madura_2er_sofa_freigestellt_01_small-50x44.jpg 50w, https:\/\/www.moebel.org\/cms\/wp-content\/uploads\/bambusmoebel-madura_2er_sofa_freigestellt_01_small-85x75.jpg 85w\" sizes=\"auto, (max-width:767px) 128px, 128px\" \/><\/a><\/p>\n<p style=\"text-align: center;\">Bambus im Wohnraum oder Hotel: Bambusbetten, Tische, St\u00fchle, Schr\u00e4nke, Garderoben und sonstige Kleinm\u00f6bel.<\/p>\n<p style=\"text-align: center;\"><a href=\"https:\/\/www.moebel.org\/cms\/bambusschraenke-kaesten\/\"><img loading=\"lazy\" decoding=\"async\" class=\"alignnone size-medium wp-image-834\" src=\"https:\/\/www.moebel.org\/cms\/wp-content\/uploads\/bambusschraenke-bambuskommoden-laden-laci-tiga-60_offen_small.jpg\" alt=\"\" width=\"106\" height=\"111\" srcset=\"https:\/\/www.moebel.org\/cms\/wp-content\/uploads\/bambusschraenke-bambuskommoden-laden-laci-tiga-60_offen_small.jpg 106w, https:\/\/www.moebel.org\/cms\/wp-content\/uploads\/bambusschraenke-bambuskommoden-laden-laci-tiga-60_offen_small-48x50.jpg 48w, https:\/\/www.moebel.org\/cms\/wp-content\/uploads\/bambusschraenke-bambuskommoden-laden-laci-tiga-60_offen_small-72x75.jpg 72w\" sizes=\"auto, (max-width:767px) 106px, 106px\" \/><\/a> <a href=\"https:\/\/www.moebel.org\/cms\/wohnzimmertische\/\"><img loading=\"lazy\" decoding=\"async\" class=\"alignnone size-medium wp-image-835\" src=\"https:\/\/www.moebel.org\/cms\/wp-content\/uploads\/Bambustisch-Cross-3-schwarzer-Bambus-P1110682_sm.jpg\" alt=\"\" width=\"75\" height=\"111\" srcset=\"https:\/\/www.moebel.org\/cms\/wp-content\/uploads\/Bambustisch-Cross-3-schwarzer-Bambus-P1110682_sm.jpg 75w, https:\/\/www.moebel.org\/cms\/wp-content\/uploads\/Bambustisch-Cross-3-schwarzer-Bambus-P1110682_sm-34x50.jpg 34w, https:\/\/www.moebel.org\/cms\/wp-content\/uploads\/Bambustisch-Cross-3-schwarzer-Bambus-P1110682_sm-51x75.jpg 51w\" sizes=\"auto, (max-width:767px) 75px, 75px\" \/><\/a> <a href=\"https:\/\/www.moebel.org\/cms\/kleinmoebel-und-accessoires\/\"><img loading=\"lazy\" decoding=\"async\" class=\"alignnone size-medium wp-image-836\" src=\"https:\/\/www.moebel.org\/cms\/wp-content\/uploads\/Barhocker-bambus-mit-Lehne-small.jpg\" alt=\"\" width=\"63\" height=\"111\" srcset=\"https:\/\/www.moebel.org\/cms\/wp-content\/uploads\/Barhocker-bambus-mit-Lehne-small.jpg 63w, https:\/\/www.moebel.org\/cms\/wp-content\/uploads\/Barhocker-bambus-mit-Lehne-small-28x50.jpg 28w, https:\/\/www.moebel.org\/cms\/wp-content\/uploads\/Barhocker-bambus-mit-Lehne-small-43x75.jpg 43w\" sizes=\"auto, (max-width:767px) 63px, 63px\" \/><\/a> <a href=\"https:\/\/www.moebel.org\/cms\/bambusliegen\/\"><img loading=\"lazy\" decoding=\"async\" class=\"alignnone size-medium wp-image-837\" src=\"https:\/\/www.moebel.org\/cms\/wp-content\/uploads\/Liege-Relaxliege-Saunaliege-Wellnessliege-Bambusliege-Rasti-1_small.jpg\" alt=\"\" width=\"163\" height=\"111\" srcset=\"https:\/\/www.moebel.org\/cms\/wp-content\/uploads\/Liege-Relaxliege-Saunaliege-Wellnessliege-Bambusliege-Rasti-1_small.jpg 163w, https:\/\/www.moebel.org\/cms\/wp-content\/uploads\/Liege-Relaxliege-Saunaliege-Wellnessliege-Bambusliege-Rasti-1_small-150x102.jpg 150w, https:\/\/www.moebel.org\/cms\/wp-content\/uploads\/Liege-Relaxliege-Saunaliege-Wellnessliege-Bambusliege-Rasti-1_small-50x34.jpg 50w, https:\/\/www.moebel.org\/cms\/wp-content\/uploads\/Liege-Relaxliege-Saunaliege-Wellnessliege-Bambusliege-Rasti-1_small-110x75.jpg 110w\" sizes=\"auto, (max-width:767px) 163px, 163px\" \/><\/a><\/p>\n<p style=\"text-align: center;\">Himmelbetten und normale Betten f\u00fcr das Schlafzimmer), K\u00e4sten, Nachtk\u00e4stchen und Kommoden aus Bambus, B\u00fcrom\u00f6bel, Schreibitsche und dazu passende St\u00fchle, Wintergartenm\u00f6bel und Sitzm\u00f6bel f\u00fcr alle Bereiche<\/p>\n<p>&nbsp;<\/p>\n<p>Bambusmoebel, Sofa Bmbusm\u00f6bel \/ Bambusbett<br \/>\nSessel, Barhocker Liege aus Bambus<br \/>\nVitrinen &#8211; Glasvitrinen &#8211; Shopsysteme<br \/>\nVitrinen Glas \/ Alu zum Pr\u00e4sentieren von sch\u00f6nen Dingen, ideal f\u00fcr Sammler, Ausstellungen, Gesch\u00e4fte, L\u00e4den, B\u00fcros, Messen und f\u00fcr den privaten Bereich, Glasvitrinen sperrbar und fahrbar sowie Shopsysteme und Theken<br \/>\nVitrine \/ Glasvitrine Vitrine-aus-Glas_sm Messevitrine mit Sicherheitsglas<br \/>\nEckvitrine mit Sicherheitsglas Vitrine mit Staufach Vitrine, Glasvitrine<br \/>\nSitzm\u00f6bel (Sessel, Klappst\u00fchle, Stapelst\u00fchle)<br \/>\nKlassisch, zeitlos oder rustikal, St\u00fchle aus Holz &amp; Metall f\u00fcr alle m\u00f6glichen Einsatzbereiche im privaten und gewerblichen Sektor. Stapest\u00fchle aus Sperrholz oder Kunststoff, klappbare St\u00fchle die wenig Stauraum brauchen, rustikale Sessel aus Massivholz f\u00fcr Skih\u00fctten und Restaurants, St\u00fchle zum Stapeln mit Schreibablage (f\u00fcr Seminare und Vortr\u00e4ge), Sessel f\u00fcr private Speisezimmer \/ Esszimmer, f\u00fcr Gastronomie, Seminarr\u00e4ume, Hotels und Pensionen. Klappst\u00fchle, Stapelst\u00fchle, Holzst\u00fchle.<br \/>\nKlappsessel mit Schreibablage Sessel \/ Stuhl klappbar Sessel aus Holz, gepolstert<br \/>\nSessel mit Herz Stapelstuhl, Stuhl zum Stapeln mit ReihenverbinderStapelsessel, Sessel f\u00fcr Veranstalter Sessel aus Holz<br \/>\nStadionsitze \/ Trib\u00fcnensitze (Sitzschalen, Klappsitze und B\u00e4nke)<br \/>\nSitze f\u00fcr das Stadion mit Schalen aus Polypropylen, Polyamid oder Aluminium, f\u00fcr Fu\u00dfballpl\u00e4tze, Sportpl\u00e4tze, Hallen und Vereine. Klappsitze und Schalensitze (nur Sitzschalen), f\u00fcr Montage direkt auf Stufe (bzw. Beton), oder vor Stufe bzw. an einer Wand (z. B. im Wartesaal der Arztpraxis) und auch Stadionsitze auf Traverse (Stahl, pulverbeschichtet oder f\u00fcr den Au\u00dfenbereich feuerverzinkt), Traversenb\u00e4nke als Spielerb\u00e4nke mit beliebig vielen Sitzpl\u00e4tzen<br \/>\nStadionsitz, Klappsitz, Sitzschale, Schalensitz Sitz f\u00fcr Sportplatz, Fussballplatz Klappbarer Stadionsitz<br \/>\nStadionsitzbank Stadionsitz aus Aluminium<br \/>\nBarhocker \/ Tresenhocker \/ Hocker<br \/>\nBarhocker aus Holz, Stahl, Aluminium und Bambus, Outdoor-Barhocker mit Poly-Rattan (wasserfestes Kunststoffgeflecht f\u00fcr den Au\u00dfenbereich), Barhocker komplett oder nur Gestelle ohne Sitz (Stahl schwarz beschichtet, verzinkt, verchromt, vermessingt, vergoldet oder Edelstahl). Sitze und Lehnen f\u00fcr Barhocker \/ Tresenhocker mit Bezug aus Leder, Kunstleder und Stoff, Sitze aus Holz (Buche roh). Sitzm\u00f6bel f\u00fcr Indoor- und Outdoor-Bereich<br \/>\nTresenhocker, Barhocker-Gestelle aus Metall Gestelle aus Metall Barhocker Holz<br \/>\nMessing-Tresenhocker, Barhocker Barhocker aus Holz, gepolstert Gartenmoebel, Terrassenmoebel<br \/>\nTische \/ Tischgestelle \/ Klapptische \/ Stehtische<br \/>\nTische f\u00fcr Wohnzimmer, Esszimmer und Winterg\u00e4rten im privaten Heim, Stehtische, Esstische und Tischbeine (Tischgestelle) f\u00fcr Restaurants, Hotels, Gastg\u00e4rten, Bars, Seminarr\u00e4ume und \u00fcberall sonst in der Gastronomie, M\u00f6bel f\u00fcr Hotelzimmer (fixe Tische, Klapptische und h\u00f6henverstellbare Tische, rubuste Produkte f\u00fcr gewerbliche und private Zwecke<br \/>\nGestell f\u00fcr Stehtisch Tisch f\u00fcr Essbereich, Gastronomie Klapptisch, Gestell hoehenverstellbar<br \/>\nKlapptisch<br \/>\nTischplatten \/ Zuschnitte \/Borde<br \/>\nIndoor- und Outdoor-Tischplatten aus Holz, Kunststoff, Inox, Glas, Mineralgranit, Dekorspanplatte (mit ABS-Starkkante) und Laminat, Zuschnitte und Borde bis 38 mm St\u00e4rke mit Bekantung. Tischplatten mit Bild bzw. Logo (Firmenlogo, Vereinslogo), die Tischplatten f\u00fcr den Innenbereich gibt es in vielen m\u00f6glichen Formen und Gr\u00f6\u00dfen und auch nach Ma\u00df bzw. Skizze. Die wasser- und wetterfesten Tischplatten haben fixe Gr\u00f6\u00dfen und Formen, da sind keine Sonderanfertigung m\u00f6glich (weil die werden fugenlos gepresst)<br \/>\nTischplatten, auch Sonderanfertigungen Tischplatten in Sonderform Tischplatten in vielen Formen<br \/>\nTischplatte mit ABS-Kante, Starkkante Massivholz-Tischplatte Tischplatte mit Rundung<br \/>\nGeschenkartikel &amp; Dekoration<br \/>\nInnovative Geschenke, Mitbringsel und Dekorationsgegenst\u00e4nde wie Masken, Didgeridoos und Trommeln (schamanische Trommeln, Ocean-Drums, Flat-Drums). Kunstwerke und dekorative Bilder, Geschenkartikel mit Motiven, feinste Schnitzkunst und Figuren mit Bedeutung (Tiermotive, Buddhas oder Tierkreiszeichen \/ Sternzeichen, Heiligenfiguren). Riesige Auswahl, Geschenkartikel f\u00fcr jeden Anlass, Kunst und Dekoration f\u00fcr alle Wohnbereiche<br \/>\nSchmanische Trommel Bild, Kunst, Malerei Didgeridoo und Didgeridoost\u00e4nder<br \/>\nFiguren und Masken, Menschen und Tiere Puzzleboxen u. Geschenkartikel Hand als Obstschale<br \/>\nGartenm\u00f6bel \/ Outdoor-M\u00f6bel \/ Terassenm\u00f6bel<br \/>\nWasserfeste und wetterfeste M\u00f6bel f\u00fcr den Au\u00dfen-Einsatz, Gartenm\u00f6bel wie stapelbare Gartensessel, Tische fix oder klappbar (Platte vom Tisch abklappbar), wetterfeste Barhocker, Liegen, B\u00e4nke und St\u00fchle, Hocker und Kleinm\u00f6bel f\u00fcr den privaten Garten, f\u00fcr den Balkon und f\u00fcr die Terrasse, robuste Outdoor-M\u00f6bel f\u00fcr den gewerblichen Gastgarten in der Gastronomie und Hotellerie. Outdoor-M\u00f6bel Alu, Stahl und Kunststoff (Poly-Rattan, PVC, &#8230;)<br \/>\nGartenm\u00f6bel, Terrassenm\u00f6bel, Gastgartenm\u00f6bel Gartenm\u00f6bel, Gartentische klappbar Gartensessel, Gartenliege M\u00f6bel f\u00fcr den Garten<br \/>\nGartensessel Aluminium Gartentisch klappbar Gartenbank<br \/>\nGeschenkartikel, Mitbringsel<br \/>\nGeschenke und Mitbringsel zum Thema Sternzeichen und Astrologie sowie Dekoration in vielen Varianten<br \/>\nSternzeichen Jungfrau Sternzeichenfigur Jungfrau, Clip-Clap Katzen-Paar aus Holz<br \/>\nAlles Gute allen Besuchern die Geburtstag haben!<\/p>\n<p>M\u00f6bel Mitter, ansprechendes Design und gute Qualit\u00e4t, formsch\u00f6ne und stabile M\u00f6bel f\u00fcr Privatbereich und Gastronomie (Objektm\u00f6bel), Sonderanfertigung von M\u00f6beln aller Art, Dekoration und Geschenkartikel. Import und Export weltweit<br \/>\nwww.moebel.org<\/p>\n<p>Copyright \u00a9 M\u00f6bel Mitter, A- 4710 Grieskirchen<\/p>\n<p>Unser Motto: Gute Ware zu fairen Preisen! M\u00f6bel, Dekoration, Geschenkartikel, Kinositze und Stadionsitze<\/p>\n<p>Kontakt<\/p>\n<p>&nbsp;<\/p>\n<p>&nbsp;<\/p>\n<p>&nbsp;<\/p>\n<p>&nbsp;<\/p>\n<h1><\/h1>\n<p>&nbsp;<\/p>\n","protected":false},"excerpt":{"rendered":"<p>M\u00f6bel f\u00fcr den Privatbereich und f\u00fcr Objekte Fertigm\u00f6bel und Einbaum\u00f6bel nach Ma\u00df, Objektm\u00f6bel und M\u00f6bel f\u00fcr Messen, Hotels, Pensionen, Theater, Veranstaltungen und f\u00fcr die Gastronomie. Vereinsbedarf<span class=\"excerpt-hellip\"> [\u2026]<\/span><\/p>\n","protected":false},"author":1,"featured_media":0,"parent":0,"menu_order":0,"comment_status":"closed","ping_status":"closed","template":"","meta":{"ngg_post_thumbnail":0,"footnotes":""},"class_list":["post-645","page","type-page","status-publish","hentry"],"_links":{"self":[{"href":"https:\/\/www.moebel.org\/cms\/wp-json\/wp\/v2\/pages\/645","targetHints":{"allow":["GET"]}}],"collection":[{"href":"https:\/\/www.moebel.org\/cms\/wp-json\/wp\/v2\/pages"}],"about":[{"href":"https:\/\/www.moebel.org\/cms\/wp-json\/wp\/v2\/types\/page"}],"author":[{"embeddable":true,"href":"https:\/\/www.moebel.org\/cms\/wp-json\/wp\/v2\/users\/1"}],"replies":[{"embeddable":true,"href":"https:\/\/www.moebel.org\/cms\/wp-json\/wp\/v2\/comments?post=645"}],"version-history":[{"count":34,"href":"https:\/\/www.moebel.org\/cms\/wp-json\/wp\/v2\/pages\/645\/revisions"}],"predecessor-version":[{"id":2114,"href":"https:\/\/www.moebel.org\/cms\/wp-json\/wp\/v2\/pages\/645\/revisions\/2114"}],"wp:attachment":[{"href":"https:\/\/www.moebel.org\/cms\/wp-json\/wp\/v2\/media?parent=645"}],"curies":[{"name":"wp","href":"https:\/\/api.w.org\/{rel}","templated":true}]}}