{"id":524,"date":"2018-08-26T10:45:54","date_gmt":"2018-08-26T08:45:54","guid":{"rendered":"https:\/\/www.moebel.org\/cms\/?page_id=524"},"modified":"2018-08-26T21:52:46","modified_gmt":"2018-08-26T19:52:46","slug":"kontaktformular","status":"publish","type":"page","link":"https:\/\/www.moebel.org\/cms\/kontaktformular\/","title":{"rendered":"Kontaktformular"},"content":{"rendered":"\n<div class=\"wpcf7 no-js\" id=\"wpcf7-f521-o1\" lang=\"de-DE\" dir=\"ltr\" data-wpcf7-id=\"521\">\n<div class=\"screen-reader-response\"><p role=\"status\" aria-live=\"polite\" aria-atomic=\"true\"><\/p> <ul><\/ul><\/div>\n<form action=\"\/cms\/wp-json\/wp\/v2\/pages\/524#wpcf7-f521-o1\" method=\"post\" class=\"wpcf7-form init\" aria-label=\"Kontaktformular\" novalidate=\"novalidate\" data-status=\"init\">\n<fieldset class=\"hidden-fields-container\"><input type=\"hidden\" name=\"_wpcf7\" value=\"521\" \/><input type=\"hidden\" name=\"_wpcf7_version\" value=\"6.1.5\" \/><input type=\"hidden\" name=\"_wpcf7_locale\" value=\"de_DE\" \/><input type=\"hidden\" name=\"_wpcf7_unit_tag\" value=\"wpcf7-f521-o1\" \/><input type=\"hidden\" name=\"_wpcf7_container_post\" value=\"0\" \/><input type=\"hidden\" name=\"_wpcf7_posted_data_hash\" value=\"\" \/><input type=\"hidden\" name=\"_wpcf7_recaptcha_response\" value=\"\" \/>\n<\/fieldset>\n<font size=4 COLOR=\"#086A87\">\n\t<p><b>Kontakt:<\/b>\n\t<\/p>\n<\/font>\n<p>Adresse vom <b>Lager<\/b>:\tA - 4710 Grieskirchen, Uferstra\u00dfe (Abholungen oder Besichtigungen nur nach Terminvereinbarung m\u00f6glich).\n<\/p>\n<p>Tel. (f\u00fcr <b>\u00d6sterreich<\/b>):\t0043 699 11 11 01 01<br \/>\nTel. (f\u00fcr <b>Deutschland<\/b>):\t0049 157 30 99 60 84\n<\/p>\n<p>Die Telefonnummer f\u00fcr Kunden aus Deutschland ist nicht immer besetzt, Sie k\u00f6nnen uns nat\u00fcrlich jederzeit eine E-Mail senden.\n<\/p>\n<p>Wenn Sie von Ihrem E-Mail-Programm aus senden wollen, hier die <b>E-Mail-Adresse<\/b>:\n<\/p>\n<p><img border=\"0\" src=https:\/\/www.moebel.org\/email_bild_CMS.gif height=\"55\" width=\"338\" alt=\"E-Mail zu Fa. Mitter - design and more\" \/>\n<\/p>\n<font size=4 COLOR=\"#086A87\">Info zum E-Mail Formular:\n<\/font>\n<p>Das E-Mail Formular ist dzt. deaktiviert (Probleme mit Spam-E-Mails), verwenden Sie bitte die hier oberhalb eingeblendete E-Mail Adresse f\u00fcr ihr E-Mail Programm.\n<\/p><p style=\"display: none !important;\" class=\"akismet-fields-container\" data-prefix=\"_wpcf7_ak_\"><label>&#916;<textarea name=\"_wpcf7_ak_hp_textarea\" cols=\"45\" rows=\"8\" maxlength=\"100\"><\/textarea><\/label><input type=\"hidden\" id=\"ak_js_1\" name=\"_wpcf7_ak_js\" value=\"160\"\/><script type=\"text\/javascript\">\n\/* <![CDATA[ *\/\ndocument.getElementById( \"ak_js_1\" ).setAttribute( \"value\", ( new Date() ).getTime() );\n\/* ]]> *\/\n<\/script>\n<\/p><div class=\"wpcf7-response-output\" aria-hidden=\"true\"><\/div>\n<\/form>\n<\/div>\n\n","protected":false},"excerpt":{"rendered":"","protected":false},"author":1,"featured_media":0,"parent":0,"menu_order":0,"comment_status":"closed","ping_status":"closed","template":"","meta":{"ngg_post_thumbnail":0,"footnotes":""},"class_list":["post-524","page","type-page","status-publish","hentry"],"_links":{"self":[{"href":"https:\/\/www.moebel.org\/cms\/wp-json\/wp\/v2\/pages\/524","targetHints":{"allow":["GET"]}}],"collection":[{"href":"https:\/\/www.moebel.org\/cms\/wp-json\/wp\/v2\/pages"}],"about":[{"href":"https:\/\/www.moebel.org\/cms\/wp-json\/wp\/v2\/types\/page"}],"author":[{"embeddable":true,"href":"https:\/\/www.moebel.org\/cms\/wp-json\/wp\/v2\/users\/1"}],"replies":[{"embeddable":true,"href":"https:\/\/www.moebel.org\/cms\/wp-json\/wp\/v2\/comments?post=524"}],"version-history":[{"count":5,"href":"https:\/\/www.moebel.org\/cms\/wp-json\/wp\/v2\/pages\/524\/revisions"}],"predecessor-version":[{"id":2623,"href":"https:\/\/www.moebel.org\/cms\/wp-json\/wp\/v2\/pages\/524\/revisions\/2623"}],"wp:attachment":[{"href":"https:\/\/www.moebel.org\/cms\/wp-json\/wp\/v2\/media?parent=524"}],"curies":[{"name":"wp","href":"https:\/\/api.w.org\/{rel}","templated":true}]}}