{"id":4234,"date":"2021-05-02T09:07:40","date_gmt":"2021-05-02T07:07:40","guid":{"rendered":"https:\/\/www.moebel.org\/cms\/?page_id=4234"},"modified":"2021-05-03T09:27:22","modified_gmt":"2021-05-03T07:27:22","slug":"tischgestelle-esstisch-restaurant-gastronomie-hotellerie","status":"publish","type":"page","link":"https:\/\/www.moebel.org\/cms\/tischgestelle-esstisch-restaurant-gastronomie-hotellerie\/","title":{"rendered":"Tischgestelle Esstische, Restaurant, Gastronomie, Hotellerie"},"content":{"rendered":"\n<p><strong>\u00dcbersicht <\/strong>\u00fcber die Tischgestelle in Esstisch-H\u00f6he (circa 700 mm exkl. der Tischplatte), Serie &#8220;<strong>Wales<\/strong>&#8220;. Diese Tischgestelle eignen sich f\u00fcr den privaten Einsatz zu Hause und in der Gastronomie (in Restaurants oder Hotels). <\/p>\n\n\n\n<p>Verf\u00fcgbare <strong>Oberfl\u00e4chen <\/strong>sind Stahl verchromt, pulverbeschichtet oder lackiert, Edelstahl rostfrei (Inox, Nirosta, VA-Stahl, Chromstahl oder Chrom-Nickelstahl, Stainless Steel, &#8230;) teilweise auch vergoldet und auch Kombinationen Stahl und Holz (S\u00e4ulen aus Holz, buche roh). <\/p>\n\n\n\n<p><a href=\"https:\/\/www.moebel.org\/tischgestelle-esstische.htm\"><strong><span style=\"color:#cc3300\" class=\"has-inline-color\">Zur\u00fcck <\/span><\/strong><\/a>zur alten HTML-Seite.<\/p>\n\n\n\nngg_shortcode_0_placeholder\n\n\n\n<p><strong><a href=\"https:\/\/www.moebel.org\/kontakt.htm\" target=\"_blank\" rel=\"noreferrer noopener\"><span style=\"color:#cc3300\" class=\"has-inline-color\">Anfrage \/ Kontakt <\/span><\/a><\/strong><\/p>\n\n\n\n<p>Wir erstellen grunds\u00e4tzlich <strong>Angebote nach Menge<\/strong>, ein Richtpreis exkl. MwSt. und exkl. Transport ist am Ende vom jeweiligen Dateinamen zu finden, die Zahl nach dem Buchstaben &#8220;e&#8221;.<\/p>\n\n\n\n<p>Je nach Oberfl\u00e4chenbeschaffenheit variieren die Preise, S\u00e4ulen sind grunds\u00e4tzlich in Buche roh (also ohne Lackierung oder Beize), beizen und lackieren der Holzs\u00e4ulen ist grunds\u00e4tzlich gegen Aufpreis m\u00f6glich.<\/p>\n\n\n\n<p><strong>Tischplatten <\/strong>zu den Tischgestellen finden Sie<strong> <a rel=\"noreferrer noopener\" href=\"https:\/\/www.moebel.org\/tischplatten-tischplatte.htm\" target=\"_blank\"><span style=\"color:#cc3300\" class=\"has-inline-color\">hier<\/span><\/a>.<\/strong><\/p>\n\n\n\n<p> <a href=\"https:\/\/www.moebel.org\/tischgestelle-esstische.htm\"><strong><span style=\"color:#cc3300\" class=\"has-inline-color\">Zur\u00fcck <\/span><\/strong><\/a>zur alten HTML-Seite.<\/p>\n\n\n\n<p><\/p>\n","protected":false},"excerpt":{"rendered":"<p>\u00dcbersicht \u00fcber die Tischgestelle in Esstisch-H\u00f6he (circa 700 mm exkl. der Tischplatte), Serie &#8220;Wales&#8220;. Diese Tischgestelle eignen sich f\u00fcr den privaten Einsatz zu Hause und in<span class=\"excerpt-hellip\"> [\u2026]<\/span><\/p>\n","protected":false},"author":1,"featured_media":0,"parent":0,"menu_order":0,"comment_status":"closed","ping_status":"closed","template":"","meta":{"ngg_post_thumbnail":0,"footnotes":""},"class_list":["post-4234","page","type-page","status-publish","hentry"],"_links":{"self":[{"href":"https:\/\/www.moebel.org\/cms\/wp-json\/wp\/v2\/pages\/4234","targetHints":{"allow":["GET"]}}],"collection":[{"href":"https:\/\/www.moebel.org\/cms\/wp-json\/wp\/v2\/pages"}],"about":[{"href":"https:\/\/www.moebel.org\/cms\/wp-json\/wp\/v2\/types\/page"}],"author":[{"embeddable":true,"href":"https:\/\/www.moebel.org\/cms\/wp-json\/wp\/v2\/users\/1"}],"replies":[{"embeddable":true,"href":"https:\/\/www.moebel.org\/cms\/wp-json\/wp\/v2\/comments?post=4234"}],"version-history":[{"count":14,"href":"https:\/\/www.moebel.org\/cms\/wp-json\/wp\/v2\/pages\/4234\/revisions"}],"predecessor-version":[{"id":4560,"href":"https:\/\/www.moebel.org\/cms\/wp-json\/wp\/v2\/pages\/4234\/revisions\/4560"}],"wp:attachment":[{"href":"https:\/\/www.moebel.org\/cms\/wp-json\/wp\/v2\/media?parent=4234"}],"curies":[{"name":"wp","href":"https:\/\/api.w.org\/{rel}","templated":true}]}}