{"id":407,"date":"2018-08-23T17:22:26","date_gmt":"2018-08-23T15:22:26","guid":{"rendered":"https:\/\/www.moebel.org\/cms\/?page_id=407"},"modified":"2018-08-23T17:22:26","modified_gmt":"2018-08-23T15:22:26","slug":"kleinmoebel-und-accessoires","status":"publish","type":"page","link":"https:\/\/www.moebel.org\/cms\/kleinmoebel-und-accessoires\/","title":{"rendered":"Kleinm\u00f6bel und Accessoires"},"content":{"rendered":"<h1><b><span style=\"font-size: large;\">Bambusm\u00f6bel und Accessoires!<\/span><\/b><\/h1>\n<p><span style=\"font-size: small;\">Blumen\u00fcbert\u00f6pfe,\u00a0<\/span><span style=\"font-size: small;\">Lampen und\u00a0<\/span><span style=\"font-size: small;\">Spiegel, Accessoires und Kleinm\u00f6bel aus Bambus. Garderoben f\u00fcr Vorraum, Hotelzimmer oder Schlafzimmer,\u00a0<\/span><span style=\"font-size: small;\">Hundebetten und Katzenbetten f\u00fcr Tierfreunde,\u00a0<\/span><span style=\"font-size: small;\">Dekoration, Geschenkartikel und\u00a0<\/span><span style=\"font-size: small;\">Kunsthandwerk wie Schnitzereien, Masken und Bilder. Weiters\u00a0<\/span><span style=\"font-size: small;\">Schmuck (Halsketten, Armreifen und Ohrringe).<\/span><\/p>\n<table border=\"0\" cellspacing=\"11\">\n<tbody>\n<tr>\n<td colspan=\"4\" align=\"center\" bgcolor=\"#cccccc\"><span style=\"font-size: small;\">Barhocker \/ Tresenhocker \/ Hocker<\/span><\/td>\n<\/tr>\n<tr>\n<td align=\"center\"><a href=\"https:\/\/www.moebel.org\/bambusmoebel-barhocker-blumentische-podeste-tische-aus-bambus.htm\" target=\"_top\"><img loading=\"lazy\" decoding=\"async\" src=\"https:\/\/www.moebel.org\/Bambusmoebel-Fotos-NEU\/barhocker-hocker-aus-bambus-small.jpg\" alt=\"Barhocker aus hellem Bambus\" width=\"77\" height=\"113\" longdesc=\"https:\/\/www.moebel.org\/Bambus-Barhocker%20hell,%20gepolstert\" border=\"0\" \/><\/a><\/td>\n<td align=\"center\"><a href=\"https:\/\/www.moebel.org\/bambusmoebel-barhocker-blumentische-podeste-tische-aus-bambus.htm\" target=\"_top\"><img loading=\"lazy\" decoding=\"async\" src=\"https:\/\/www.moebel.org\/Bambusmoebel-Fotos-NEU\/Barhocker-Tresenhocker-gepolstert-gruen-01_small.jpg\" alt=\"Bambus-Barhocker gr\u00fcn gebeizt\" width=\"65\" height=\"111\" longdesc=\"https:\/\/www.moebel.org\/Gr%C3%BCner%20Bambus-Barhocker,%20gepolstert\" border=\"0\" \/><\/a><\/td>\n<td align=\"center\"><a href=\"https:\/\/www.moebel.org\/bambusmoebel-jpg-htm\/bambusmoebel-barhocker-blumentische-podeste-aus-bambus-11.htm\" target=\"_blank\" rel=\"noopener\"><img loading=\"lazy\" decoding=\"async\" src=\"https:\/\/www.moebel.org\/Bambusmoebel-Fotos-NEU\/Barhocker-schwarzer-Bambus-P1100114_FG_sm.jpg\" alt=\"Barhocker aus schwarzem Bambus\" width=\"70\" height=\"111\" longdesc=\"https:\/\/www.moebel.org\/Schwarzer%20Bambus-Barhocker,%20gepolstert\" border=\"0\" \/><\/a><\/td>\n<td align=\"center\"><a href=\"https:\/\/www.moebel.org\/bambusmoebel-barhocker-blumentische-podeste-tische-aus-bambus.htm\" target=\"_top\"><img loading=\"lazy\" decoding=\"async\" src=\"https:\/\/www.moebel.org\/Bambusmoebel-Fotos-NEU\/Barhocker-bambus-mit-Lehne-small.jpg\" alt=\"Barhocker mit Lehne, Bambus hell\" width=\"63\" height=\"111\" longdesc=\"https:\/\/www.moebel.org\/Bambus-Barhocker%20mit%20R%C3%BCckenlehne%20und%20Polsterung\" border=\"0\" \/><\/a><\/td>\n<\/tr>\n<tr>\n<td colspan=\"4\" align=\"center\"><span style=\"font-size: small;\"><a href=\"https:\/\/www.moebel.org\/bambusmoebel-barhocker-blumentische-podeste-tische-aus-bambus.htm\" target=\"_top\">Barhocker<\/a><\/span><\/td>\n<\/tr>\n<\/tbody>\n<\/table>\n<hr size=\"1\" \/>\n<table border=\"0\" cellspacing=\"11\">\n<tbody>\n<tr>\n<td colspan=\"4\" align=\"center\" bgcolor=\"#cccccc\"><span style=\"font-size: small;\">Blumen\u00fcbert\u00f6pfe aus Bambus<\/span><\/td>\n<td align=\"center\" bgcolor=\"#cccccc\"><span style=\"font-size: small;\">Podest<\/span><\/td>\n<\/tr>\n<tr>\n<td align=\"center\"><a href=\"https:\/\/www.moebel.org\/bambusmoebel-jpg-htm\/bambusmoebel-barhocker-blumentische-podeste-aus-bambusrohr-01.jpg.htm\" target=\"_blank\" rel=\"noopener\"><img loading=\"lazy\" decoding=\"async\" src=\"https:\/\/www.moebel.org\/bambusmoebel-blumenuebertopf-blumenstaender-hoch-01_small.jpg\" alt=\"Blumen\u00fcbertopf aus Bambus\" width=\"61\" height=\"113\" longdesc=\"https:\/\/www.moebel.org\/Bambusm%C3%B6bel,%20Blumen%C3%BCbert%C3%B6pfe%20aus%20Bambus\" border=\"0\" \/><\/a><\/td>\n<td align=\"center\"><a href=\"https:\/\/www.moebel.org\/bambusmoebel-jpg-htm\/bambusmoebel-barhocker-blumentische-podeste-aus-bambusrohr-02.jpg.htm\" target=\"_blank\" rel=\"noopener\"><img loading=\"lazy\" decoding=\"async\" src=\"https:\/\/www.moebel.org\/Bambusmoebel-Fotos-NEU\/bambusmoebel-blumenuebertopf-sechseckig-detail-small.jpg\" alt=\"Blumen\u00fcbertopf - Bambusm\u00f6bel. www.bambusmoebel.at\" width=\"70\" height=\"113\" longdesc=\"https:\/\/www.moebel.org\/M%C3%B6bel,%20Blumen%C3%BCbert%C3%B6pfe%20aus%20Bambus\" border=\"0\" \/><\/a><\/td>\n<td align=\"center\"><a href=\"https:\/\/www.moebel.org\/bambusmoebel-jpg-htm\/bambusmoebel-barhocker-blumentische-podeste-aus-bambusrohr-03.jpg.htm\" target=\"_blank\" rel=\"noopener\"><img loading=\"lazy\" decoding=\"async\" src=\"https:\/\/www.moebel.org\/Bambusmoebel-Fotos-NEU\/bambusmoebel-blumenuebertopf-viereckig-small.jpg\" alt=\"Blumen\u00fcbert\u00f6pfe aus Bambusrohr, Bambusm\u00f6bel\" width=\"90\" height=\"113\" longdesc=\"https:\/\/www.moebel.org\/Bambusm%C3%B6bel,%20Blumen-%C3%9Cbert%C3%B6pfe\" border=\"0\" \/><\/a><\/td>\n<td align=\"center\"><a href=\"https:\/\/www.moebel.org\/bambusmoebel-jpg-htm\/bambusmoebel-barhocker-blumentische-podeste-aus-bambusrohr-04.jpg.htm\" target=\"_blank\" rel=\"noopener\"><img loading=\"lazy\" decoding=\"async\" src=\"https:\/\/www.moebel.org\/Bambusmoebel-Fotos-NEU\/bambus-blumenuebertoepfe-aus-bambus-01_small.jpg\" alt=\"Blumen\u00fcbert\u00f6pfe\" width=\"90\" height=\"113\" longdesc=\"https:\/\/www.moebel.org\/Bambusm%C3%B6bel%20f%C3%BCr%20Wohnzimmer,%20Wintergarten,%20Hotelzimmer\" border=\"0\" \/><\/a><\/td>\n<td align=\"center\"><a href=\"https:\/\/www.moebel.org\/bambusmoebel-barhocker-blumentische-podeste-tische-aus-bambus.htm\" target=\"_top\"><img loading=\"lazy\" decoding=\"async\" src=\"https:\/\/www.moebel.org\/Bambusmoebel-Fotos-NEU\/barhocker-podest-Blumentisch-small.jpg\" alt=\"Hocker aus Bambus\" width=\"55\" height=\"113\" longdesc=\"https:\/\/www.moebel.org\/Podest,%20Barhocker,%20Tresenhocker%20aus%20Bambus\" border=\"0\" \/><\/a><\/td>\n<\/tr>\n<tr>\n<td align=\"center\"><span style=\"font-size: small;\"><a href=\"https:\/\/www.moebel.org\/bambusmoebel-jpg-htm\/bambusmoebel-barhocker-blumentische-podeste-aus-bambusrohr-01.jpg.htm\" target=\"_blank\" rel=\"noopener\">Hoch<\/a><\/span><\/td>\n<td align=\"center\"><span style=\"font-size: small;\"><a href=\"https:\/\/www.moebel.org\/bambusmoebel-jpg-htm\/bambusmoebel-barhocker-blumentische-podeste-aus-bambusrohr-02.jpg.htm\" target=\"_blank\" rel=\"noopener\">Sechseckig<\/a><\/span><\/td>\n<td align=\"center\"><span style=\"font-size: small;\"><a href=\"https:\/\/www.moebel.org\/bambusmoebel-jpg-htm\/bambusmoebel-barhocker-blumentische-podeste-aus-bambusrohr-03.jpg.htm\" target=\"_blank\" rel=\"noopener\">Viereckig<\/a><\/span><\/td>\n<td align=\"center\"><span style=\"font-size: small;\"><a href=\"https:\/\/www.moebel.org\/bambusmoebel-jpg-htm\/bambusmoebel-barhocker-blumentische-podeste-aus-bambusrohr-04.jpg.htm\" target=\"_blank\" rel=\"noopener\">Kombiniert<\/a><\/span><\/td>\n<td align=\"center\"><span style=\"font-size: small;\"><a href=\"https:\/\/www.moebel.org\/bambusmoebel-barhocker-blumentische-podeste-tische-aus-bambus.htm\" target=\"_top\">Blumenhocker<\/a><\/span><\/td>\n<\/tr>\n<\/tbody>\n<\/table>\n<hr size=\"1\" \/>\n<p><span style=\"font-size: small;\">\u00a0Liebevoll gestaltete Beleuchtungsk\u00f6rper und Spiegelrahmen aus Bambus, Bambusgarderoben und riesige Auswahl an Wandschmuck (bemalte und geschnitzte Masken, Gem\u00e4lde, Kunsthandwerk in vielen Formen):\u00a0<\/span><\/p>\n<table border=\"0\" cellspacing=\"11\">\n<tbody>\n<tr>\n<td align=\"center\" bgcolor=\"#cccccc\"><span style=\"font-size: small;\">Lampen aus Bambus<\/span><\/td>\n<td align=\"center\" bgcolor=\"#cccccc\"><span style=\"font-size: small;\">Spiegel<\/span><\/td>\n<td align=\"center\" bgcolor=\"#cccccc\"><span style=\"font-size: small;\">Garderoben<\/span><\/td>\n<td align=\"center\" bgcolor=\"#cccccc\"><span style=\"font-size: small;\">Masken<\/span><\/td>\n<td align=\"center\" bgcolor=\"#cccccc\"><span style=\"font-size: small;\">Bilder<\/span><\/td>\n<\/tr>\n<tr>\n<td align=\"center\"><span style=\"font-size: small;\"><a href=\"https:\/\/www.moebel.org\/bambuslampen.htm\" target=\"_top\"><img loading=\"lazy\" decoding=\"async\" src=\"https:\/\/www.moebel.org\/Bambusmoebel-Lampen-Bambuslampen-Puncak-klein-2_small.jpg\" alt=\"Lampen aus Bambus\" width=\"71\" height=\"113\" longdesc=\"https:\/\/www.moebel.org\/Bambusm%C3%B6bel%20und%20Lampen%20aus%20Bambus:%20www.bambusmoebel.at\" border=\"0\" \/><\/a><\/span><\/td>\n<td align=\"center\"><span style=\"font-size: small;\"><a href=\"https:\/\/www.moebel.org\/bambusmoebel-spiegel-aus-bambus-bambusspiegel.htm\" target=\"_top\"><img loading=\"lazy\" decoding=\"async\" src=\"https:\/\/www.moebel.org\/Bambusmoebel-Fotos-NEU\/Spiegel-Spiegelrahmen-Bambus-gross-small.jpg\" alt=\"Spiegelrahmen aus Bambus\" width=\"80\" height=\"113\" longdesc=\"https:\/\/www.moebel.org\/Spiegel%20Spiegelrahmen%20aus%20Bambus,%20Bambusm%C3%B6bel\" border=\"0\" \/><\/a><\/span><\/td>\n<td align=\"center\"><a href=\"https:\/\/www.moebel.org\/bambusmoebel-garderoben-aus-bambus-bambusgarderoben.htm\" target=\"_top\"><img loading=\"lazy\" decoding=\"async\" src=\"https:\/\/www.moebel.org\/bambus-garderobe-klein-01_small.jpg\" alt=\"Garderobe aus Bambus\" width=\"82\" height=\"113\" longdesc=\"https:\/\/www.moebel.org\/Garderoben%20aus%20Bambus,%20Bambusm%C3%B6bel\" border=\"0\" \/><\/a><\/td>\n<td align=\"center\"><span style=\"font-size: small;\"><a href=\"https:\/\/www.moebel.org\/geschenkartikel-dekoration-kunst-kultur-indonesien.htm\"><img loading=\"lazy\" decoding=\"async\" src=\"https:\/\/www.moebel.org\/masken-indonesien_small.jpg\" alt=\"Masken aus Indonesien \" width=\"70\" height=\"60\" longdesc=\"https:\/\/www.moebel.org\/Dekoration%20und%20Masken%20aus%20Indonesien\" border=\"0\" \/><\/a><\/span><\/td>\n<td align=\"center\"><a href=\"https:\/\/www.moebel.org\/gallerie-indonesien\/index.php?=&amp;bild=&amp;gal=1\" target=\"_blank\" rel=\"noopener\"><img loading=\"lazy\" decoding=\"async\" src=\"https:\/\/www.moebel.org\/Bambusmoebel-Fotos-NEU\/bild-bali-schauraum-ying-yang-01_small.jpg\" alt=\"Bilder \/ Gem\u00e4lde \" width=\"113\" height=\"113\" longdesc=\"https:\/\/www.moebel.org\/Kunstwerke%20\/%20Bilder%20\/%20Gem%C3%A4lde%20\/%20Ying%20-%20Yang\" border=\"0\" \/><\/a><\/td>\n<\/tr>\n<\/tbody>\n<\/table>\n<hr size=\"1\" \/>\n<p><span style=\"font-size: small;\">K\u00f6rbchen bzw. Bett f\u00fcr Hund und Katze aus Rattan und Bambus. Raumteilende Elemente aus Bambus, Stoff und Geflecht, Dekorationsgegenst\u00e4nde verschiedenster Natur und perfekte Schnitzkunst (Figuren, Tiere, Menschen, Harley Davidson Motorr\u00e4der in Originalgr\u00f6\u00dfe geschnitzt aus Hartholz):\u00a0<\/span><\/p>\n<table border=\"0\" cellspacing=\"11\">\n<tbody>\n<tr>\n<td colspan=\"2\" align=\"center\" bgcolor=\"#cccccc\"><span style=\"font-size: small;\">Hund und Katz<\/span><\/td>\n<td align=\"center\" bgcolor=\"#cccccc\"><span style=\"font-size: small;\">Paravent<\/span><\/td>\n<td align=\"center\" bgcolor=\"#cccccc\"><span style=\"font-size: small;\">Dekoration \/ Figuren<\/span><\/td>\n<td align=\"center\" bgcolor=\"#cccccc\"><span style=\"font-size: small;\">Kunsthandwerk<\/span><\/td>\n<\/tr>\n<tr>\n<td align=\"center\"><a href=\"https:\/\/www.moebel.org\/bambusmoebel-katzenbett-hundebett.htm\" target=\"_top\"><img loading=\"lazy\" decoding=\"async\" src=\"https:\/\/www.moebel.org\/Bambusmoebel-Fotos-NEU\/katzenbetten-hundebetten-bambus-1_small.jpg\" alt=\"Hundebett, Katzenbett aus Bambus\" width=\"122\" height=\"113\" longdesc=\"https:\/\/www.moebel.org\/Bambusm%C3%B6bel:%20Hundebett,%20Katzenbett%20aus%20Bambus,%20inkl%20Matratze\" border=\"0\" \/><\/a><\/td>\n<td align=\"center\"><a href=\"https:\/\/www.moebel.org\/bambusmoebel-katzenbett-hundebett.htm\" target=\"_top\"><img loading=\"lazy\" decoding=\"async\" src=\"https:\/\/www.moebel.org\/Bambusmoebel-Fotos-NEU\/katzenbett-hundebett-0_small.jpg\" alt=\"Hundebett, Katzenbett aus Rattan\" width=\"113\" height=\"111\" longdesc=\"https:\/\/www.moebel.org\/Hundebetten%20und%20Katzenbetten%20aus%20Rattan,%20inkl%20Matratze\" border=\"0\" \/><\/a><\/td>\n<td align=\"center\"><a href=\"https:\/\/www.moebel.org\/bambusmoebel-paravent-aus-bambus-bambusparavent.htm\" target=\"_top\"><img loading=\"lazy\" decoding=\"async\" src=\"https:\/\/www.moebel.org\/bambusmoebel-paravent-aus-bambus-1_small.jpg\" alt=\"Paravent aus Bambus\" width=\"81\" height=\"113\" longdesc=\"https:\/\/www.moebel.org\/Trennwand,%20Sichtschutz,%20Paravent,%20Bambusm%C3%B6bel\" border=\"0\" \/><\/a><\/td>\n<td align=\"center\"><a href=\"https:\/\/www.moebel.org\/figuren-tiere-aus-holz\/Elefanten%20Figuren%20aus%20Holz,%20liegend%20kl.jpg\"><img loading=\"lazy\" decoding=\"async\" src=\"https:\/\/www.moebel.org\/figuren-tiere-aus-holz\/Elefanten%20Figuren%20aus%20Holz,%20liegend%20small.jpg\" alt=\"Elefant liegend, Holz\" width=\"182\" height=\"113\" border=\"0\" \/><\/a><\/td>\n<td align=\"center\"><a href=\"https:\/\/www.moebel.org\/Harley-Davidson-Fat-Boy-ROAD-KING-WLA.htm\"><img loading=\"lazy\" decoding=\"async\" src=\"https:\/\/www.moebel.org\/Harley-Davidson-ROAD-KING_small.jpg\" alt=\"Kunsthandwerk aus Indonesien - Dekoration: Harley Davidson\" width=\"132\" height=\"99\" border=\"0\" \/><\/a><\/td>\n<\/tr>\n<\/tbody>\n<\/table>\n<hr size=\"1\" \/>\n<p><span style=\"font-size: small;\">Modeschmuck (Haarschmuck, Handschmuck, Halsschmuck, Armschmuck, Armb\u00e4nder und Ohrringe):<\/span><\/p>\n<div align=\"center\"><center><\/p>\n<table border=\"0\" cellspacing=\"11\">\n<tbody>\n<tr>\n<td align=\"center\" bgcolor=\"#cccccc\"><span style=\"font-size: small;\">Haarspangen aus vielen Materialien<\/span><\/td>\n<td align=\"center\" bgcolor=\"#cccccc\"><span style=\"font-size: small;\">Ringe<\/span><\/td>\n<td align=\"center\" bgcolor=\"#cccccc\"><span style=\"font-size: small;\">Ketten<\/span><\/td>\n<td align=\"center\" bgcolor=\"#cccccc\"><span style=\"font-size: small;\">Armschmuck<\/span><\/td>\n<\/tr>\n<tr>\n<td align=\"center\"><a href=\"https:\/\/www.moebel.org\/Galerie-Haarspangen\/\" target=\"_blank\" rel=\"noopener\"><img loading=\"lazy\" decoding=\"async\" src=\"https:\/\/www.moebel.org\/Galerie-Haarspangen\/bilder\/\/Haarspange-Rattan-2.jpg\" alt=\"Haarspangen aus Rattan\" width=\"326\" height=\"113\" border=\"0\" \/><\/a><\/td>\n<td align=\"center\"><a href=\"https:\/\/www.moebel.org\/galerie-ringe\/\" target=\"_blank\" rel=\"noopener\"><img loading=\"lazy\" decoding=\"async\" src=\"https:\/\/www.moebel.org\/ringe-muschel-holz-keramik-small.jpg\" alt=\"Ringe (Holz, Muscheln, Keramik,..)\" width=\"115\" height=\"113\" border=\"0\" \/><\/a><\/td>\n<td align=\"center\">\n<p align=\"center\"><a href=\"https:\/\/www.moebel.org\/\/gallerie-ketten-halsketten\/index.php\" target=\"_blank\" rel=\"noopener\"><img loading=\"lazy\" decoding=\"async\" src=\"https:\/\/www.moebel.org\/Kette-Halskette-16-000_small.jpg\" alt=\"Schmuck (Halsketten aus Bali)\" width=\"56\" height=\"113\" border=\"0\" \/><\/a><\/p>\n<\/td>\n<td align=\"center\"><a href=\"https:\/\/www.moebel.org\/galerie-armbaender-armreifen-schmuck-modeschmuck\/\" target=\"_blank\" rel=\"noopener\"><img loading=\"lazy\" decoding=\"async\" src=\"https:\/\/www.moebel.org\/galerie-armbaender-armreifen-schmuck-modeschmuck\/armband-small.jpg\" alt=\"Armband\" width=\"86\" height=\"115\" border=\"0\" \/><\/a><\/td>\n<\/tr>\n<\/tbody>\n<\/table>\n<p><\/center><\/div>\n<hr size=\"1\" \/>\n<p><span style=\"font-size: small;\">Handtaschen aus Bast, Rattan, Seegras, Kokosnuss, Holz, Muscheln und Bambus:<\/span><\/p>\n<div align=\"center\">\n<table border=\"0\" cellspacing=\"11\">\n<tbody>\n<tr>\n<td align=\"center\" bgcolor=\"#cccccc\"><span style=\"font-size: small;\">Taschen (Bambus)<\/span><\/td>\n<td align=\"center\" bgcolor=\"#cccccc\"><span style=\"font-size: small;\">Taschen (Rattan)<\/span><\/td>\n<\/tr>\n<tr>\n<td align=\"center\"><a href=\"https:\/\/www.moebel.org\/gallerie-taschen\/index.php\" target=\"_blank\" rel=\"noopener\"><img loading=\"lazy\" decoding=\"async\" src=\"https:\/\/www.moebel.org\/tasche-handtasche-small.jpg\" alt=\"Taschen - Handtaschen aus Bambus\" width=\"138\" height=\"113\" border=\"0\" \/><\/a><\/td>\n<td align=\"center\"><img loading=\"lazy\" decoding=\"async\" src=\"https:\/\/www.moebel.org\/gallerie-taschen\/bilder\/\/Handtasche-Rattan-004-kl.jpg\" alt=\"Handtaschen aus Rattan\" width=\"152\" height=\"113\" border=\"0\" \/><\/td>\n<\/tr>\n<\/tbody>\n<\/table>\n<\/div>\n<hr size=\"1\" \/>\n<p><span style=\"font-size: small;\">Musikinstrumente. Kulturelles und Verschiedenes:\u00a0<\/span><\/p>\n<table border=\"0\" cellspacing=\"11\">\n<tbody>\n<tr>\n<td align=\"center\" bgcolor=\"#cccccc\"><span style=\"font-size: small;\">Gong<\/span><\/td>\n<td align=\"center\" bgcolor=\"#cccccc\"><span style=\"font-size: small;\">Didgeridoos<\/span><\/td>\n<td align=\"center\" bgcolor=\"#cccccc\"><span style=\"font-size: small;\">Kultur<\/span><\/td>\n<td align=\"center\" bgcolor=\"#cccccc\"><span style=\"font-size: small;\">Parkett aus Bambus<\/span><\/td>\n<\/tr>\n<tr>\n<td align=\"center\"><a href=\"https:\/\/www.moebel.org\/gong-bambusrahmen-kl.jpg\" target=\"_blank\" rel=\"noopener\"><img loading=\"lazy\" decoding=\"async\" src=\"https:\/\/www.moebel.org\/gong-bambusrahmen-small.jpg\" alt=\"Chinesischer Tempelgong mit Bambusrahmen \/ St\u00e4nder\" width=\"110\" height=\"113\" border=\"0\" \/><\/a><\/td>\n<td align=\"center\"><a href=\"https:\/\/www.moebel.org\/bambusmoebel-jpg-htm\/didgeridoo-didgeridoos-holz-eukalyptus-bambus.htm\" target=\"_blank\" rel=\"noopener\"><img loading=\"lazy\" decoding=\"async\" src=\"https:\/\/www.moebel.org\/Bambusmoebel-Fotos-NEU\/didgeridoo-didgeridoostaender-01_small.jpg\" alt=\"Didgeridoos\" width=\"103\" height=\"111\" border=\"0\" \/><\/a><\/td>\n<td align=\"center\"><a href=\"https:\/\/www.moebel.org\/gallerie-indonesien\/index.php\" target=\"_blank\" rel=\"noopener\"><img loading=\"lazy\" decoding=\"async\" src=\"https:\/\/www.moebel.org\/Barong-Tanz-207_small.jpg\" alt=\"Barong dance - Kultur aus Indonesien\" width=\"97\" height=\"113\" border=\"0\" \/><\/a><\/td>\n<td align=\"center\"><a href=\"https:\/\/www.moebel.org\/bambusparkett-parkettboeden-bambus-parkett.htm\" target=\"_top\"><img loading=\"lazy\" decoding=\"async\" src=\"https:\/\/www.moebel.org\/Bambusmoebel-Fotos-NEU\/bambusparkett-parkettboden-bambus-parkett-01_small.jpg\" alt=\"Parkett aus Bambus\" width=\"151\" height=\"113\" border=\"0\" \/><\/a><\/td>\n<\/tr>\n<\/tbody>\n<\/table>\n<hr size=\"1\" \/>\n<div align=\"center\">\n<table border=\"0\" width=\"356\" cellspacing=\"5\" cellpadding=\"0\">\n<tbody>\n<tr>\n<td width=\"322\">\n<h1 align=\"center\"><a href=\"https:\/\/www.moebel.org\/kontakt.htm\" target=\"_top\"><span style=\"font-size: medium;\">Kontakt<\/span><\/a><\/h1>\n<\/td>\n<\/tr>\n<\/tbody>\n<\/table>\n<\/div>\n<hr size=\"1\" width=\"450\" \/>\n<table border=\"1\" width=\"447\" cellspacing=\"3\" cellpadding=\"0\">\n<tbody>\n<tr>\n<td colspan=\"2\" bgcolor=\"#cccccc\" width=\"435\">\n<p align=\"center\"><span style=\"font-size: xx-small;\">Mitter &#8211; design and more,\u00a0 A- 4710 Grieskirchen<\/span><\/p>\n<\/td>\n<\/tr>\n<tr>\n<td align=\"center\" width=\"220\"><a href=\"https:\/\/www.moebel.org\/\" target=\"_top\"><span style=\"font-size: xx-small;\">moebel.org<\/span><\/a><\/td>\n<td align=\"center\" width=\"221\"><span style=\"font-size: xx-small;\"><a href=\"http:\/\/www.bambusmoebel.at\/\" target=\"_top\">bambusmoebel.at<\/a><\/span><\/td>\n<\/tr>\n<\/tbody>\n<\/table>\n<p align=\"center\"><span style=\"font-size: small;\">Unser Motto:\u00a0<b>Flexibel &#8211; preiswert &#8211; gut!<\/b><\/span><\/p>\n<p align=\"center\"><span style=\"font-size: small;\">Kleinm\u00f6bel und M\u00f6beldesign in guter Qualit\u00e4t, formsch\u00f6ne und stabile Bambusm\u00f6bel und Deko zu moderaten Preisen. Sonderanfertigungen aller Art!<\/span><\/p>\n<p align=\"center\">\n","protected":false},"excerpt":{"rendered":"<p>Bambusm\u00f6bel und Accessoires! Blumen\u00fcbert\u00f6pfe,\u00a0Lampen und\u00a0Spiegel, Accessoires und Kleinm\u00f6bel aus Bambus. Garderoben f\u00fcr Vorraum, Hotelzimmer oder Schlafzimmer,\u00a0Hundebetten und Katzenbetten f\u00fcr Tierfreunde,\u00a0Dekoration, Geschenkartikel und\u00a0Kunsthandwerk wie Schnitzereien, Masken und<span class=\"excerpt-hellip\"> [\u2026]<\/span><\/p>\n","protected":false},"author":1,"featured_media":0,"parent":0,"menu_order":0,"comment_status":"closed","ping_status":"closed","template":"","meta":{"ngg_post_thumbnail":0,"footnotes":""},"class_list":["post-407","page","type-page","status-publish","hentry"],"_links":{"self":[{"href":"https:\/\/www.moebel.org\/cms\/wp-json\/wp\/v2\/pages\/407","targetHints":{"allow":["GET"]}}],"collection":[{"href":"https:\/\/www.moebel.org\/cms\/wp-json\/wp\/v2\/pages"}],"about":[{"href":"https:\/\/www.moebel.org\/cms\/wp-json\/wp\/v2\/types\/page"}],"author":[{"embeddable":true,"href":"https:\/\/www.moebel.org\/cms\/wp-json\/wp\/v2\/users\/1"}],"replies":[{"embeddable":true,"href":"https:\/\/www.moebel.org\/cms\/wp-json\/wp\/v2\/comments?post=407"}],"version-history":[{"count":1,"href":"https:\/\/www.moebel.org\/cms\/wp-json\/wp\/v2\/pages\/407\/revisions"}],"predecessor-version":[{"id":409,"href":"https:\/\/www.moebel.org\/cms\/wp-json\/wp\/v2\/pages\/407\/revisions\/409"}],"wp:attachment":[{"href":"https:\/\/www.moebel.org\/cms\/wp-json\/wp\/v2\/media?parent=407"}],"curies":[{"name":"wp","href":"https:\/\/api.w.org\/{rel}","templated":true}]}}