{"id":404,"date":"2018-08-23T17:21:44","date_gmt":"2018-08-23T15:21:44","guid":{"rendered":"https:\/\/www.moebel.org\/cms\/?page_id=404"},"modified":"2018-08-23T17:21:44","modified_gmt":"2018-08-23T15:21:44","slug":"bambusliegen","status":"publish","type":"page","link":"https:\/\/www.moebel.org\/cms\/bambusliegen\/","title":{"rendered":"Bambusliegen"},"content":{"rendered":"<p><center><\/p>\n<h1><b><span style=\"font-size: large;\">Bambusm\u00f6bel \/ Liegen aus Bambus<\/span><\/b><\/h1>\n<p><span style=\"font-size: small;\">Bequeme Eleganz\u00a0<\/span><span style=\"font-size: small;\">f\u00fcr viele R<\/span><span style=\"font-size: small;\">\u00e4ume, sehr stabile Bambusliegen, alle inkl.\u00a0<a title=\"Farben Polsterung \/ M\u00f6belstoffe\" href=\"https:\/\/www.moebel.org\/bambusmoebel-jpg-htm\/stoffe-bambusmoebel.htm\" target=\"_blank\" rel=\"noopener\">Polsterung<\/a>\u00a0und alle Polster abziehbar zum Waschen. O<\/span><span style=\"font-size: small;\">ptimale Wellnessliegen \/ Relaxliegen \/ Saunaliegen f\u00fcr Thermen, f\u00fcr Winterg\u00e4rten, Hotels oder Saunabereiche im Privathaus.\u00a0<\/span><\/p>\n<table border=\"0\" cellspacing=\"11\">\n<tbody>\n<tr>\n<td colspan=\"3\" align=\"center\" bgcolor=\"#CCCCCC\"><span style=\"font-size: small;\"><b>Bambusliegen \/ Relaxliegen \/ Saunaliegen \/ Wellnessliegen<\/b><\/span><\/td>\n<\/tr>\n<tr>\n<td align=\"center\"><a href=\"https:\/\/www.moebel.org\/bambusmoebel-jpg-htm\/bambusliegen.bambusliege.liegen.liege.jpg.htm\"><img loading=\"lazy\" decoding=\"async\" src=\"https:\/\/www.moebel.org\/Bambusmoebel-Fotos-NEU\/liege.wellnessliege.rasti.1_small.jpg\" alt=\"Bambusliege\" width=\"193\" height=\"113\" border=\"0\" \/><\/a><\/td>\n<td align=\"center\"><a href=\"https:\/\/www.moebel.org\/Bambusmoebel-Fotos-NEU\/Bambusliege-nixe-lager-kl.jpg\" target=\"_blank\" rel=\"noopener\"><img loading=\"lazy\" decoding=\"async\" src=\"https:\/\/www.moebel.org\/Bambusmoebel-Fotos-NEU\/Bambusliege-nixe-lager-small.jpg\" alt=\"Bambusliegen\" width=\"138\" height=\"113\" border=\"0\" \/><\/a><\/td>\n<td align=\"center\"><a href=\"https:\/\/www.moebel.org\/Bambusmoebel-Fotos-NEU\/bambusmoebel-bambusliegen-liege-sania-kl.jpg\" target=\"_blank\" rel=\"noopener\"><img loading=\"lazy\" decoding=\"async\" src=\"https:\/\/www.moebel.org\/Bambusmoebel-Fotos-NEU\/bambusmoebel-bambusliegen-liege-sania-small.jpg\" alt=\"Liegen aus Bambus\" width=\"147\" height=\"113\" border=\"0\" \/><\/a><\/td>\n<\/tr>\n<tr>\n<td align=\"center\"><span style=\"font-size: small;\"><a title=\"Liege aus Bambus mit verstellbarem Kopteil\" href=\"https:\/\/www.moebel.org\/bambusmoebel-jpg-htm\/bambusliegen.bambusliege.liegen.liege.jpg.htm\" target=\"_blank\" rel=\"noopener\">Liege &#8220;Rasti&#8221;<\/a><\/span><\/td>\n<td align=\"center\"><span style=\"font-size: small;\"><a title=\"Bambusliege mit fixem Kopteil\" href=\"https:\/\/www.moebel.org\/bambusmoebel-jpg-htm\/Liegen-Liege-Bambusliege-Bambusliegen-Relaxliege-Relaxliegen-Nixe.htm\" target=\"_blank\" rel=\"noopener\">Liege &#8220;Nixe&#8221;<\/a><\/span><\/td>\n<td align=\"center\"><span style=\"font-size: small;\"><a title=\"Liege aus Bambus mit verstellbarem Kopteil\" href=\"https:\/\/www.moebel.org\/bambusmoebel-jpg-htm\/bambusmoebel-bambusliegen-liege-sania-kl.jpg.htm\" target=\"_blank\" rel=\"noopener\">Liege &#8220;Sania&#8221;<\/a><\/span><\/td>\n<\/tr>\n<tr>\n<td align=\"center\" bgcolor=\"#CCCCCC\"><span style=\"font-size: small;\">Kopfteil verstellbar<\/span><\/td>\n<td align=\"center\" bgcolor=\"#CCCCCC\"><span style=\"font-size: small;\">Kopfteil fix<\/span><\/td>\n<td align=\"center\" bgcolor=\"#CCCCCC\"><span style=\"font-size: small;\">Kopfteil verstellbar<\/span><\/td>\n<\/tr>\n<\/tbody>\n<\/table>\n<p><span style=\"font-size: small;\">Tolle Liegen f\u00fcr Ihr pers\u00f6nliches Wohlf\u00fchlerlebnis! Weitere Modelle der Bambusliegen auf Anfrage (wir produzieren diese Liegen aus Bambus auch nach Plan oder Foto)!\u00a0Ob Bambusliege f\u00fcr ein Mittagsschlaferl oder\u00a0<a title=\"Bambusbett, Schlafzimmerm\u00f6bel\" href=\"https:\/\/www.moebel.org\/bambusbetten.htm\" target=\"_top\">Bambusbett<\/a>, wir haben die ideale Liege f\u00fcr jeden Bereich. Die\u00a0<a title=\"Bambusliege Rasti, Nixe und Sania\" href=\"https:\/\/www.moebel.org\/bambusliegen.htm\" target=\"_top\">Bambusliege<\/a>\u00a0f\u00fcr Hotel, Wellness und Gastronomie und\u00a0<a title=\"Bambusbetten, Bambusm\u00f6bel f\u00fcr Schlafr\u00e4ume\" href=\"https:\/\/www.moebel.org\/bambusbetten.htm\" target=\"_top\">Bambusbetten<\/a>\u00a0f\u00fcr Hotels (Hotelzimmer),\u00a0<a title=\"Bambusliegen, Relaxliegen, Wellnessliegen\" href=\"https:\/\/www.moebel.org\/bambusliegen.htm\" target=\"_top\">Bambusliegen<\/a>\u00a0f\u00fcr Thermen und f\u00fcr den Wellnessbereich.<\/span><\/p>\n<p><span style=\"font-size: small;\">Liegen und andere\u00a0<a title=\"Wintergartenm\u00f6bel aus Bambus, \u00dcbersicht\" href=\"https:\/\/www.moebel.org\/bambusmoebel_fuer_den_wintergarten.htm\" target=\"_top\">M\u00f6bel f\u00fcr den Wintergarten<\/a>, f\u00fcr die Terrasse und f\u00fcr den Garten (wetterfeste und wasserfeste\u00a0<a title=\"Gartenm\u00f6bel \/ Outdoor-M\u00f6bel\" href=\"https:\/\/www.moebel.org\/gartenmoebel.htm\" target=\"_top\">Outdoor-M\u00f6bel<\/a>):<\/span><\/p>\n<div align=\"center\">\n<table border=\"0\" cellspacing=\"5\" cellpadding=\"0\">\n<tbody>\n<tr>\n<td>\n<p align=\"center\"><a href=\"https:\/\/www.moebel.org\/gartenmoebel.terrassenmoebel.bistromoebel-gastgartenmoebel-04-2009\/Relaxliegen-Sessel-Haengematten-Freizeit-Sport-Spiel-04-2009.pdf\" target=\"_blank\" rel=\"noopener\"><img loading=\"lazy\" decoding=\"async\" src=\"https:\/\/www.moebel.org\/gartenmoebel.terrassenmoebel.bistromoebel-gastgartenmoebel-04-2009\/Liege-Relaxliege-Gartenliege-Liegestuhl.jpg\" alt=\"Liege - Relaxliege - Gartenliege - Liegestuhl\" width=\"207\" height=\"248\" border=\"0\" \/><\/a><\/p>\n<\/td>\n<\/tr>\n<\/tbody>\n<\/table>\n<\/div>\n<div align=\"center\">\n<table border=\"0\" cellspacing=\"5\" cellpadding=\"0\">\n<tbody>\n<tr>\n<td>\n<p align=\"center\"><a title=\"Liegen und M\u00f6bel f\u00fcr den Au\u00dfenbereich (Terrasse, Garten, Pool, ...)\" href=\"https:\/\/www.moebel.org\/gartenmoebel.htm\" target=\"_blank\" rel=\"noopener\"><span style=\"font-size: small;\">Gartenliegen \/ Liegest\u00fchle \/ Relaxliegen Outdoor<\/span><\/a><\/p>\n<\/td>\n<\/tr>\n<\/tbody>\n<\/table>\n<\/div>\n<hr size=\"1\" \/>\n<div align=\"center\">\n<table border=\"0\" width=\"198\" cellspacing=\"5\" cellpadding=\"0\">\n<tbody>\n<tr>\n<td width=\"164\">\n<h1 align=\"center\"><a title=\"Anfrage \/ Bestellung Liegen und M\u00f6bel\" href=\"https:\/\/www.moebel.org\/kontakt.htm\" target=\"_top\"><span style=\"font-size: medium;\">Kontakt<\/span><\/a><\/h1>\n<\/td>\n<\/tr>\n<\/tbody>\n<\/table>\n<\/div>\n<p align=\"center\"><span style=\"font-size: small;\">Wir haben optimale Liegen aus vielen verschiedenen Materialeine, Gartenliegen und\u00a0<a href=\"https:\/\/www.moebel.org\/bambusliegen.htm\">Liegen<\/a>\u00a0aus Bambus (<a title=\"Bambusm\u00f6bel aus \u00d6sterreich\" href=\"http:\/\/www.bambusmoebel.at\/\" target=\"_top\">Bambusm\u00f6bel<\/a>), mit Auflage \/ Polsterung, f\u00fcr Ruhe und Entspannung! Die Bambusliegen sind f\u00fcr den Einsatz zu Hause (Innenbereich) oder auch in Hotels, in Thermen, Solarien und anderen Wellnessbetrieben, als Wellnessliegen, Sonnenliegen, Saunaliegen, Relaxliegen, usw.\u00a0<\/span><\/p>\n<p align=\"center\"><span style=\"font-size: small;\">Weitere\u00a0<a href=\"https:\/\/www.moebel.org\/wintergartenmoebel.htm\" target=\"_top\">Wintergartenm\u00f6bel<\/a>\u00a0<\/span><\/p>\n<p align=\"center\"><span style=\"font-size: small;\">Die Seite f\u00fcr Bambusliegen in italienischer Sprache:\u00a0<a href=\"https:\/\/www.moebel.org\/mobili-bambu-letti-bambu\/lettini-relax-sauna-wellness-bambu.htm\" target=\"_self\"><img loading=\"lazy\" decoding=\"async\" src=\"https:\/\/www.moebel.org\/it.GIF\" alt=\"Italienisch \/ Lettini in bamb\u00f9, italiano\" width=\"20\" height=\"12\" border=\"0\" \/>\u00a0<\/a><a title=\"Seite f\u00fcr Bambusliegen in italienischer Sprache - Lettini in bamb\u00f9\" href=\"https:\/\/www.moebel.org\/mobili-bambu-letti-bambu\/lettini-relax-sauna-wellness-bambu.htm\" target=\"_self\">Lettini in bamb\u00fa, mobili<\/a>\u00a0<\/span><\/p>\n<hr size=\"1\" \/>\n<table border=\"0\" width=\"501\" cellspacing=\"3\" cellpadding=\"0\">\n<tbody>\n<tr>\n<td colspan=\"2\" bgcolor=\"#CCCCCC\">\n<p align=\"center\"><span style=\"font-size: xx-small;\">Copyright \u00a9 Manfred Mitter &#8211; design and more, A &#8211; 4710 Grieskirchen<\/span><\/p>\n<\/td>\n<\/tr>\n<tr>\n<td align=\"center\" bgcolor=\"#FFFFFF\"><a title=\"M\u00f6bel \u00dcbersicht\" href=\"https:\/\/www.moebel.org\/\" target=\"_top\"><span style=\"font-size: xx-small;\">M\u00f6bel Mitter<\/span><\/a><\/td>\n<td align=\"center\" bgcolor=\"#FFFFFF\"><\/td>\n<\/tr>\n<\/tbody>\n<\/table>\n<p><\/center><\/p>\n<p align=\"center\"><span style=\"font-size: small;\">Unser Motto:\u00a0<b>Flexibel &#8211; preiswert &#8211; gut!<\/b><\/span><\/p>\n<p align=\"center\"><span style=\"font-size: small;\">Ansprechendes Design in guter Qualit\u00e4t, formsch\u00f6ne und stabile Bambusm\u00f6bel zu moderaten Preisen, M\u00f6bel f\u00fcr Wellness und Sauna, M\u00f6bel f\u00fcr den Wintergarten. Liegen, Betten, Sessel, Dekorationsgegenst\u00e4nde aus Bambus<\/span><\/p>\n<p align=\"center\">\n","protected":false},"excerpt":{"rendered":"<p>Bambusm\u00f6bel \/ Liegen aus Bambus Bequeme Eleganz\u00a0f\u00fcr viele R\u00e4ume, sehr stabile Bambusliegen, alle inkl.\u00a0Polsterung\u00a0und alle Polster abziehbar zum Waschen. Optimale Wellnessliegen \/ Relaxliegen \/ Saunaliegen f\u00fcr<span class=\"excerpt-hellip\"> [\u2026]<\/span><\/p>\n","protected":false},"author":1,"featured_media":0,"parent":0,"menu_order":0,"comment_status":"closed","ping_status":"closed","template":"","meta":{"ngg_post_thumbnail":0,"footnotes":""},"class_list":["post-404","page","type-page","status-publish","hentry"],"_links":{"self":[{"href":"https:\/\/www.moebel.org\/cms\/wp-json\/wp\/v2\/pages\/404","targetHints":{"allow":["GET"]}}],"collection":[{"href":"https:\/\/www.moebel.org\/cms\/wp-json\/wp\/v2\/pages"}],"about":[{"href":"https:\/\/www.moebel.org\/cms\/wp-json\/wp\/v2\/types\/page"}],"author":[{"embeddable":true,"href":"https:\/\/www.moebel.org\/cms\/wp-json\/wp\/v2\/users\/1"}],"replies":[{"embeddable":true,"href":"https:\/\/www.moebel.org\/cms\/wp-json\/wp\/v2\/comments?post=404"}],"version-history":[{"count":1,"href":"https:\/\/www.moebel.org\/cms\/wp-json\/wp\/v2\/pages\/404\/revisions"}],"predecessor-version":[{"id":406,"href":"https:\/\/www.moebel.org\/cms\/wp-json\/wp\/v2\/pages\/404\/revisions\/406"}],"wp:attachment":[{"href":"https:\/\/www.moebel.org\/cms\/wp-json\/wp\/v2\/media?parent=404"}],"curies":[{"name":"wp","href":"https:\/\/api.w.org\/{rel}","templated":true}]}}