{"id":401,"date":"2018-08-23T17:01:21","date_gmt":"2018-08-23T15:01:21","guid":{"rendered":"https:\/\/www.moebel.org\/cms\/?page_id=401"},"modified":"2018-08-23T17:21:06","modified_gmt":"2018-08-23T15:21:06","slug":"wohnzimmertische","status":"publish","type":"page","link":"https:\/\/www.moebel.org\/cms\/wohnzimmertische\/","title":{"rendered":"Wohnzimmertische"},"content":{"rendered":"<h1><b><span style=\"font-size: large;\">Bambusm\u00f6bel \/ Wohnzimmertische<\/span><\/b><\/h1>\n<p><span style=\"font-size: small;\">Wohnzimmer- und Wintergartenm\u00f6bel mit Charme und klassischer Eleganz,\u00a0<\/span><span style=\"font-size: small;\">Tische mit Glasplatten f\u00fcr Ihr Wohnzimmer oder Kinderzimmer, Hotelzimmer, Fremdenzimmer, G\u00e4stezimmer oder f\u00fcr den Wintergarten, elegante Tische aus\u00a0<a href=\"https:\/\/www.moebel.org\/bambus_klimaanpassung.htm\" target=\"_blank\" rel=\"noopener\">Bambusrohr<\/a>\u00a0gefertigt und mit dekorativen Rattanwicklungen veredelt.\u00a0<\/span><\/p>\n<table cellspacing=\"11\">\n<tbody>\n<tr>\n<td colspan=\"2\" align=\"center\" bgcolor=\"#CCCCCC\"><span style=\"font-size: small;\"><b>Tisch Sky Cross<\/b><\/span><\/td>\n<td colspan=\"2\" align=\"center\" bgcolor=\"#CCCCCC\"><span style=\"font-size: small;\"><b>Tisch Cross 3<\/b><\/span><\/td>\n<td colspan=\"2\" align=\"center\" bgcolor=\"#CCCCCC\"><span style=\"font-size: small;\"><b>Tisch Betawi<\/b><\/span><\/td>\n<\/tr>\n<tr>\n<td align=\"center\"><img loading=\"lazy\" decoding=\"async\" src=\"https:\/\/www.moebel.org\/Bambusmoebel-Fotos-NEU\/Tisch-Bambustisch-Sky-Cross-schwarz-P1110825-FG_sm.jpg\" alt=\"Tisch Sky Cross aus schwarzem Bambus\" width=\"143\" height=\"111\" border=\"0\" \/><\/td>\n<td align=\"center\"><img loading=\"lazy\" decoding=\"async\" src=\"https:\/\/www.moebel.org\/bambusmoebel-wohnzimmertisch-aus-bambus-small.jpg\" alt=\"Bambusm\u00f6bel \/ Wohnzimmertische aus Bambus, Glasplatte mit gerundeten Ecken und Fassettenschliff ---&gt; www.bambusmoebel.at\" width=\"159\" height=\"113\" border=\"0\" \/><\/td>\n<td align=\"center\"><img loading=\"lazy\" decoding=\"async\" src=\"https:\/\/www.moebel.org\/Bambusmoebel-Fotos-NEU\/Bambustisch-Cross-3-schwarzer-Bambus-P1110682_sm.jpg\" alt=\"Bambustische aus schwarzem Bambus, Wohnzimmertisch Cross 3\" width=\"76\" height=\"113\" border=\"0\" \/><\/td>\n<td align=\"center\"><img loading=\"lazy\" decoding=\"async\" src=\"https:\/\/www.moebel.org\/bambusmoebel-tisch-wohnzimmer-aus-bambusrohr-small.jpg\" alt=\"Bambusm\u00f6bel \/ runde Wohnzimmertische aus Bambus, mit runde Glasplatte mit Fassettenschliff\" width=\"121\" height=\"113\" border=\"0\" \/><\/td>\n<td align=\"center\"><img loading=\"lazy\" decoding=\"async\" src=\"https:\/\/www.moebel.org\/Bambusmoebel-Fotos-NEU\/Tisch-Bambus-Betawi-P1110784_FG_sm.jpg\" alt=\"Tisch aus Bambus, Rattan und Glas\" width=\"142\" height=\"111\" border=\"0\" \/><\/td>\n<td align=\"center\"><img loading=\"lazy\" decoding=\"async\" src=\"https:\/\/www.moebel.org\/Bambusmoebel-Fotos-NEU\/Bambustisch-Wohnzimmertisch-Tisch-Betawi-Bambusmoebel-P1110797_sm.jpg\" alt=\"Bambusm\u00f6bel \/ Wohnzimmertische aus Bambus, mit abgeschr\u00e4gter Glasplatte und Fassettenschliff\" width=\"134\" height=\"113\" border=\"0\" \/><\/td>\n<\/tr>\n<tr>\n<td colspan=\"2\" align=\"center\"><span style=\"font-size: small;\"><a title=\"Foto Bambustisch Sky Cross\" href=\"https:\/\/www.moebel.org\/bambusmoebel-jpg-htm\/bambusmoebel-wohnzimmertisch-aus-bambus.jpg.htm\" target=\"_blank\" rel=\"noopener\">Tisch Detail<\/a><\/span><\/td>\n<td colspan=\"2\" align=\"center\"><span style=\"font-size: small;\"><a title=\"Foto Bambustisch Cross 3\" href=\"https:\/\/www.moebel.org\/bambusmoebel-jpg-htm\/bambusmoebel-tisch-wohnzimmer-aus-bambusrohr.jpg.htm\" target=\"_blank\" rel=\"noopener\">Tisch Detail<\/a><\/span><\/td>\n<td colspan=\"2\" align=\"center\"><span style=\"font-size: small;\"><a title=\"Foto Bambustisch Betawi\" href=\"https:\/\/www.moebel.org\/bambusmoebel-jpg-htm\/bambusmoebel-Tisch-aus-Bambus-Glas.jpg.htm\" target=\"_blank\" rel=\"noopener\">Tisch Detail<\/a><\/span><\/td>\n<\/tr>\n<\/tbody>\n<\/table>\n<p><span style=\"font-size: small;\">Die Oberfl\u00e4chen der Tische sind seidenmatt bzw. seidig gl\u00e4nzend lackiert. Tischplatte aus 8 mm Glas, auf Wunsch mit Fassettenschliff (=Glaskante abgeflacht bzw. abgefast). \u00a0<\/span><\/p>\n<table cellspacing=\"11\">\n<tbody>\n<tr>\n<td align=\"center\" bgcolor=\"#CCCCCC\"><span style=\"font-size: small;\"><b>Tisch Plus<\/b><\/span><\/td>\n<td colspan=\"2\" align=\"center\" bgcolor=\"#CCCCCC\"><span style=\"font-size: small;\"><b>Tisch Open Top<\/b><\/span><\/td>\n<td align=\"center\" bgcolor=\"#CCCCCC\"><span style=\"font-size: small;\"><b>Tisch Pilot<\/b><\/span><\/td>\n<\/tr>\n<tr>\n<td align=\"center\"><img loading=\"lazy\" decoding=\"async\" src=\"https:\/\/www.moebel.org\/Bambusmoebel-Fotos-NEU\/tisch-wohnzimmer-wohnzimmertisch-plus-01_small.jpg\" alt=\"Bambusm\u00f6bel \/ Tische f\u00fcr Wohnzimmer aus Bambusrohr, Platte aus Glas mit Fassettenschliff ---&gt; www.bambusmoebel.at\" width=\"118\" height=\"113\" border=\"0\" \/><\/td>\n<td align=\"center\"><img loading=\"lazy\" decoding=\"async\" src=\"https:\/\/www.moebel.org\/Bambusmoebel-Fotos-NEU\/Tisch-Open-Top-hellerBambustisch-P1110847_FG_sm.jpg\" alt=\"Tisch aus Bambus und Glas\" width=\"181\" height=\"111\" border=\"0\" \/><\/td>\n<td align=\"center\"><img loading=\"lazy\" decoding=\"async\" src=\"https:\/\/www.moebel.org\/Bambusmoebel-Fotos-NEU\/Tisch-Bambus-Wohnzimmertisch-Open-Top-P1050836_sm.jpg\" width=\"127\" height=\"113\" border=\"0\" \/><\/td>\n<td align=\"center\"><img loading=\"lazy\" decoding=\"async\" src=\"https:\/\/www.moebel.org\/Bambusmoebel-Fotos-NEU\/tisch-wohnzimmer-pilot-2_small.jpg\" alt=\"Bambusm\u00f6bel \/ Tisch f\u00fcr Wohnzimmer aus Bambus, Glas mit Fassettenschliff ---&gt; www.bambusmoebel.at\" width=\"137\" height=\"113\" border=\"0\" \/><\/td>\n<\/tr>\n<tr>\n<td align=\"center\"><span style=\"font-size: small;\"><a title=\"Foto Bambustisch Plus\" href=\"https:\/\/www.moebel.org\/bambusmoebel-jpg-htm\/tisch-wohnzimmer-wohnzimmertisch-plus-01_kl.jpg.htm\" target=\"_blank\" rel=\"noopener\">Tisch Detail<\/a><\/span><\/td>\n<td colspan=\"2\" align=\"center\"><span style=\"font-size: small;\"><a title=\"Foto Bambustisch Pilot\" href=\"https:\/\/www.moebel.org\/bambusmoebel-jpg-htm\/Tisch-Bambus-Wohnzimmertisch-Open-Top.htm\" target=\"_blank\" rel=\"noopener\">Tisch Detail<\/a><\/span><\/td>\n<td align=\"center\"><span style=\"font-size: small;\"><a title=\"Foto Bambustisch Pilot\" href=\"https:\/\/www.moebel.org\/bambusmoebel-jpg-htm\/tisch-wohnzimmer-pilot-2_kl.jpg.htm\" target=\"_blank\" rel=\"noopener\">Tisch Detail<\/a><\/span><\/td>\n<\/tr>\n<\/tbody>\n<\/table>\n<p><span style=\"font-size: small;\">Vielseitig verwendbar, viele dieser Tische sind nicht nur Couchtische bzw. Beistelltische, sie sind mit Polsterung auch als Hocker verwendbar. Einsatzm\u00f6glichkeiten sind Wohnzimmer, G\u00e4stezimmer, Kinderzimmer und Winterg\u00e4rten im privaten Bereich, aber auch Hotels oder Thermen. Die Tische sind sehr flexibel in Form, Gr\u00f6\u00dfe, Farbe und Ausf\u00fchrung.<\/span><\/p>\n<table border=\"0\" cellspacing=\"9\" cellpadding=\"0\">\n<tbody>\n<tr>\n<td colspan=\"3\" align=\"center\"><span style=\"font-size: small;\"><b>Tisch News<\/b><\/span><\/td>\n<td align=\"center\"><span style=\"font-size: small;\"><b>Tisch \/ Hocker\u00a0 Dodo<\/b><\/span><\/td>\n<td align=\"center\"><span style=\"font-size: small;\"><b>Tisch \/ Hocker Rita<\/b><\/span><\/td>\n<\/tr>\n<tr>\n<td align=\"center\"><img loading=\"lazy\" decoding=\"async\" src=\"https:\/\/www.moebel.org\/Bambusmoebel-Fotos-NEU\/bambustisch-beistelltisch-mit-zwischenfach-und-glas_small.jpg\" alt=\"bambustisch beistelltisch mit zwischenfach und glas\" width=\"109\" height=\"113\" border=\"0\" \/><\/td>\n<td align=\"center\"><img loading=\"lazy\" decoding=\"async\" src=\"https:\/\/www.moebel.org\/Bambusmoebel-Fotos-NEU\/Bambustisch-Tisch-NEWS-BARU-quadratisch-P1110852_FG_sm.jpg\" alt=\"Tisch f\u00fcr Wohnzimmer oder Wintergarten\" width=\"104\" height=\"111\" border=\"0\" \/><\/td>\n<td align=\"center\"><img loading=\"lazy\" decoding=\"async\" src=\"https:\/\/www.moebel.org\/Bambusmoebel-Fotos-NEU\/Tische-aus-Bambus-NEWS-BARU-P1110859_FG_sm.jpg\" width=\"75\" height=\"111\" border=\"0\" \/><\/td>\n<td align=\"center\"><img loading=\"lazy\" decoding=\"async\" src=\"https:\/\/www.moebel.org\/Bambusmoebel-Fotos-NEU\/bambusmoebel-hocker-dodo-small.jpg\" alt=\"Tisch, Beistelltisch, Hocker DODO\" width=\"126\" height=\"113\" border=\"0\" \/><\/td>\n<td align=\"center\"><img loading=\"lazy\" decoding=\"async\" src=\"https:\/\/www.moebel.org\/Bambusmoebel-Fotos-NEU\/Beistelltisch-Fussablage-Couchtisch-RITA-P1110959_FG_sm.jpg\" width=\"133\" height=\"111\" border=\"0\" \/><\/td>\n<\/tr>\n<tr>\n<td colspan=\"3\" align=\"center\"><span style=\"font-size: small;\"><a title=\"Foto Bambustisch News\" href=\"https:\/\/www.moebel.org\/bambusmoebel-jpg-htm\/bambustisch-beistelltisch-mit-zwischenfach-und-glas.htm\" target=\"_blank\" rel=\"noopener\">Tisch Detail<\/a><\/span><\/td>\n<td align=\"center\"><span style=\"font-size: small;\"><a title=\"Foto Bambustisch News\" href=\"https:\/\/www.moebel.org\/bambusmoebel-jpg-htm\/tisch-beistelltisch-fussablage-DODO.htm\" target=\"_blank\" rel=\"noopener\">Tisch Detail<\/a><\/span><\/td>\n<td align=\"center\"><span style=\"font-size: small;\"><a title=\"Foto Bambustisch News\" href=\"https:\/\/www.moebel.org\/bambusmoebel-sitzmoebel-aus-bambus-hocker-fussablagen.htm\" target=\"_blank\" rel=\"noopener\">Tisch Detail<\/a><\/span><\/td>\n<\/tr>\n<\/tbody>\n<\/table>\n<p><span style=\"font-size: small;\">Sie haben wohl auch Freude an sch\u00f6nen Details, je nach Modell sind die meisten Glasplatten dieser Tische mit einem attraktiven Fassettenschliff versehen (abgeschr\u00e4gte und polierte Glaskanten), die Ecken sind bei manchen Modellen zus\u00e4tzlich auch noch abgeschr\u00e4gt oder elegant gerundet und die Tischplatten sind dadurch sehr sanft in der Form und optisch sehr elegant und ansehnlich.\u00a0<\/span><\/p>\n<table cellspacing=\"11\">\n<tbody>\n<tr>\n<td align=\"center\" bgcolor=\"#CCCCCC\"><span style=\"font-size: small;\"><b>Fassettenschliff auf Tischplatte<\/b><\/span><\/td>\n<\/tr>\n<tr>\n<td align=\"center\"><img loading=\"lazy\" decoding=\"async\" src=\"https:\/\/www.moebel.org\/Glas-Fassettenschliff-Rundung-Eck-Glasplatte-small.jpg\" alt=\"Fassette an der Kante der Glasplatte\" width=\"168\" height=\"111\" border=\"0\" \/><\/td>\n<\/tr>\n<tr>\n<td align=\"center\"><span style=\"font-size: small;\"><a title=\"Glas mit Fassettenschliff im Detail\" href=\"https:\/\/www.moebel.org\/Glas-Fassettenschliff-Rundung-Eck-Glasplatte-kl.jpg\" target=\"_blank\" rel=\"noopener\">Fassette Detail<\/a><\/span><\/td>\n<\/tr>\n<\/tbody>\n<\/table>\n<p><span style=\"font-size: small;\">Solche Details bei M\u00f6beln schaffen ein gem\u00fctliches Ambientem man sieht dass hier mit viel Liebe zum Material gearbeitet wird und das wirkt sich aus auf die Gesamtoptik. Weitere Bambusm\u00f6bel f\u00fcr den gesamten Wohnbereich und auch\u00a0<a href=\"https:\/\/www.moebel.org\/bambusmoebel_fuer_den_wintergarten.htm\" target=\"_top\">M\u00f6bel f\u00fcr Winterg\u00e4rten<\/a>\u00a0siehe Navigation oben! Mehr Fotos und Infos \u00fcber Sitzm\u00f6bel und Tische bitte auch per Email anfordern\u00a0<\/span><\/p>\n<p><span style=\"font-size: small;\">Die Seite f\u00fcr Wohnzimmertische in italienischer Sprache:\u00a0<img loading=\"lazy\" decoding=\"async\" src=\"https:\/\/www.moebel.org\/it.GIF\" alt=\"Wohnzimmertische italienisch \/ Italiano\" width=\"20\" height=\"12\" border=\"0\" \/>\u00a0<a title=\"Seite f\u00fcr Wohnzimmertische in italienischer Sprache - Tavoli da soggiorno e salotto\" href=\"https:\/\/www.moebel.org\/mobili-bambu-letti-bambu\/tavoli-da-soggiorno-salotto-in-bambu.htm\" target=\"_self\">Tavoli per soggiorno in bamb\u00fa<\/a>\u00a0<\/span><\/p>\n<table border=\"0\" cellspacing=\"3\" cellpadding=\"0\">\n<tbody>\n<tr>\n<td colspan=\"4\" bgcolor=\"#CCCCCC\">\n<p align=\"center\"><span style=\"font-size: xx-small;\">Copyright \u00a9 M\u00f6bel Mitter &#8211; design and more, A &#8211; 4710 Grieskirchen &amp; Tollet<\/span><\/p>\n<\/td>\n<\/tr>\n<tr>\n<td align=\"center\" bgcolor=\"#FFFFFF\">\n<p align=\"center\"><span style=\"font-size: xx-small;\"><a href=\"https:\/\/www.moebel.org\/wintergartenmoebel.htm\">Wintergartenm\u00f6bel<\/a>\u00a0<\/span><\/p>\n<\/td>\n<td align=\"center\" bgcolor=\"#FFFFFF\"><a href=\"http:\/\/www.bambusmoebel.at\/\"><span style=\"font-size: xx-small;\">bambusmoebel.at<\/span><\/a><\/td>\n<td align=\"center\" bgcolor=\"#FFFFFF\"><a href=\"https:\/\/www.moebel.org\/\" target=\"_top\"><span style=\"font-size: xx-small;\">moebel.org<\/span><\/a><\/td>\n<td align=\"center\" bgcolor=\"#FFFFFF\"><a href=\"http:\/\/www.moebel.co.at\/\" target=\"_top\"><span style=\"font-size: xx-small;\">moebel.co.at<\/span><\/a><\/td>\n<\/tr>\n<\/tbody>\n<\/table>\n<p align=\"center\"><span style=\"font-size: small;\">Unser Motto:\u00a0<b>Flexibel &#8211; preiswert &#8211; gut!<\/b><\/span><\/p>\n<p align=\"center\"><span style=\"font-size: xx-small;\">Tische aus Bambus, Glas und Rattan, Bambus-Design in einer Qualit\u00e4t die auch in Europa passt, formsch\u00f6ne und stabile Tische und andere Bambusm\u00f6bel, mit Liebe zum Detail und mit Leidenschaft gefertigt<\/span><\/p>\n<p align=\"center\">\n","protected":false},"excerpt":{"rendered":"<p>Bambusm\u00f6bel \/ Wohnzimmertische Wohnzimmer- und Wintergartenm\u00f6bel mit Charme und klassischer Eleganz,\u00a0Tische mit Glasplatten f\u00fcr Ihr Wohnzimmer oder Kinderzimmer, Hotelzimmer, Fremdenzimmer, G\u00e4stezimmer oder f\u00fcr den Wintergarten, elegante<span class=\"excerpt-hellip\"> [\u2026]<\/span><\/p>\n","protected":false},"author":1,"featured_media":0,"parent":0,"menu_order":0,"comment_status":"closed","ping_status":"closed","template":"","meta":{"ngg_post_thumbnail":0,"footnotes":""},"class_list":["post-401","page","type-page","status-publish","hentry"],"_links":{"self":[{"href":"https:\/\/www.moebel.org\/cms\/wp-json\/wp\/v2\/pages\/401","targetHints":{"allow":["GET"]}}],"collection":[{"href":"https:\/\/www.moebel.org\/cms\/wp-json\/wp\/v2\/pages"}],"about":[{"href":"https:\/\/www.moebel.org\/cms\/wp-json\/wp\/v2\/types\/page"}],"author":[{"embeddable":true,"href":"https:\/\/www.moebel.org\/cms\/wp-json\/wp\/v2\/users\/1"}],"replies":[{"embeddable":true,"href":"https:\/\/www.moebel.org\/cms\/wp-json\/wp\/v2\/comments?post=401"}],"version-history":[{"count":1,"href":"https:\/\/www.moebel.org\/cms\/wp-json\/wp\/v2\/pages\/401\/revisions"}],"predecessor-version":[{"id":403,"href":"https:\/\/www.moebel.org\/cms\/wp-json\/wp\/v2\/pages\/401\/revisions\/403"}],"wp:attachment":[{"href":"https:\/\/www.moebel.org\/cms\/wp-json\/wp\/v2\/media?parent=401"}],"curies":[{"name":"wp","href":"https:\/\/api.w.org\/{rel}","templated":true}]}}