{"id":392,"date":"2018-08-23T16:59:26","date_gmt":"2018-08-23T14:59:26","guid":{"rendered":"https:\/\/www.moebel.org\/cms\/?page_id=392"},"modified":"2018-08-23T16:59:26","modified_gmt":"2018-08-23T14:59:26","slug":"himmelbetten","status":"publish","type":"page","link":"https:\/\/www.moebel.org\/cms\/himmelbetten\/","title":{"rendered":"Himmelbetten"},"content":{"rendered":"<h1><b><span style=\"font-size: large;\">Himmelbetten aus Bambus<\/span><\/b><\/h1>\n<p><span style=\"font-size: small;\">Betten der besonderen Art, romantische Sch\u00f6nheiten f\u00fcr Ihr Schlafgemach oder f\u00fcr Hotelzimmer. Wir legen auch beim Himmelbett aus Bambus besonders viel Wert auf Stabilit\u00e4t, denn je h\u00f6her so ein Bettrahmen ist, desto mehr muss die Eckverbindung aushalten\u00a0<\/span><span class=\"734122214-01082005\"><span style=\"font-family: Verdana; font-size: small;\">(wegen\u00a0<\/span><\/span><span style=\"font-size: small;\">der\u00a0<\/span><span class=\"734122214-01082005\"><span style=\"font-family: Verdana; font-size: small;\">Hebelwirkung)<\/span><\/span><span style=\"font-size: small;\">. Wir haben daher bei den Himmelbetten an allen Ecken (auch oben) eine von au\u00dfen nicht sichtbare Schraubverbindung aus verzinktem Metall!\u00a0<\/span><\/p>\n<p><span style=\"font-size: small;\"><img loading=\"lazy\" decoding=\"async\" src=\"https:\/\/www.moebel.org\/gabelschluessel_knock_down_zerlegbar.jpg\" width=\"33\" height=\"9\" border=\"0\" \/>\u00a0Alle Betten sind zerlegbar (werden auch zerlegt geliefert)!<\/span><\/p>\n<p><span style=\"font-size: small;\">Besonders die\u00a0<\/span><span style=\"font-size: small;\">Eckverbindungen sind ja das Hauptkriterium f\u00fcr eine robuste Ausf\u00fchrung die sp\u00e4ter nicht wackelt, bricht oder quietscht. Die Wicklungen aus Rattan an den Ecken verleihen so einem Himmelbett zus\u00e4tzlich noch eine besondere Note aus der Natur.\u00a0<\/span><\/p>\n<table border=\"0\" width=\"645\" cellspacing=\"5\">\n<tbody>\n<tr>\n<td align=\"center\" width=\"425\"><a href=\"https:\/\/www.moebel.org\/bambusmoebel-jpg-htm\/bambusmoebel-himmelbett-aus-bambus-kl.jpg.htm\" target=\"_blank\" rel=\"noopener\"><img loading=\"lazy\" decoding=\"async\" src=\"https:\/\/www.moebel.org\/Bambusmoebel-Fotos-NEU\/bambusmoebel-himmelbett-aus-bambus-kl.jpg\" alt=\"Himmelbett aus Bambus, mit Vorhang\" width=\"425\" height=\"384\" longdesc=\"https:\/\/www.moebel.org\/Himmelbetten%20aus%20Bambus,%20mit%20Baldachin%20bzw.%20Himmel%20oder%20Vorhang\" border=\"0\" \/><\/a><\/td>\n<td align=\"center\" width=\"194\">\n<div align=\"center\">\n<table border=\"0\" cellspacing=\"3\" cellpadding=\"0\">\n<tbody>\n<tr>\n<td><a href=\"https:\/\/www.moebel.org\/Bambusmoebel-Fotos-NEU\/bambusmoebel-himmelbetten-aus-bambus-detail-ecke.jpg\" target=\"_blank\" rel=\"noopener\"><img loading=\"lazy\" decoding=\"async\" src=\"https:\/\/www.moebel.org\/Bambusmoebel-Fotos-NEU\/bambusmoebel-himmelbetten-aus-bambus-detail-ecke_small.jpg\" alt=\"Himmelbett Eckdetail (neues System)\" width=\"111\" height=\"113\" longdesc=\"https:\/\/www.moebel.org\/Kopfteil%20vom%20Himmelbetten%20aus%20Bambus\" border=\"0\" \/><\/a><\/td>\n<\/tr>\n<tr>\n<td>\n<p align=\"center\"><span style=\"font-family: Verdana; font-size: small;\"><a href=\"https:\/\/www.moebel.org\/Bambusmoebel-Fotos-NEU\/bambusmoebel-himmelbetten-aus-bambus-detail-ecke.jpg\" target=\"_blank\" rel=\"noopener\">Detail Himmelbett<\/a><\/span><\/p>\n<\/td>\n<\/tr>\n<\/tbody>\n<\/table>\n<\/div>\n<\/td>\n<\/tr>\n<tr>\n<td colspan=\"2\" align=\"center\" bgcolor=\"#6088a8\" width=\"629\"><span style=\"color: #ffffff; font-size: small;\">Himmelbett aus Bambus, inkl. Vorhang &#8211; verschiedene Ausf\u00fchrungen!<\/span><\/td>\n<\/tr>\n<tr>\n<td colspan=\"2\" align=\"center\" bgcolor=\"#6088a8\" width=\"629\"><span style=\"color: #ffffff; font-size: small;\">Komplett zerlegbar (wird auch zerlegt geliefert)<\/span><\/td>\n<\/tr>\n<tr>\n<td colspan=\"2\" align=\"center\" bgcolor=\"#6088a8\" width=\"629\"><span style=\"color: #ffffff; font-size: small;\">200 x 180 cm (oder auch andere Ma\u00dfe)<\/span><\/td>\n<\/tr>\n<\/tbody>\n<\/table>\n<hr size=\"1\" \/>\n<p align=\"center\"><span style=\"font-size: small;\">Lattenroste aus Bambus und Holz und Matratzen:<\/span><\/p>\n<div align=\"center\">\n<table border=\"0\" width=\"555\" cellspacing=\"5\" cellpadding=\"0\">\n<tbody>\n<tr>\n<td align=\"center\"><img loading=\"lazy\" decoding=\"async\" src=\"https:\/\/www.moebel.org\/Bambusmoebel-Fotos-NEU\/Lattenrost-Betteinsatz-aus-Bambus-1_small.jpg\" alt=\"Lattenrost aus Bambus\" width=\"239\" height=\"111\" longdesc=\"https:\/\/www.moebel.org\/Lattenroste%20aus%20Bambus%20f%C3%BCr%20Bambusbetten\" border=\"0\" \/><\/td>\n<td align=\"center\"><span style=\"font-size: small;\">In alle Himmelbetten passen hervorragend auch unsere\u00a0<a href=\"https:\/\/www.moebel.org\/bambusmoebel-jpg-htm\/Lattenrost-Betteinsatz-aus-Bambus-1_kl.jpg.htm\">Lattenroste \/ Betteins\u00e4tze aus Bambus<\/a>\u00a0(geeignet auch f\u00fcr normale Bambusbetten)<\/span><\/td>\n<\/tr>\n<tr>\n<td rowspan=\"2\" align=\"center\"><span style=\"font-size: small;\">Wir haben nat\u00fcrlich auch verschiedene\u00a0<a href=\"https:\/\/www.moebel.org\/matratzen\/Matratzen_01_2009\/index.php?=&amp;gal=1\">Lattenroste \/ Betteins\u00e4tze aus Holz<\/a>\u00a0und alle Varianten von\u00a0<a href=\"https:\/\/www.moebel.org\/matratzen\/Matratzen_01_2009\/\">Matratzen<\/a>)<\/span><\/td>\n<td align=\"center\"><img loading=\"lazy\" decoding=\"async\" src=\"https:\/\/www.moebel.org\/matratzen\/lattenroste-vorschaubild.jpg\" alt=\"Lattenrost aus Holz\" width=\"178\" height=\"111\" border=\"0\" \/><\/td>\n<\/tr>\n<tr>\n<td align=\"center\"><img loading=\"lazy\" decoding=\"async\" src=\"https:\/\/www.moebel.org\/matratzen\/matratzen-vorschaubild.jpg\" alt=\"Matratzen\" width=\"161\" height=\"111\" border=\"0\" \/><\/td>\n<\/tr>\n<\/tbody>\n<\/table>\n<\/div>\n<p align=\"center\"><span style=\"font-size: small;\">Weitere, zu so einem Himmelbett passende Einrichtungsgegenst\u00e4nde:<\/span><\/p>\n<div align=\"center\">\n<table border=\"0\" width=\"555\" cellspacing=\"5\" cellpadding=\"0\">\n<tbody>\n<tr>\n<td align=\"center\"><img loading=\"lazy\" decoding=\"async\" src=\"http:\/\/www.moebel-bambusbetten.de\/bambusschrank-mit-vorhang-01-small.jpg\" alt=\"Regal mit Vorhang, Schrank\" width=\"103\" height=\"111\" border=\"0\" \/><\/td>\n<td align=\"center\">\n<p align=\"center\"><span style=\"font-size: small;\">Zu den Himmelbetten\u00a0<a title=\"Bambusregal mit Vorhang\" href=\"http:\/\/www.moebel-bambusbetten.de\/bambusschrank-mit-vorhang-a.htm\" target=\"_blank\" rel=\"noopener\">passendes Regal, Schrank mit Vorhang<\/a>\u00a0aus Bambus (passt auch im Wohnzimmer gut)<\/span><\/p>\n<\/td>\n<\/tr>\n<tr>\n<td align=\"center\"><span style=\"font-size: small;\">Stauraum gefragt? Hier finden Sie passende\u00a0<\/span><a href=\"https:\/\/www.moebel.org\/bambusschrank-schrank-aus-bambus.htm\"><span style=\"font-size: small;\">Schr\u00e4nke und Kommoden<\/span><\/a><span style=\"font-size: small;\">, als Schlafzimmerm\u00f6bel und als M\u00f6bel f\u00fcr alle anderen R\u00e4ume in Ihrem trauten Heim.<\/span><\/td>\n<td align=\"center\"><img decoding=\"async\" src=\"https:\/\/www.moebel.org\/Bambusmoebel-Fotos-NEU\/bambusschrank-bambuskommode-laden-laci-tiga-60_small.jpg\" alt=\"Kommode aus Bambus\" border=\"0\" \/><\/td>\n<\/tr>\n<tr>\n<td align=\"center\"><img decoding=\"async\" src=\"https:\/\/www.moebel.org\/Bambusmoebel-Fotos-NEU\/nachtkaestchen-schwarzer-bambus-lade-bananenblatt-02_small.jpg\" alt=\"Nachtk\u00e4stchen, schwarzer Bambus\" border=\"0\" \/><\/td>\n<td align=\"center\"><span style=\"font-size: small;\">F\u00fcr Kontraste: Schwarzer Bambus mit Geflecht aus Bananenblatt, gr\u00f6\u00dfere\u00a0<\/span><a href=\"https:\/\/www.moebel.org\/bambusschrank-schrank-aus-bambus.htm\"><span style=\"font-size: small;\">K\u00e4sten und Nachtk\u00e4stchen<\/span><\/a><span style=\"font-size: small;\">\u00a0f\u00fcr Schlafzimmer, G\u00e4stezimmer oder Kinderzimmer<\/span><\/td>\n<\/tr>\n<\/tbody>\n<\/table>\n<\/div>\n<p align=\"center\"><span style=\"font-size: small;\">Noch ein paar\u00a0<b>Details zur Himmelbett-Konstruktion:<\/b>\u00a0Bei den Eckverbindungen, bei der Verarbeitung sowie beim Lack sind auch auch bei den Himmelbetten aus Bambusrohr die gr\u00f6\u00dften Unterschiede zu billigen Betten. Unsere Himmelbetten k\u00f6nnen Sie &#8211; wie alle unsere Bambusbetten &#8211; auch problemlos wieder zerlegen und wo anders wieder aufbauen (das ist wichtig beim Renovieren oder beim \u00dcbersiedeln). Daher unsere\u00a0<u>Warnung<\/u>: H\u00e4nde weg von Steckverbindungen mit\u00a0<\/span><span style=\"font-family: Verdana; font-size: small;\">Stiften aus Holz oder Bambus (\u00e4hnlich gro\u00dfen Zahnstochern<\/span><span style=\"font-size: small;\"><span style=\"font-family: Verdana;\">). So ein Mist wird vielfach (oft sehr billig) angeboten, taugt aber nichts.\u00a0<\/span><\/span><\/p>\n<p align=\"center\"><span style=\"font-size: small;\"><b>Verwendung f\u00fcr Wasserbetten:\u00a0<\/b>Diese Himmelbetten sind &#8211; wie alle unsere Bambusbetten &#8211; nicht nur f\u00fcr klassische Matratzen (Kaltschaum, Latex, Federkern, &#8230;) verwendbar, sie sind auch als\u00a0<u>Umrandung f\u00fcr Wasserbetten<\/u>\u00a0optimal. Die Innenlichte von diesen Himmelbetten ist genormt (wie auch die Matratzen) und Sie brauchen bei der Bestellung lediglich das Ma\u00df von Ihrem Wasserbett, bzw. das von den Matratzen angeben. Wir haben alle L\u00e4ngen und Breiten im Programm, lagernd ist in der Regel das Bett mit 180 x 200 cm (B x L), aber auch andere Ma\u00dfe.\u00a0<\/span><\/p>\n<p align=\"center\"><span style=\"font-size: small;\">Im\u00a0<b>Hotelzimmer<\/b>\u00a0macht sich so ein Himmelbett auch sehr gut (z. B. in einem Romantikhotel), wir fertigen auf Wunsch auch Bambusbetten in anderer Form und Ausf\u00fchrung und auch alle sonstigen M\u00f6bel nach Ma\u00df, Plan oder Skizze<\/span><span style=\"font-size: small;\">.\u00a0<\/span><\/p>\n<table border=\"0\" cellspacing=\"5\" cellpadding=\"0\">\n<tbody>\n<tr>\n<td align=\"center\">\n<p align=\"center\"><span style=\"font-family: Verdana; font-size: small;\"><b>|<\/b><\/span><\/p>\n<\/td>\n<td align=\"center\">\n<p align=\"center\"><a href=\"https:\/\/www.moebel.org\/bambusmoebel.htm\" target=\"_top\"><span style=\"font-family: Verdana; font-size: small;\">\u00dcbersicht Bambusm\u00f6bel<\/span><\/a><\/p>\n<\/td>\n<td align=\"center\"><span style=\"font-family: Verdana; font-size: small;\"><b>|<\/b><\/span><\/td>\n<td align=\"center\">\n<p align=\"center\"><a href=\"https:\/\/www.moebel.org\/kontakt.htm\" target=\"_top\"><span style=\"font-family: Verdana; font-size: small;\">Kontakt<\/span><\/a><\/p>\n<\/td>\n<td align=\"center\">\n<p align=\"center\"><span style=\"font-family: Verdana; font-size: small;\"><b>|<\/b><\/span><\/p>\n<\/td>\n<\/tr>\n<\/tbody>\n<\/table>\n<hr size=\"1\" \/>\n<p align=\"center\"><span style=\"font-size: small;\">Alle lieferbaren Ma\u00dfe bei\u00a0<\/span><span style=\"font-size: small;\"><a href=\"https:\/\/www.moebel.org\/bambusbetten.htm\" target=\"_top\">Bambusbetten<\/a>\u00a0<\/span><span style=\"font-size: small;\">und\u00a0<a href=\"https:\/\/www.moebel.org\/himmelbetten.htm\" target=\"_top\">Himmelbetten<\/a>\u00a0aus Bambus siehe\u00a0<\/span><a href=\"https:\/\/www.moebel.org\/bambus-preise.htm\" target=\"_blank\" rel=\"noopener\"><span style=\"font-family: Verdana; font-size: small;\">Preisliste Bambusm\u00f6bel<\/span><\/a><span style=\"font-size: small;\">. Lattenroste aus Bambus sind immer extra zu bestellen, bei breiten Betten sind die Lattenroste in der Regel geteilt bzw. sind 2 Stk. zu bestellen (Beispiel: 2 Stk. mit 90 x 200 cm f\u00fcr ein Bett mit 180 x 200 cm). Auch Matratzen sind optional, Sie k\u00f6nnen nat\u00fcrlich auch Wasserbetten (Wassermatratzen) in so ein Himmelbett stellen. Der Rahmen aus Bambus ist genormt (siehe Preisliste der Betten und Himmelbetten), genau so wie ein Wasserbett genormt ist.<\/span><\/p>\n<table border=\"0\" width=\"443\" cellspacing=\"5\" cellpadding=\"0\">\n<tbody>\n<tr>\n<td align=\"center\" width=\"429\"><span style=\"font-size: small;\">Die Seite f\u00fcr Himmelbetten in italienischer Sprache:\u00a0<img loading=\"lazy\" decoding=\"async\" src=\"https:\/\/www.moebel.org\/it.GIF\" alt=\"Italienisch \/ Italiano\" width=\"20\" height=\"12\" border=\"0\" \/><\/span><\/td>\n<\/tr>\n<tr>\n<td align=\"center\" width=\"429\"><span style=\"font-size: small;\"><a title=\"Letti in bamb\u00fa, letti a baldacchino\" href=\"https:\/\/www.moebel.org\/mobili-bambu-letti-bambu\/letti-letto-a-baldacchino-in-bambu.htm\" target=\"_self\">Letti a baldacchino<\/a><\/span><\/td>\n<\/tr>\n<\/tbody>\n<\/table>\n<p><span style=\"font-size: small;\">Copyright \u00a9 Manfred Mitter,\u00a0<a href=\"https:\/\/www.moebel.org\/\" target=\"_top\">M\u00f6bel<\/a>\u00a0f\u00fcr innen und au\u00dfen,\u00a0<a href=\"https:\/\/www.moebel.org\/bambus-accessoires.htm\" target=\"_top\">Accessoires<\/a>\u00a0und\u00a0<a href=\"https:\/\/www.moebel.org\/geschenkartikel-dekoration-kunst-kultur-indonesien-bali.htm\">Geschenkartikel<\/a>, 4710 Grieskirchen. Unser Motto:\u00a0<b>Flexibel &#8211; preiswert &#8211; gut!\u00a0<\/b><\/span><span style=\"font-size: small;\">Design in guter Qualit\u00e4t, sehr stabile Himmelbetten zu guten Preisen<\/span><\/p>\n<p class=\"auto-style1\">Engl.: four-poster bed or canopy bed made of bamboo (also called &#8220;tester bed&#8221;)<\/p>\n<p>&nbsp;<\/p>\n","protected":false},"excerpt":{"rendered":"<p>Himmelbetten aus Bambus Betten der besonderen Art, romantische Sch\u00f6nheiten f\u00fcr Ihr Schlafgemach oder f\u00fcr Hotelzimmer. Wir legen auch beim Himmelbett aus Bambus besonders viel Wert auf<span class=\"excerpt-hellip\"> [\u2026]<\/span><\/p>\n","protected":false},"author":1,"featured_media":0,"parent":0,"menu_order":0,"comment_status":"closed","ping_status":"closed","template":"","meta":{"ngg_post_thumbnail":0,"footnotes":""},"class_list":["post-392","page","type-page","status-publish","hentry"],"_links":{"self":[{"href":"https:\/\/www.moebel.org\/cms\/wp-json\/wp\/v2\/pages\/392","targetHints":{"allow":["GET"]}}],"collection":[{"href":"https:\/\/www.moebel.org\/cms\/wp-json\/wp\/v2\/pages"}],"about":[{"href":"https:\/\/www.moebel.org\/cms\/wp-json\/wp\/v2\/types\/page"}],"author":[{"embeddable":true,"href":"https:\/\/www.moebel.org\/cms\/wp-json\/wp\/v2\/users\/1"}],"replies":[{"embeddable":true,"href":"https:\/\/www.moebel.org\/cms\/wp-json\/wp\/v2\/comments?post=392"}],"version-history":[{"count":1,"href":"https:\/\/www.moebel.org\/cms\/wp-json\/wp\/v2\/pages\/392\/revisions"}],"predecessor-version":[{"id":394,"href":"https:\/\/www.moebel.org\/cms\/wp-json\/wp\/v2\/pages\/392\/revisions\/394"}],"wp:attachment":[{"href":"https:\/\/www.moebel.org\/cms\/wp-json\/wp\/v2\/media?parent=392"}],"curies":[{"name":"wp","href":"https:\/\/api.w.org\/{rel}","templated":true}]}}