{"id":3911,"date":"2021-03-27T15:40:34","date_gmt":"2021-03-27T14:40:34","guid":{"rendered":"https:\/\/www.moebel.org\/cms\/?page_id=3911"},"modified":"2021-03-30T09:37:36","modified_gmt":"2021-03-30T07:37:36","slug":"kinositze-theatersitze-mod-lex","status":"publish","type":"page","link":"https:\/\/www.moebel.org\/cms\/kinositze-theatersitze-mod-lex\/","title":{"rendered":"Kinositze, Theatersitze Mod. &#8220;LEX&#8221;"},"content":{"rendered":"\n<p>Sitze f\u00fcr Kino, Theater und Sport (Sitze f\u00fcr den Business-Bereich und VIP-Bereich im Stadion)<br>Kinositze, Theatersitze <font size=\"5\"> <strong>Mod. &#8220;LEX&#8221;<\/strong> <\/font><\/p>\n\n\n\n<p> <font size=\"4\"> <strong><u><a href=\"https:\/\/www.moebel.org\/stuehle-sessel-fuer-kinos-theater-saalbestuhlung.htm\">Zur\u00fcck<\/a><\/u><\/strong><\/font> zur alten Seite (HTML \u00dcbersicht)  <\/p>\n\n\n\nngg_shortcode_0_placeholder\n\n\n\n<p><strong>Accessoires<\/strong> und <strong>Optionen<\/strong> f\u00fcr diese Kinositze<\/p>\n\n\n\nngg_shortcode_1_placeholder\n\n\n\n<p><font size=\"4\"> <strong><u><a href=\"https:\/\/www.moebel.org\/stuehle-sessel-fuer-kinos-theater-saalbestuhlung.htm\">Zur\u00fcck<\/a><\/u><\/strong><\/font> zur alten Seite (HTML \u00dcbersicht) <\/p>\n","protected":false},"excerpt":{"rendered":"<p>Sitze f\u00fcr Kino, Theater und Sport (Sitze f\u00fcr den Business-Bereich und VIP-Bereich im Stadion)Kinositze, Theatersitze Mod. &#8220;LEX&#8221; Zur\u00fcck zur alten Seite (HTML \u00dcbersicht) Accessoires und Optionen<span class=\"excerpt-hellip\"> [\u2026]<\/span><\/p>\n","protected":false},"author":1,"featured_media":0,"parent":0,"menu_order":0,"comment_status":"closed","ping_status":"closed","template":"","meta":{"ngg_post_thumbnail":0,"footnotes":""},"class_list":["post-3911","page","type-page","status-publish","hentry"],"_links":{"self":[{"href":"https:\/\/www.moebel.org\/cms\/wp-json\/wp\/v2\/pages\/3911","targetHints":{"allow":["GET"]}}],"collection":[{"href":"https:\/\/www.moebel.org\/cms\/wp-json\/wp\/v2\/pages"}],"about":[{"href":"https:\/\/www.moebel.org\/cms\/wp-json\/wp\/v2\/types\/page"}],"author":[{"embeddable":true,"href":"https:\/\/www.moebel.org\/cms\/wp-json\/wp\/v2\/users\/1"}],"replies":[{"embeddable":true,"href":"https:\/\/www.moebel.org\/cms\/wp-json\/wp\/v2\/comments?post=3911"}],"version-history":[{"count":28,"href":"https:\/\/www.moebel.org\/cms\/wp-json\/wp\/v2\/pages\/3911\/revisions"}],"predecessor-version":[{"id":4195,"href":"https:\/\/www.moebel.org\/cms\/wp-json\/wp\/v2\/pages\/3911\/revisions\/4195"}],"wp:attachment":[{"href":"https:\/\/www.moebel.org\/cms\/wp-json\/wp\/v2\/media?parent=3911"}],"curies":[{"name":"wp","href":"https:\/\/api.w.org\/{rel}","templated":true}]}}