{"id":1249,"date":"2019-07-07T15:18:40","date_gmt":"2019-07-07T13:18:40","guid":{"rendered":"https:\/\/www.moebel.org\/cms\/?page_id=1249"},"modified":"2019-07-08T09:43:52","modified_gmt":"2019-07-08T07:43:52","slug":"dekore-fuer-wetterfeste-tischplatten","status":"publish","type":"page","link":"https:\/\/www.moebel.org\/cms\/dekore-fuer-wetterfeste-tischplatten\/","title":{"rendered":"Dekore f\u00fcr wetterfeste Tischplatten"},"content":{"rendered":"\n<h2 class=\"wp-block-heading\">Dekore f\u00fcr wetterfeste und wasserfeste Tischplatten (Outdoor-Tischplatten)<\/h2>\n\n\n\n<p>Bitte w\u00e4hlen Sie aus den einzelnen Kategorien<\/p>\n\n\n\n<hr class=\"wp-block-separator is-style-wide\"\/>\n\n\n\n<ul class=\"wp-block-list\"><li><strong> Holzdekore: <\/strong><\/li><\/ul>\n\n\n\nngg_shortcode_0_placeholder\n\n\n\n<hr class=\"wp-block-separator is-style-wide\"\/>\n\n\n\n<ul class=\"wp-block-list\"><li><strong>Steindekore<\/strong><\/li><\/ul>\n\n\n\nngg_shortcode_1_placeholder\n\n\n\n<hr class=\"wp-block-separator is-style-wide\"\/>\n\n\n\n<ul class=\"wp-block-list\"><li><strong> Dekore mit Muster, Rand in Farbe:&nbsp; <\/strong><\/li><\/ul>\n\n\n\nngg_shortcode_2_placeholder\n\n\n\n<hr class=\"wp-block-separator is-style-wide\"\/>\n\n\n\n<ul class=\"wp-block-list\"><li><strong>Dekore Serie &#8220;Design&#8221;: <\/strong><\/li><\/ul>\n\n\n\nngg_shortcode_3_placeholder\n\n\n\n<hr class=\"wp-block-separator is-style-wide\"\/>\n\n\n\n<ul class=\"wp-block-list\"><li><strong>Uni-Farben, einfarbige Dekore<\/strong><\/li><\/ul>\n\n\n\nngg_shortcode_4_placeholder\n\n\n\n<hr class=\"wp-block-separator is-style-wide\"\/>\n\n\n\n<ul class=\"wp-block-list\"><li><strong>Logotischplatten<\/strong><\/li><\/ul>\n\n\n\n<p>Tischplatten mit Firmenlogo<\/p>\n\n\n\nngg_shortcode_5_placeholder\n\n\n\n<p style=\"text-align:center\" class=\"has-medium-font-size\"><a href=\"https:\/\/www.moebel.org\/\" target=\"_blank\" rel=\"noreferrer noopener\" aria-label=\"Zur\u00fcck zur alten Seite (\u00f6ffnet in neuem Tab)\">Zur\u00fcck zur alten Seite<\/a><\/p>\n\n\n\n<hr class=\"wp-block-separator is-style-wide\"\/>\n\n\n\n<p>Wir liefern Tische f\u00fcr innen und au\u00dfen, wetterfeste Tischplatten und&nbsp;Gartenm\u00f6bel&nbsp;sowie&nbsp;Tischgestelle ohne Platten in alle Bundesl\u00e4nder in \u00d6sterreich und in die Nachbarl\u00e4nder Deutschland, Schweiz, Italien und Liechtenstein und auf Anfrage (bzgl. Transportkosten) auch in die anderen L\u00e4nder weltweit. Outdoor-M\u00f6bel von Mitter &#8211; design and more<\/p>\n","protected":false},"excerpt":{"rendered":"<p>Dekore f\u00fcr wetterfeste und wasserfeste Tischplatten (Outdoor-Tischplatten) Bitte w\u00e4hlen Sie aus den einzelnen Kategorien Holzdekore: Steindekore Dekore mit Muster, Rand in Farbe:&nbsp; Dekore Serie &#8220;Design&#8221;: Uni-Farben,<span class=\"excerpt-hellip\"> [\u2026]<\/span><\/p>\n","protected":false},"author":1,"featured_media":0,"parent":0,"menu_order":0,"comment_status":"closed","ping_status":"closed","template":"","meta":{"ngg_post_thumbnail":0,"footnotes":""},"class_list":["post-1249","page","type-page","status-publish","hentry"],"_links":{"self":[{"href":"https:\/\/www.moebel.org\/cms\/wp-json\/wp\/v2\/pages\/1249","targetHints":{"allow":["GET"]}}],"collection":[{"href":"https:\/\/www.moebel.org\/cms\/wp-json\/wp\/v2\/pages"}],"about":[{"href":"https:\/\/www.moebel.org\/cms\/wp-json\/wp\/v2\/types\/page"}],"author":[{"embeddable":true,"href":"https:\/\/www.moebel.org\/cms\/wp-json\/wp\/v2\/users\/1"}],"replies":[{"embeddable":true,"href":"https:\/\/www.moebel.org\/cms\/wp-json\/wp\/v2\/comments?post=1249"}],"version-history":[{"count":43,"href":"https:\/\/www.moebel.org\/cms\/wp-json\/wp\/v2\/pages\/1249\/revisions"}],"predecessor-version":[{"id":1415,"href":"https:\/\/www.moebel.org\/cms\/wp-json\/wp\/v2\/pages\/1249\/revisions\/1415"}],"wp:attachment":[{"href":"https:\/\/www.moebel.org\/cms\/wp-json\/wp\/v2\/media?parent=1249"}],"curies":[{"name":"wp","href":"https:\/\/api.w.org\/{rel}","templated":true}]}}